{"id":5402,"date":"2020-10-16T01:47:14","date_gmt":"2020-10-16T01:47:14","guid":{"rendered":"https:\/\/huume-staging.albaconnect.com\/about-us\/"},"modified":"2022-03-11T16:51:52","modified_gmt":"2022-03-11T16:51:52","slug":"per-ne","status":"publish","type":"page","link":"https:\/\/huumenatural.com\/sq\/per-ne\/","title":{"rendered":"P\u00ebr Ne"},"content":{"rendered":"\t\t<div data-elementor-type=\"wp-page\" data-elementor-id=\"5402\" class=\"elementor elementor-5402\">\n\t\t\t\t\t\t<div class=\"elementor-section elementor-top-section elementor-element elementor-element-e703731 elementor-section-full_width elementor-section-height-min-height elementor-section-stretched elementor-section-height-default elementor-section-items-middle\" data-id=\"e703731\" data-element_type=\"section\" data-settings=\"{&quot;stretch_section&quot;:&quot;section-stretched&quot;,&quot;background_background&quot;:&quot;classic&quot;}\">\n\t\t\t\t\t\t\t<div class=\"elementor-background-overlay\"><\/div>\n\t\t\t\t\t\t\t<div class=\"elementor-container elementor-column-gap-default\">\n\t\t\t\t\t<div class=\"elementor-column elementor-col-100 elementor-top-column elementor-element elementor-element-5e4553b\" data-id=\"5e4553b\" data-element_type=\"column\" data-settings=\"{&quot;background_background&quot;:&quot;classic&quot;}\">\n\t\t\t<div class=\"elementor-widget-wrap elementor-element-populated\">\n\t\t\t\t\t\t<div class=\"elementor-element elementor-element-8709991 elementor-widget elementor-widget-heading\" data-id=\"8709991\" data-element_type=\"widget\" data-widget_type=\"heading.default\">\n\t\t\t\t<div class=\"elementor-widget-container\">\n\t\t\t<style>\/*! elementor - v3.21.0 - 26-05-2024 *\/\n.elementor-heading-title{padding:0;margin:0;line-height:1}.elementor-widget-heading .elementor-heading-title[class*=elementor-size-]>a{color:inherit;font-size:inherit;line-height:inherit}.elementor-widget-heading .elementor-heading-title.elementor-size-small{font-size:15px}.elementor-widget-heading .elementor-heading-title.elementor-size-medium{font-size:19px}.elementor-widget-heading .elementor-heading-title.elementor-size-large{font-size:29px}.elementor-widget-heading .elementor-heading-title.elementor-size-xl{font-size:39px}.elementor-widget-heading .elementor-heading-title.elementor-size-xxl{font-size:59px}<\/style><h1 class=\"elementor-heading-title elementor-size-default\">Rreth HUUM\u00eb<\/h1>\t\t<\/div>\n\t\t\t\t<\/div>\n\t\t\t\t\t<\/div>\n\t\t<\/div>\n\t\t\t\t\t<\/div>\n\t\t<\/div>\n\t\t\t\t<div class=\"elementor-section elementor-top-section elementor-element elementor-element-da6b22f elementor-section-content-middle elementor-section-stretched elementor-section-boxed elementor-section-height-default elementor-section-height-default\" data-id=\"da6b22f\" data-element_type=\"section\" data-settings=\"{&quot;stretch_section&quot;:&quot;section-stretched&quot;}\">\n\t\t\t\t\t\t<div class=\"elementor-container elementor-column-gap-no\">\n\t\t\t\t\t<div class=\"elementor-column elementor-col-33 elementor-top-column elementor-element elementor-element-9575e96 elementor-invisible\" data-id=\"9575e96\" data-element_type=\"column\" data-settings=\"{&quot;animation&quot;:&quot;fadeInUp&quot;,&quot;animation_delay&quot;:300}\">\n\t\t\t<div class=\"elementor-widget-wrap elementor-element-populated\">\n\t\t\t\t\t\t<div class=\"elementor-element elementor-element-501edfa elementor-widget elementor-widget-heading\" data-id=\"501edfa\" data-element_type=\"widget\" data-widget_type=\"heading.default\">\n\t\t\t\t<div class=\"elementor-widget-container\">\n\t\t\t<h2 class=\"elementor-heading-title elementor-size-default\">Historiku<\/h2>\t\t<\/div>\n\t\t\t\t<\/div>\n\t\t\t\t<div class=\"elementor-element elementor-element-b105edf elementor-widget elementor-widget-text-editor\" data-id=\"b105edf\" data-element_type=\"widget\" data-widget_type=\"text-editor.default\">\n\t\t\t\t<div class=\"elementor-widget-container\">\n\t\t\t<style>\/*! elementor - v3.21.0 - 26-05-2024 *\/\n.elementor-widget-text-editor.elementor-drop-cap-view-stacked .elementor-drop-cap{background-color:#69727d;color:#fff}.elementor-widget-text-editor.elementor-drop-cap-view-framed .elementor-drop-cap{color:#69727d;border:3px solid;background-color:transparent}.elementor-widget-text-editor:not(.elementor-drop-cap-view-default) .elementor-drop-cap{margin-top:8px}.elementor-widget-text-editor:not(.elementor-drop-cap-view-default) .elementor-drop-cap-letter{width:1em;height:1em}.elementor-widget-text-editor .elementor-drop-cap{float:left;text-align:center;line-height:1;font-size:50px}.elementor-widget-text-editor .elementor-drop-cap-letter{display:inline-block}<\/style>\t\t\t\t<p>HUUM\u00eb \u00ebsht\u00eb nj\u00eb kompani e specializuar n\u00eb prodhimin e produkteve t\u00eb kujdesit t\u00eb l\u00ebkur\u00ebs t\u00eb punuar me dor\u00eb p\u00ebrmes p\u00ebrdorimit t\u00eb p\u00ebrb\u00ebr\u00ebsve plot\u00ebsisht natyral\u00eb, me burim t\u00eb q\u00ebndruesh\u00ebm.<\/p><p>Origjina e emrit t\u00eb kompanis\u00eb son\u00eb rrjedh nga p\u00ebrb\u00ebr\u00ebsi yn\u00eb kryesor, argjila e gjelb\u00ebrt, e cila n\u00eb gjuh\u00ebn shqipe njihet edhe si &#8220;hum\u00eb&#8221;. Meqen\u00ebse shkronja &#8220;u&#8221; zgjatet pak kur e shqiptojm\u00eb termin, vendos\u00ebm t&#8217;i japim theksit fonetik nj\u00eb paraqitje vizuale duke shtuar nj\u00eb &#8220;u&#8221; t\u00eb dyt\u00eb, gj\u00eb q\u00eb p\u00ebrfundimisht na b\u00ebri t\u00eb em\u00ebrtojm\u00eb kompanin\u00eb ton\u00eb si\u00e7 \u00ebsht\u00eb sot.<\/p>\t\t\t\t\t\t<\/div>\n\t\t\t\t<\/div>\n\t\t\t\t\t<\/div>\n\t\t<\/div>\n\t\t\t\t<div class=\"elementor-column elementor-col-33 elementor-top-column elementor-element elementor-element-e2a0559 elementor-invisible\" data-id=\"e2a0559\" data-element_type=\"column\" data-settings=\"{&quot;animation&quot;:&quot;fadeInUp&quot;,&quot;animation_delay&quot;:300}\">\n\t\t\t<div class=\"elementor-widget-wrap elementor-element-populated\">\n\t\t\t\t\t\t<div class=\"elementor-element elementor-element-3e7bab6 elementor-widget elementor-widget-heading\" data-id=\"3e7bab6\" data-element_type=\"widget\" data-widget_type=\"heading.default\">\n\t\t\t\t<div class=\"elementor-widget-container\">\n\t\t\t<h2 class=\"elementor-heading-title elementor-size-default\">Rrug\u00ebtimi<span style=\"color: var(--site-heading-color); font-family: var( --e-global-typography-secondary-font-family ), Sans-serif; font-size: 2.1rem; font-weight: var( --e-global-typography-secondary-font-weight ); background-color: var(--site-bg-color);\"><\/span><br><\/h2>\t\t<\/div>\n\t\t\t\t<\/div>\n\t\t\t\t<div class=\"elementor-element elementor-element-0f3285d elementor-widget elementor-widget-text-editor\" data-id=\"0f3285d\" data-element_type=\"widget\" data-widget_type=\"text-editor.default\">\n\t\t\t\t<div class=\"elementor-widget-container\">\n\t\t\t\t\t\t\t<p>Nga nj\u00eb tavolin\u00eb e vog\u00ebl kuzhine, vendos\u00ebm t\u00eb nisnim udh\u00ebtimin ton\u00eb t\u00eb frym\u00ebzuar nga nj\u00eb vizion p\u00ebr t\u00eb bashkuar traditat e kaluara me trendet moderne t\u00eb sotit, me synimin p\u00ebr t\u00eb nd\u00ebrtuar nj\u00eb brend nd\u00ebrkomb\u00ebtar i cili inkurajon nj\u00eb qasje m\u00eb t\u00eb sh\u00ebndetshme ndaj kujdesit personal.<\/p><p>Fillimisht rrug\u00ebtimin ton\u00eb e kemi filluar me produktin ton\u00eb t\u00eb par\u00eb, sapunin p\u00ebr flok\u00eb me argjil\u00eb t\u00eb gjelb\u00ebrt (hum\u00eb). Me kalimin e koh\u00ebs, ne gradualisht dhe vazhdimisht e kemi zgjeruar gam\u00ebn ton\u00eb, duke ofruar nj\u00eb p\u00ebrzgjedhje t\u00eb gjer\u00eb t\u00eb llojeve t\u00eb ndryshme t\u00eb produkteve, t\u00eb p\u00ebrshtatura p\u00ebr tipet dhe shqet\u00ebsimet e ndryshme t\u00eb l\u00ebkur\u00ebs dhe flokut.<\/p>\t\t\t\t\t\t<\/div>\n\t\t\t\t<\/div>\n\t\t\t\t\t<\/div>\n\t\t<\/div>\n\t\t\t\t<div class=\"elementor-column elementor-col-33 elementor-top-column elementor-element elementor-element-c19b057 elementor-invisible\" data-id=\"c19b057\" data-element_type=\"column\" data-settings=\"{&quot;animation&quot;:&quot;fadeInUp&quot;,&quot;animation_delay&quot;:300}\">\n\t\t\t<div class=\"elementor-widget-wrap elementor-element-populated\">\n\t\t\t\t\t\t<div class=\"elementor-element elementor-element-5b7bd98 elementor-widget elementor-widget-heading\" data-id=\"5b7bd98\" data-element_type=\"widget\" data-widget_type=\"heading.default\">\n\t\t\t\t<div class=\"elementor-widget-container\">\n\t\t\t<h2 class=\"elementor-heading-title elementor-size-default\">Premtimi<\/h2>\t\t<\/div>\n\t\t\t\t<\/div>\n\t\t\t\t<div class=\"elementor-element elementor-element-5d4608a elementor-widget elementor-widget-text-editor\" data-id=\"5d4608a\" data-element_type=\"widget\" data-widget_type=\"text-editor.default\">\n\t\t\t\t<div class=\"elementor-widget-container\">\n\t\t\t\t\t\t\t<p>Ne besojm\u00eb n\u00eb shfryt\u00ebzimin e fuqis\u00eb s\u00eb natyr\u00ebs p\u00ebrmes p\u00ebrdorimit t\u00eb p\u00ebrb\u00ebr\u00ebsve plot\u00ebsisht natyral, p\u00ebr t\u00eb prodhuar nj\u00eb gam\u00eb t\u00eb gjer\u00eb produktesh t\u00eb sh\u00ebndetsh\u00ebm p\u00ebr kujdesin e l\u00ebkur\u00ebs dhe flokut.<\/p><p>Sot, m\u00eb shum\u00eb se kurr\u00eb, ne mbetemi t\u00eb p\u00ebrkushtuar ndaj zanatit ton\u00eb, duke zgjeruar vazhdimisht gam\u00ebn e produkteve t\u00eb formulara me p\u00ebrb\u00ebr\u00ebsit m\u00eb cil\u00ebsore. <br \/>Ne jemi gjithashtu t\u00eb vendosur q\u00eb n\u00eb t\u00eb ardhmen e af\u00ebrt t\u00eb kalojm\u00eb plot\u00ebsisht n\u00eb paketimin eko-miq\u00ebsor n\u00eb t\u00eb gjitha produktet tona.<\/p>\t\t\t\t\t\t<\/div>\n\t\t\t\t<\/div>\n\t\t\t\t\t<\/div>\n\t\t<\/div>\n\t\t\t\t\t<\/div>\n\t\t<\/div>\n\t\t\t\t<div class=\"elementor-section elementor-top-section elementor-element elementor-element-21a7748 elementor-section-boxed elementor-section-height-default elementor-section-height-default\" data-id=\"21a7748\" data-element_type=\"section\">\n\t\t\t\t\t\t<div class=\"elementor-container elementor-column-gap-default\">\n\t\t\t\t\t<div class=\"elementor-column elementor-col-100 elementor-top-column elementor-element elementor-element-774e407\" data-id=\"774e407\" data-element_type=\"column\">\n\t\t\t<div class=\"elementor-widget-wrap elementor-element-populated\">\n\t\t\t\t\t\t<div class=\"elementor-element elementor-element-1322bf5 elementor-widget elementor-widget-video\" data-id=\"1322bf5\" data-element_type=\"widget\" data-settings=\"{&quot;youtube_url&quot;:&quot;https:\\\/\\\/www.youtube.com\\\/watch?v=ExP3_9SPS1k&quot;,&quot;loop&quot;:&quot;yes&quot;,&quot;lazy_load&quot;:&quot;yes&quot;,&quot;show_image_overlay&quot;:&quot;yes&quot;,&quot;image_overlay&quot;:{&quot;url&quot;:&quot;https:\\\/\\\/huumenatural.com\\\/wp-content\\\/uploads\\\/huume-arberore-riza-rel-thumbnail.jpg&quot;,&quot;id&quot;:4565,&quot;size&quot;:&quot;&quot;,&quot;alt&quot;:&quot;Arb\\u00ebrore Riza nga HUUM\\u00eb n\\u00eb Radio Evropa e Lir\\u00eb&quot;,&quot;source&quot;:&quot;library&quot;},&quot;video_type&quot;:&quot;youtube&quot;,&quot;controls&quot;:&quot;yes&quot;}\" data-widget_type=\"video.default\">\n\t\t\t\t<div class=\"elementor-widget-container\">\n\t\t\t<style>\/*! elementor - v3.21.0 - 26-05-2024 *\/\n.elementor-widget-video .elementor-widget-container{overflow:hidden;transform:translateZ(0)}.elementor-widget-video .elementor-wrapper{aspect-ratio:var(--video-aspect-ratio)}.elementor-widget-video .elementor-wrapper iframe,.elementor-widget-video .elementor-wrapper video{height:100%;width:100%;display:flex;border:none;background-color:#000}@supports not (aspect-ratio:1\/1){.elementor-widget-video .elementor-wrapper{position:relative;overflow:hidden;height:0;padding-bottom:calc(100% \/ var(--video-aspect-ratio))}.elementor-widget-video .elementor-wrapper iframe,.elementor-widget-video .elementor-wrapper video{position:absolute;top:0;right:0;bottom:0;left:0}}.elementor-widget-video .elementor-open-inline .elementor-custom-embed-image-overlay{position:absolute;top:0;right:0;bottom:0;left:0;background-size:cover;background-position:50%}.elementor-widget-video .elementor-custom-embed-image-overlay{cursor:pointer;text-align:center}.elementor-widget-video .elementor-custom-embed-image-overlay:hover .elementor-custom-embed-play i{opacity:1}.elementor-widget-video .elementor-custom-embed-image-overlay img{display:block;width:100%;aspect-ratio:var(--video-aspect-ratio);-o-object-fit:cover;object-fit:cover;-o-object-position:center center;object-position:center center}@supports not (aspect-ratio:1\/1){.elementor-widget-video .elementor-custom-embed-image-overlay{position:relative;overflow:hidden;height:0;padding-bottom:calc(100% \/ var(--video-aspect-ratio))}.elementor-widget-video .elementor-custom-embed-image-overlay img{position:absolute;top:0;right:0;bottom:0;left:0}}.elementor-widget-video .e-hosted-video .elementor-video{-o-object-fit:cover;object-fit:cover}.e-con-inner>.elementor-widget-video,.e-con>.elementor-widget-video{width:var(--container-widget-width);--flex-grow:var(--container-widget-flex-grow)}<\/style>\t\t<div class=\"elementor-wrapper elementor-open-inline\">\n\t\t\t<div class=\"elementor-video\"><\/div>\t\t\t\t<div class=\"elementor-custom-embed-image-overlay\" style=\"background-image: url(https:\/\/huumenatural.com\/wp-content\/uploads\/huume-arberore-riza-rel-thumbnail.jpg);\">\n\t\t\t\t\t\t\t\t\t\t\t\t\t\t\t\t<div class=\"elementor-custom-embed-play\" role=\"button\" aria-label=\"Play Video about Arb\u00ebrore Riza nga HUUM\u00eb n\u00eb Radio Evropa e Lir\u00eb\" tabindex=\"0\">\n\t\t\t\t\t\t\t<i aria-hidden=\"true\" class=\"eicon-play\"><\/i>\t\t\t\t\t\t\t<span class=\"elementor-screen-only\">Play Video about Arb\u00ebrore Riza nga HUUM\u00eb n\u00eb Radio Evropa e Lir\u00eb<\/span>\n\t\t\t\t\t\t<\/div>\n\t\t\t\t\t\t\t\t\t<\/div>\n\t\t\t\t\t<\/div>\n\t\t\t\t<\/div>\n\t\t\t\t<\/div>\n\t\t\t\t\t<\/div>\n\t\t<\/div>\n\t\t\t\t\t<\/div>\n\t\t<\/div>\n\t\t\t\t<\/div>\n\t\t","protected":false},"excerpt":{"rendered":"<p>Rreth HUUM\u00eb Historiku HUUM\u00eb \u00ebsht\u00eb nj\u00eb kompani e specializuar n\u00eb prodhimin e produkteve t\u00eb kujdesit t\u00eb l\u00ebkur\u00ebs t\u00eb punuar me dor\u00eb p\u00ebrmes p\u00ebrdorimit t\u00eb p\u00ebrb\u00ebr\u00ebsve plot\u00ebsisht natyral\u00eb, me burim t\u00eb q\u00ebndruesh\u00ebm. Origjina e emrit t\u00eb kompanis\u00eb son\u00eb rrjedh nga p\u00ebrb\u00ebr\u00ebsi yn\u00eb kryesor, argjila e gjelb\u00ebrt, e cila n\u00eb gjuh\u00ebn shqipe njihet edhe si &#8220;hum\u00eb&#8221;. Meqen\u00ebse shkronja &#8220;u&#8221; zgjatet pak kur\u2026<\/p>\n","protected":false},"author":3,"featured_media":0,"parent":0,"menu_order":0,"comment_status":"closed","ping_status":"closed","template":"","meta":{"footnotes":""},"class_list":["post-5402","page","type-page","status-publish","hentry"],"aioseo_notices":[],"_links":{"self":[{"href":"https:\/\/huumenatural.com\/sq\/wp-json\/wp\/v2\/pages\/5402","targetHints":{"allow":["GET"]}}],"collection":[{"href":"https:\/\/huumenatural.com\/sq\/wp-json\/wp\/v2\/pages"}],"about":[{"href":"https:\/\/huumenatural.com\/sq\/wp-json\/wp\/v2\/types\/page"}],"author":[{"embeddable":true,"href":"https:\/\/huumenatural.com\/sq\/wp-json\/wp\/v2\/users\/3"}],"replies":[{"embeddable":true,"href":"https:\/\/huumenatural.com\/sq\/wp-json\/wp\/v2\/comments?post=5402"}],"version-history":[{"count":12,"href":"https:\/\/huumenatural.com\/sq\/wp-json\/wp\/v2\/pages\/5402\/revisions"}],"predecessor-version":[{"id":5904,"href":"https:\/\/huumenatural.com\/sq\/wp-json\/wp\/v2\/pages\/5402\/revisions\/5904"}],"wp:attachment":[{"href":"https:\/\/huumenatural.com\/sq\/wp-json\/wp\/v2\/media?parent=5402"}],"curies":[{"name":"wp","href":"https:\/\/api.w.org\/{rel}","templated":true}]}}