{"id":5420,"date":"2022-01-29T13:35:14","date_gmt":"2022-01-29T13:35:14","guid":{"rendered":"https:\/\/huume-staging.albaconnect.com\/delivery-information\/"},"modified":"2022-03-07T00:38:12","modified_gmt":"2022-03-07T00:38:12","slug":"informata-per-dergesat","status":"publish","type":"page","link":"https:\/\/huumenatural.com\/sq\/informata-per-dergesat\/","title":{"rendered":"Informata p\u00ebr d\u00ebrgesat"},"content":{"rendered":"\t\t<div data-elementor-type=\"wp-page\" data-elementor-id=\"5420\" class=\"elementor elementor-5420\">\n\t\t\t\t\t\t<div class=\"elementor-section elementor-top-section elementor-element elementor-element-4b5cd5bd elementor-section-stretched elementor-section-full_width elementor-section-height-min-height elementor-section-content-middle elementor-section-height-default elementor-section-items-middle\" data-id=\"4b5cd5bd\" data-element_type=\"section\" data-settings=\"{&quot;stretch_section&quot;:&quot;section-stretched&quot;,&quot;background_background&quot;:&quot;classic&quot;}\">\n\t\t\t\t\t\t<div class=\"elementor-container elementor-column-gap-no\">\n\t\t\t\t\t<div class=\"elementor-column elementor-col-100 elementor-top-column elementor-element elementor-element-694d540\" data-id=\"694d540\" data-element_type=\"column\">\n\t\t\t<div class=\"elementor-widget-wrap elementor-element-populated\">\n\t\t\t\t\t\t<div class=\"elementor-section elementor-inner-section elementor-element elementor-element-1049ecca elementor-section-boxed elementor-section-height-default elementor-section-height-default\" data-id=\"1049ecca\" data-element_type=\"section\">\n\t\t\t\t\t\t<div class=\"elementor-container elementor-column-gap-extended\">\n\t\t\t\t\t<div class=\"elementor-column elementor-col-100 elementor-inner-column elementor-element elementor-element-636abfd9\" data-id=\"636abfd9\" data-element_type=\"column\" data-settings=\"{&quot;background_background&quot;:&quot;classic&quot;}\">\n\t\t\t<div class=\"elementor-widget-wrap elementor-element-populated\">\n\t\t\t\t\t<div class=\"elementor-background-overlay\"><\/div>\n\t\t\t\t\t\t<div class=\"elementor-element elementor-element-86a63e4 elementor-widget elementor-widget-heading\" data-id=\"86a63e4\" data-element_type=\"widget\" data-widget_type=\"heading.default\">\n\t\t\t\t<div class=\"elementor-widget-container\">\n\t\t\t<style>\/*! elementor - v3.21.0 - 26-05-2024 *\/\n.elementor-heading-title{padding:0;margin:0;line-height:1}.elementor-widget-heading .elementor-heading-title[class*=elementor-size-]>a{color:inherit;font-size:inherit;line-height:inherit}.elementor-widget-heading .elementor-heading-title.elementor-size-small{font-size:15px}.elementor-widget-heading .elementor-heading-title.elementor-size-medium{font-size:19px}.elementor-widget-heading .elementor-heading-title.elementor-size-large{font-size:29px}.elementor-widget-heading .elementor-heading-title.elementor-size-xl{font-size:39px}.elementor-widget-heading .elementor-heading-title.elementor-size-xxl{font-size:59px}<\/style><h1 class=\"elementor-heading-title elementor-size-default\">Informata p\u00ebr d\u00ebrgesat<\/h1>\t\t<\/div>\n\t\t\t\t<\/div>\n\t\t\t\t\t<\/div>\n\t\t<\/div>\n\t\t\t\t\t<\/div>\n\t\t<\/div>\n\t\t\t\t\t<\/div>\n\t\t<\/div>\n\t\t\t\t\t<\/div>\n\t\t<\/div>\n\t\t\t\t<div class=\"elementor-section elementor-top-section elementor-element elementor-element-a68892f elementor-section-boxed elementor-section-height-default elementor-section-height-default\" data-id=\"a68892f\" data-element_type=\"section\">\n\t\t\t\t\t\t<div class=\"elementor-container elementor-column-gap-default\">\n\t\t\t\t\t<div class=\"elementor-column elementor-col-100 elementor-top-column elementor-element elementor-element-545fab00\" data-id=\"545fab00\" data-element_type=\"column\">\n\t\t\t<div class=\"elementor-widget-wrap elementor-element-populated\">\n\t\t\t\t\t\t<div class=\"elementor-element elementor-element-71365d6e elementor-widget elementor-widget-text-editor\" data-id=\"71365d6e\" data-element_type=\"widget\" data-widget_type=\"text-editor.default\">\n\t\t\t\t<div class=\"elementor-widget-container\">\n\t\t\t<style>\/*! elementor - v3.21.0 - 26-05-2024 *\/\n.elementor-widget-text-editor.elementor-drop-cap-view-stacked .elementor-drop-cap{background-color:#69727d;color:#fff}.elementor-widget-text-editor.elementor-drop-cap-view-framed .elementor-drop-cap{color:#69727d;border:3px solid;background-color:transparent}.elementor-widget-text-editor:not(.elementor-drop-cap-view-default) .elementor-drop-cap{margin-top:8px}.elementor-widget-text-editor:not(.elementor-drop-cap-view-default) .elementor-drop-cap-letter{width:1em;height:1em}.elementor-widget-text-editor .elementor-drop-cap{float:left;text-align:center;line-height:1;font-size:50px}.elementor-widget-text-editor .elementor-drop-cap-letter{display:inline-block}<\/style>\t\t\t\t<p>Ka nj\u00eb tarif\u00eb d\u00ebrgese prej 2.00 Euro p\u00ebr porosit\u00eb n\u00ebn vler\u00ebn 19.99 Euro. Nd\u00ebrsa, porosit\u00eb prej 19.99 Euro ose m\u00eb shum\u00eb, kualifikohen p\u00ebr transport FALAS n\u00eb Kosov\u00eb.<\/p><p>Porosit\u00eb d\u00ebrgohen brenda 3 dit\u00ebve t\u00eb pun\u00ebs n\u00eb Kosov\u00eb (duke mos p\u00ebrfshir\u00eb dit\u00ebn kur \u00ebsht\u00eb b\u00ebr\u00eb porosia, t\u00eb dielave dhe festat bankare).<\/p><p><strong>V\u00ebrejtje:<\/strong> Ne gjithmon\u00eb p\u00ebrpiqemi t\u00eb b\u00ebjm\u00eb \u00e7mos q\u00eb t&#8217;i paketojm\u00eb produktet tona me kujdes t\u00eb madh p\u00ebr t&#8217;i mbrojtur ato gjat\u00eb procesit t\u00eb dor\u00ebzimit. Megjithat\u00eb, sapo porosit\u00eb t\u00eb largohen nga lokali yn\u00eb dhe t\u00eb dalin p\u00ebr dor\u00ebzim nga sh\u00ebrbimi postal, \u00ebsht\u00eb e v\u00ebshtir\u00eb t\u00eb dihet se si trajtohen ato.<\/p><p>P\u00ebr m\u00eb tep\u00ebr, shum\u00eb nga produktet tona jan\u00eb b\u00ebr\u00eb me vajra, gjalp\u00eb, dhe dyll\u00eb, q\u00eb DO t\u00eb shkrihen n\u00ebse mbahen dhe ruhen n\u00eb temperatura t\u00eb larta. Prandaj, ju lutemi t\u00eb vini re kur b\u00ebni porosi, sepse n\u00ebse porosia juaj q\u00ebndron n\u00eb nj\u00eb kuti postare t\u00eb nxeht\u00eb ose n\u00eb ndonj\u00eb mjedis tjet\u00ebr t\u00eb nxeht\u00eb \u2013 ve\u00e7an\u00ebrisht n\u00ebse porosia juaj \u00ebsht\u00eb n\u00eb kontakt direkte me rrezet e diellit, ne garantojm\u00eb q\u00eb produktet tuaja do t\u00eb shkrihen.<\/p>\t\t\t\t\t\t<\/div>\n\t\t\t\t<\/div>\n\t\t\t\t\t<\/div>\n\t\t<\/div>\n\t\t\t\t\t<\/div>\n\t\t<\/div>\n\t\t\t\t<\/div>\n\t\t","protected":false},"excerpt":{"rendered":"<p>Informata p\u00ebr d\u00ebrgesat Ka nj\u00eb tarif\u00eb d\u00ebrgese prej 2.00 Euro p\u00ebr porosit\u00eb n\u00ebn vler\u00ebn 19.99 Euro. Nd\u00ebrsa, porosit\u00eb prej 19.99 Euro ose m\u00eb shum\u00eb, kualifikohen p\u00ebr transport FALAS n\u00eb Kosov\u00eb. Porosit\u00eb d\u00ebrgohen brenda 3 dit\u00ebve t\u00eb pun\u00ebs n\u00eb Kosov\u00eb (duke mos p\u00ebrfshir\u00eb dit\u00ebn kur \u00ebsht\u00eb b\u00ebr\u00eb porosia, t\u00eb dielave dhe festat bankare). V\u00ebrejtje: Ne gjithmon\u00eb p\u00ebrpiqemi t\u00eb b\u00ebjm\u00eb \u00e7mos q\u00eb\u2026<\/p>\n","protected":false},"author":1,"featured_media":0,"parent":0,"menu_order":0,"comment_status":"closed","ping_status":"closed","template":"elementor_header_footer","meta":{"footnotes":""},"class_list":["post-5420","page","type-page","status-publish","hentry"],"aioseo_notices":[],"_links":{"self":[{"href":"https:\/\/huumenatural.com\/sq\/wp-json\/wp\/v2\/pages\/5420","targetHints":{"allow":["GET"]}}],"collection":[{"href":"https:\/\/huumenatural.com\/sq\/wp-json\/wp\/v2\/pages"}],"about":[{"href":"https:\/\/huumenatural.com\/sq\/wp-json\/wp\/v2\/types\/page"}],"author":[{"embeddable":true,"href":"https:\/\/huumenatural.com\/sq\/wp-json\/wp\/v2\/users\/1"}],"replies":[{"embeddable":true,"href":"https:\/\/huumenatural.com\/sq\/wp-json\/wp\/v2\/comments?post=5420"}],"version-history":[{"count":8,"href":"https:\/\/huumenatural.com\/sq\/wp-json\/wp\/v2\/pages\/5420\/revisions"}],"predecessor-version":[{"id":5760,"href":"https:\/\/huumenatural.com\/sq\/wp-json\/wp\/v2\/pages\/5420\/revisions\/5760"}],"wp:attachment":[{"href":"https:\/\/huumenatural.com\/sq\/wp-json\/wp\/v2\/media?parent=5420"}],"curies":[{"name":"wp","href":"https:\/\/api.w.org\/{rel}","templated":true}]}}