{"id":5468,"date":"2022-01-29T13:27:52","date_gmt":"2022-01-29T13:27:52","guid":{"rendered":"https:\/\/huume-staging.albaconnect.com\/refund-and-returns-policy\/"},"modified":"2022-03-09T19:01:08","modified_gmt":"2022-03-09T19:01:08","slug":"politikat-e-rimbursimit-kthimit","status":"publish","type":"page","link":"https:\/\/huumenatural.com\/sq\/politikat-e-rimbursimit-kthimit\/","title":{"rendered":"Politika e Rimbursimit dhe Kthimit"},"content":{"rendered":"\t\t<div data-elementor-type=\"wp-page\" data-elementor-id=\"5468\" class=\"elementor elementor-5468\">\n\t\t\t\t\t\t<div class=\"elementor-section elementor-top-section elementor-element elementor-element-6d9c70ad elementor-section-stretched elementor-section-full_width elementor-section-height-min-height elementor-section-content-middle elementor-section-height-default elementor-section-items-middle\" data-id=\"6d9c70ad\" data-element_type=\"section\" data-settings=\"{&quot;stretch_section&quot;:&quot;section-stretched&quot;,&quot;background_background&quot;:&quot;classic&quot;}\">\n\t\t\t\t\t\t<div class=\"elementor-container elementor-column-gap-no\">\n\t\t\t\t\t<div class=\"elementor-column elementor-col-100 elementor-top-column elementor-element elementor-element-1e78a4c5\" data-id=\"1e78a4c5\" data-element_type=\"column\">\n\t\t\t<div class=\"elementor-widget-wrap elementor-element-populated\">\n\t\t\t\t\t\t<div class=\"elementor-section elementor-inner-section elementor-element elementor-element-9178461 elementor-section-boxed elementor-section-height-default elementor-section-height-default\" data-id=\"9178461\" data-element_type=\"section\">\n\t\t\t\t\t\t<div class=\"elementor-container elementor-column-gap-extended\">\n\t\t\t\t\t<div class=\"elementor-column elementor-col-100 elementor-inner-column elementor-element elementor-element-7af1f318\" data-id=\"7af1f318\" data-element_type=\"column\" data-settings=\"{&quot;background_background&quot;:&quot;classic&quot;}\">\n\t\t\t<div class=\"elementor-widget-wrap elementor-element-populated\">\n\t\t\t\t\t<div class=\"elementor-background-overlay\"><\/div>\n\t\t\t\t\t\t<div class=\"elementor-element elementor-element-4772ba74 elementor-widget elementor-widget-heading\" data-id=\"4772ba74\" data-element_type=\"widget\" data-widget_type=\"heading.default\">\n\t\t\t\t<div class=\"elementor-widget-container\">\n\t\t\t<style>\/*! elementor - v3.21.0 - 26-05-2024 *\/\n.elementor-heading-title{padding:0;margin:0;line-height:1}.elementor-widget-heading .elementor-heading-title[class*=elementor-size-]>a{color:inherit;font-size:inherit;line-height:inherit}.elementor-widget-heading .elementor-heading-title.elementor-size-small{font-size:15px}.elementor-widget-heading .elementor-heading-title.elementor-size-medium{font-size:19px}.elementor-widget-heading .elementor-heading-title.elementor-size-large{font-size:29px}.elementor-widget-heading .elementor-heading-title.elementor-size-xl{font-size:39px}.elementor-widget-heading .elementor-heading-title.elementor-size-xxl{font-size:59px}<\/style><h1 class=\"elementor-heading-title elementor-size-default\">Politika e Rimbursimit &amp; Kthimit <\/h1>\t\t<\/div>\n\t\t\t\t<\/div>\n\t\t\t\t\t<\/div>\n\t\t<\/div>\n\t\t\t\t\t<\/div>\n\t\t<\/div>\n\t\t\t\t\t<\/div>\n\t\t<\/div>\n\t\t\t\t\t<\/div>\n\t\t<\/div>\n\t\t\t\t<div class=\"elementor-section elementor-top-section elementor-element elementor-element-7bd49a25 elementor-section-boxed elementor-section-height-default elementor-section-height-default\" data-id=\"7bd49a25\" data-element_type=\"section\">\n\t\t\t\t\t\t<div class=\"elementor-container elementor-column-gap-default\">\n\t\t\t\t\t<div class=\"elementor-column elementor-col-100 elementor-top-column elementor-element elementor-element-674e30fa\" data-id=\"674e30fa\" data-element_type=\"column\">\n\t\t\t<div class=\"elementor-widget-wrap elementor-element-populated\">\n\t\t\t\t\t\t<div class=\"elementor-element elementor-element-2ad7df4c elementor-widget elementor-widget-text-editor\" data-id=\"2ad7df4c\" data-element_type=\"widget\" data-widget_type=\"text-editor.default\">\n\t\t\t\t<div class=\"elementor-widget-container\">\n\t\t\t<style>\/*! elementor - v3.21.0 - 26-05-2024 *\/\n.elementor-widget-text-editor.elementor-drop-cap-view-stacked .elementor-drop-cap{background-color:#69727d;color:#fff}.elementor-widget-text-editor.elementor-drop-cap-view-framed .elementor-drop-cap{color:#69727d;border:3px solid;background-color:transparent}.elementor-widget-text-editor:not(.elementor-drop-cap-view-default) .elementor-drop-cap{margin-top:8px}.elementor-widget-text-editor:not(.elementor-drop-cap-view-default) .elementor-drop-cap-letter{width:1em;height:1em}.elementor-widget-text-editor .elementor-drop-cap{float:left;text-align:center;line-height:1;font-size:50px}.elementor-widget-text-editor .elementor-drop-cap-letter{display:inline-block}<\/style>\t\t\t\t<h2>Rimbursimet dhe kthimet<\/h2>\n<p>P\u00ebr shkak t\u00eb natyr\u00ebs s\u00eb produkteve tona, fatkeq\u00ebsisht ne nuk mund t\u00eb pranojm\u00eb shk\u00ebmbime apo kthime pasi porosia juaj t\u00eb dor\u00ebzohet, dhe nuk ofrojm\u00eb rimbursime sepse nuk ju p\u00eblqen aroma ose jeni alergjik ndaj nj\u00eb p\u00ebrb\u00ebr\u00ebsi. Ne shfaqim t\u00eb gjith\u00eb p\u00ebrb\u00ebr\u00ebsit e p\u00ebrdorur p\u00ebr \u00e7do produkt n\u00eb paketimet tona, prandaj ju lutemi sigurohuni q\u00eb ta lexoni me kujdes p\u00ebrpara se t\u00eb b\u00ebni nj\u00eb porosi.<\/p>\n<p>N\u00ebse ka nj\u00eb problem legjitim me porosin\u00eb tuaj, prioriteti yn\u00eb \u00ebsht\u00eb ta rregullojm\u00eb at\u00eb, ndaj ju lutemi mos hezitoni t\u00eb na kontaktoni brenda 14 dit\u00ebve nga blerja juaj dhe me k\u00ebnaq\u00ebsi ne ju asistojm\u00eb m\u00eb tutje.<\/p>\n<h2>Keni nevoj\u00eb p\u00ebr ndihm\u00eb?<\/h2>\n<p>Ju lutemi na kontaktoni n<span style=\"background-color: var(--site-bg-color); color: var(--site-text-color); font-family: var( --e-global-typography-text-font-family ), Sans-serif; font-size: var( --e-global-typography-text-font-size ); font-weight: var( --e-global-typography-text-font-weight );\">\u00eb<\/span><span style=\"font-size: inherit; background-color: var(--site-bg-color); color: var(--site-text-color); font-family: var( --e-global-typography-text-font-family ), Sans-serif; font-weight: var( --e-global-typography-text-font-weight );\">&nbsp;<\/span><u style=\"font-size: inherit; background-color: var(--site-bg-color); color: var(--site-text-color); font-family: var( --e-global-typography-text-font-family ), Sans-serif; font-weight: var( --e-global-typography-text-font-weight );\">info@huumenatural.com<\/u><span style=\"font-size: inherit; background-color: var(--site-bg-color); color: var(--site-text-color); font-family: var( --e-global-typography-text-font-family ), Sans-serif; font-weight: var( --e-global-typography-text-font-weight );\">&nbsp;p<\/span><span style=\"background-color: var(--site-bg-color); color: var(--site-text-color); font-family: var( --e-global-typography-text-font-family ), Sans-serif; font-size: var( --e-global-typography-text-font-size ); font-weight: var( --e-global-typography-text-font-weight );\">\u00ebr pyetje n<\/span><span style=\"background-color: var(--site-bg-color); color: var(--site-text-color); font-family: var( --e-global-typography-text-font-family ), Sans-serif; font-size: var( --e-global-typography-text-font-size ); font-weight: var( --e-global-typography-text-font-weight );\">\u00eb lidhje me nj<\/span><span style=\"background-color: var(--site-bg-color); color: var(--site-text-color); font-family: var( --e-global-typography-text-font-family ), Sans-serif; font-size: var( --e-global-typography-text-font-size ); font-weight: var( --e-global-typography-text-font-weight );\">\u00eb&nbsp;<\/span><span style=\"font-size: var( --e-global-typography-text-font-size ); color: var(--site-text-color); font-family: var( --e-global-typography-text-font-family ), Sans-serif; font-weight: var( --e-global-typography-text-font-weight ); background-color: var(--site-bg-color);\">porosi<\/span><span style=\"font-size: var( --e-global-typography-text-font-size ); color: var(--site-text-color); font-family: var( --e-global-typography-text-font-family ), Sans-serif; font-weight: var( --e-global-typography-text-font-weight ); background-color: var(--site-bg-color);\">&nbsp;egzistuese, transport, ose ndonj<\/span><span style=\"background-color: var(--site-bg-color); color: var(--site-text-color); font-family: var( --e-global-typography-text-font-family ), Sans-serif; font-size: var( --e-global-typography-text-font-size ); font-weight: var( --e-global-typography-text-font-weight );\">\u00eb gj<\/span><span style=\"background-color: var(--site-bg-color); color: var(--site-text-color); font-family: var( --e-global-typography-text-font-family ), Sans-serif; font-size: var( --e-global-typography-text-font-size ); font-weight: var( --e-global-typography-text-font-weight );\">\u00eb tjet<\/span><span style=\"background-color: var(--site-bg-color); color: var(--site-text-color); font-family: var( --e-global-typography-text-font-family ), Sans-serif; font-size: var( --e-global-typography-text-font-size ); font-weight: var( --e-global-typography-text-font-weight );\">\u00ebr.<\/span><\/p>\t\t\t\t\t\t<\/div>\n\t\t\t\t<\/div>\n\t\t\t\t\t<\/div>\n\t\t<\/div>\n\t\t\t\t\t<\/div>\n\t\t<\/div>\n\t\t\t\t<\/div>\n\t\t","protected":false},"excerpt":{"rendered":"<p>Politika e Rimbursimit &amp; Kthimit Rimbursimet dhe kthimet P\u00ebr shkak t\u00eb natyr\u00ebs s\u00eb produkteve tona, fatkeq\u00ebsisht ne nuk mund t\u00eb pranojm\u00eb shk\u00ebmbime apo kthime pasi porosia juaj t\u00eb dor\u00ebzohet, dhe nuk ofrojm\u00eb rimbursime sepse nuk ju p\u00eblqen aroma ose jeni alergjik ndaj nj\u00eb p\u00ebrb\u00ebr\u00ebsi. Ne shfaqim t\u00eb gjith\u00eb p\u00ebrb\u00ebr\u00ebsit e p\u00ebrdorur p\u00ebr \u00e7do produkt n\u00eb paketimet tona, prandaj ju lutemi\u2026<\/p>\n","protected":false},"author":1,"featured_media":0,"parent":0,"menu_order":0,"comment_status":"closed","ping_status":"closed","template":"elementor_header_footer","meta":{"footnotes":""},"class_list":["post-5468","page","type-page","status-publish","hentry"],"aioseo_notices":[],"_links":{"self":[{"href":"https:\/\/huumenatural.com\/sq\/wp-json\/wp\/v2\/pages\/5468","targetHints":{"allow":["GET"]}}],"collection":[{"href":"https:\/\/huumenatural.com\/sq\/wp-json\/wp\/v2\/pages"}],"about":[{"href":"https:\/\/huumenatural.com\/sq\/wp-json\/wp\/v2\/types\/page"}],"author":[{"embeddable":true,"href":"https:\/\/huumenatural.com\/sq\/wp-json\/wp\/v2\/users\/1"}],"replies":[{"embeddable":true,"href":"https:\/\/huumenatural.com\/sq\/wp-json\/wp\/v2\/comments?post=5468"}],"version-history":[{"count":14,"href":"https:\/\/huumenatural.com\/sq\/wp-json\/wp\/v2\/pages\/5468\/revisions"}],"predecessor-version":[{"id":5862,"href":"https:\/\/huumenatural.com\/sq\/wp-json\/wp\/v2\/pages\/5468\/revisions\/5862"}],"wp:attachment":[{"href":"https:\/\/huumenatural.com\/sq\/wp-json\/wp\/v2\/media?parent=5468"}],"curies":[{"name":"wp","href":"https:\/\/api.w.org\/{rel}","templated":true}]}}