{"id":5484,"date":"2022-01-29T13:36:38","date_gmt":"2022-01-29T13:36:38","guid":{"rendered":"https:\/\/huume-staging.albaconnect.com\/terms-and-conditions\/"},"modified":"2022-03-07T00:39:10","modified_gmt":"2022-03-07T00:39:10","slug":"kushtet-e-perdorimit","status":"publish","type":"page","link":"https:\/\/huumenatural.com\/sq\/kushtet-e-perdorimit\/","title":{"rendered":"Kushtet e P\u00ebrdorimit"},"content":{"rendered":"\t\t<div data-elementor-type=\"wp-page\" data-elementor-id=\"5484\" class=\"elementor elementor-5484\">\n\t\t\t\t\t\t<div class=\"elementor-section elementor-top-section elementor-element elementor-element-621fc76e elementor-section-stretched elementor-section-full_width elementor-section-height-min-height elementor-section-content-middle elementor-section-height-default elementor-section-items-middle\" data-id=\"621fc76e\" data-element_type=\"section\" data-settings=\"{&quot;stretch_section&quot;:&quot;section-stretched&quot;,&quot;background_background&quot;:&quot;classic&quot;}\">\n\t\t\t\t\t\t<div class=\"elementor-container elementor-column-gap-no\">\n\t\t\t\t\t<div class=\"elementor-column elementor-col-100 elementor-top-column elementor-element elementor-element-654f079c\" data-id=\"654f079c\" data-element_type=\"column\">\n\t\t\t<div class=\"elementor-widget-wrap elementor-element-populated\">\n\t\t\t\t\t\t<div class=\"elementor-section elementor-inner-section elementor-element elementor-element-3c0d27b2 elementor-section-boxed elementor-section-height-default elementor-section-height-default\" data-id=\"3c0d27b2\" data-element_type=\"section\">\n\t\t\t\t\t\t<div class=\"elementor-container elementor-column-gap-extended\">\n\t\t\t\t\t<div class=\"elementor-column elementor-col-100 elementor-inner-column elementor-element elementor-element-249cbd2a\" data-id=\"249cbd2a\" data-element_type=\"column\" data-settings=\"{&quot;background_background&quot;:&quot;classic&quot;}\">\n\t\t\t<div class=\"elementor-widget-wrap elementor-element-populated\">\n\t\t\t\t\t<div class=\"elementor-background-overlay\"><\/div>\n\t\t\t\t\t\t<div class=\"elementor-element elementor-element-440db083 elementor-widget elementor-widget-heading\" data-id=\"440db083\" data-element_type=\"widget\" data-widget_type=\"heading.default\">\n\t\t\t\t<div class=\"elementor-widget-container\">\n\t\t\t<style>\/*! elementor - v3.21.0 - 26-05-2024 *\/\n.elementor-heading-title{padding:0;margin:0;line-height:1}.elementor-widget-heading .elementor-heading-title[class*=elementor-size-]>a{color:inherit;font-size:inherit;line-height:inherit}.elementor-widget-heading .elementor-heading-title.elementor-size-small{font-size:15px}.elementor-widget-heading .elementor-heading-title.elementor-size-medium{font-size:19px}.elementor-widget-heading .elementor-heading-title.elementor-size-large{font-size:29px}.elementor-widget-heading .elementor-heading-title.elementor-size-xl{font-size:39px}.elementor-widget-heading .elementor-heading-title.elementor-size-xxl{font-size:59px}<\/style><h1 class=\"elementor-heading-title elementor-size-default\">Kushtet e P\u00ebrdorimit<\/h1>\t\t<\/div>\n\t\t\t\t<\/div>\n\t\t\t\t\t<\/div>\n\t\t<\/div>\n\t\t\t\t\t<\/div>\n\t\t<\/div>\n\t\t\t\t\t<\/div>\n\t\t<\/div>\n\t\t\t\t\t<\/div>\n\t\t<\/div>\n\t\t\t\t<div class=\"elementor-section elementor-top-section elementor-element elementor-element-2affdc64 elementor-section-boxed elementor-section-height-default elementor-section-height-default\" data-id=\"2affdc64\" data-element_type=\"section\">\n\t\t\t\t\t\t<div class=\"elementor-container elementor-column-gap-default\">\n\t\t\t\t\t<div class=\"elementor-column elementor-col-100 elementor-top-column elementor-element elementor-element-2aa557af\" data-id=\"2aa557af\" data-element_type=\"column\">\n\t\t\t<div class=\"elementor-widget-wrap elementor-element-populated\">\n\t\t\t\t\t\t<div class=\"elementor-element elementor-element-61fe63f1 elementor-widget elementor-widget-text-editor\" data-id=\"61fe63f1\" data-element_type=\"widget\" data-widget_type=\"text-editor.default\">\n\t\t\t\t<div class=\"elementor-widget-container\">\n\t\t\t<style>\/*! elementor - v3.21.0 - 26-05-2024 *\/\n.elementor-widget-text-editor.elementor-drop-cap-view-stacked .elementor-drop-cap{background-color:#69727d;color:#fff}.elementor-widget-text-editor.elementor-drop-cap-view-framed .elementor-drop-cap{color:#69727d;border:3px solid;background-color:transparent}.elementor-widget-text-editor:not(.elementor-drop-cap-view-default) .elementor-drop-cap{margin-top:8px}.elementor-widget-text-editor:not(.elementor-drop-cap-view-default) .elementor-drop-cap-letter{width:1em;height:1em}.elementor-widget-text-editor .elementor-drop-cap{float:left;text-align:center;line-height:1;font-size:50px}.elementor-widget-text-editor .elementor-drop-cap-letter{display:inline-block}<\/style>\t\t\t\t<p><strong>K\u00ebto Kushte t\u00eb P\u00ebrdorimit (\u201cKushtet\u201d)<\/strong>\u00a0jan\u00eb t\u00eb detyrueshme p\u00ebr t\u00eb vazhduar m\u00eb tutje shfryt\u00ebzimin e sh\u00ebrbimeve dhe produkteve t\u00eb HUUM\u00eb, dhe n\u00eb momentin e pranimit t\u00eb tyre, trajtohen si kontrat\u00eb e lidhur n\u00eb mes t\u00eb: HUUM\u00eb, shoq\u00ebri me p\u00ebrgjegj\u00ebsi t\u00eb kufizuar n\u00eb Kosov\u00eb, me deg\u00eb n\u00eb Republik\u00ebn e Kosov\u00ebs, Prishtin\u00eb, Rr. Jonuz Zejnullahu nr. 28, me num\u00ebr unik identifikues 810097338, dhe Juve si P\u00ebrdorues, n\u00eb baz\u00eb t\u00eb t\u00eb dh\u00ebnave t\u00eb ofruara n\u00eb momentin e regjistrimit tuaj n\u00eb platform\u00eb. Individualisht, do t\u00eb referoheni si \u201cpal\u00eb\u2019\u2019, nd\u00ebrkaq s\u00eb bashku do t\u00eb referoheni si \u201cpal\u00ebt\u201d.<\/p><p><strong>Pjesa hyr\u00ebse <\/strong><\/p><p>Ju falenderojm\u00eb q\u00eb keni zgjedh\u00eb platform\u00ebn e HUUM\u00eb, dhe sh\u00ebrbimet tona (referuar si \u201cSh\u00ebrbimet\u201d). Arsyeja e p\u00ebrdorimit t\u00eb k\u00ebetzre kushteve \u00ebsht\u00eb se t\u00ebr\u00ebsia e tyre krijon marr\u00ebdh\u00ebnie kontraktuale n\u00eb mes t\u00eb HUUM\u00eb dhe juve si P\u00ebrdorues. K\u00ebrkojm\u00eb q\u00eb k\u00ebto kushte t\u00eb p\u00ebrdorimit t\u00eb lexohen me kujdes nga ju. Pranimi i kushteve t\u00eb p\u00ebrdorimit do t\u00eb konsiderohet se \u00ebsht\u00eb krijuar Kontrat\u00eb n\u00eb HUUM\u00eb dhe juve si p\u00ebrdorues.<\/p><p>Platforma e HUUM\u00eb, \u00ebsht\u00eb platforma elektronike online, ku P\u00ebrdoruesit do t\u00eb ken\u00eb mund\u00ebsi q\u00eb t\u00eb gjitha produktet q\u00eb prodhohen nga HUUM\u00eb t\u2019i blejn\u00eb online dhe d\u00ebrgesa t\u00eb b\u00ebhet n\u00eb vendin e caktuar t\u00eb P\u00ebrdoruesit.<\/p><p>Po ashtu, k\u00ebto kushte p\u00ebrcaktojn\u00eb rregullat mbi privat\u00ebsine dhe mbrojtjen e t\u00eb dh\u00ebnave personale n\u00eb p\u00ebrputhje me ligjet e aplikueshme t\u00eb Republik\u00ebs s\u00eb Kosov\u00ebs. N\u00eb rast se P\u00ebrdoruesi nuk \u00ebsht\u00eb dakord me ndonj\u00eb pjes\u00eb t\u00eb k\u00ebtyre Kushteve, P\u00ebrdoruesi duhet t\u00eb dal\u00eb nga faqja dhe t\u00eb ndaloj\u00eb p\u00ebrdorimin e saj.<\/p><p>1. T\u00eb drejtat intelektuale<\/p><p>E gjith\u00eb p\u00ebrmbajtja e platform\u00ebs, duke p\u00ebrfshir\u00eb markat tregtare, titujt dallues, tekste, lajme, fotografi, imazhe, sh\u00ebrbimet q\u00eb ofrohen jan\u00eb pron\u00ebsi e HUUM\u00eb dhe trajtohen dhe mbrohen n\u00eb baz\u00eb t\u00eb dispozitave p\u00ebrkat\u00ebse t\u00eb ligjeve t\u00eb Kosov\u00ebs p\u00ebr t\u00eb drejt\u00ebn e autorit, mark\u00ebn tregtare dhe patent\u00ebn, n\u00eb lidhje me pron\u00ebsin\u00eb intelektuale dhe industriale, mir\u00ebpo me p\u00ebrjashtim t\u00eb t\u00eb drejtave t\u00eb mbrojtura nga pal\u00ebt e treta, p\u00ebr t\u00eb cilat HUUM\u00eb nuk pretendon pron\u00ebsi apo t\u00eb drejt\u00eb tjet\u00ebr p\u00ebr to.<\/p><p>\u00cbsht\u00eb i ndaluar modifikimi, publikimi, transferimi, shp\u00ebrndarja, prezantimi ose \u00e7do veprim tjet\u00ebr i t\u00ebr\u00ebsis\u00eb s\u00eb Platform\u00ebs apo pjes\u00ebs s\u00eb caktuar t\u00eb Platform\u00ebs p\u00ebr q\u00ebllime tregtare apo tjera, pa parap\u00eblqim me shkrim nga HUUM\u00eb.<\/p><p>2. T\u00eb dh\u00ebnat Personale<\/p><p>HUUM\u00eb do t\u00eb grumbulloj\u00eb t\u00eb gjitha t\u00eb dh\u00ebnat personale nga P\u00ebrdoruesit dhe vizitor\u00ebt n\u00eb p\u00ebrputhje me Ligjin Nr. 06\/L-082 pe\u0308r Mbrojtjen e te\u0308 Dhe\u0308nave Personale. Huum\u00eb nuk do i transferoj\u00eb t\u00eb dh\u00ebnat personale t\u00eb P\u00ebrdoruesve tek pal\u00ebt e treta.<\/p><p>3. Mbrojta e konsumatorit<\/p><p>HUUM\u00eb do t\u00eb kujdeset q\u00eb me p\u00ebrgjegj\u00ebsi t\u00eb plot\u00eb t\u00eb zbatoj\u00eb Ligjin Nr. 06\/L-034 p\u00ebr Mbrojtjen e Konsumatorit. HUUM\u00eb do t\u00eb kujdeset q\u00eb fotografit\u00eb, p\u00ebrshkrimet e produktit, dhe t\u00eb dh\u00ebnat e tjera n\u00eb lidhje me produktet e prodhuara nga HUUM\u00eb t\u00eb tregojn\u00eb t\u00eb v\u00ebrtet\u00ebn, ashtu q\u00eb konsumatori t\u00eb jet\u00eb i informuar n\u00eb lidhje me produktet.<\/p><p>4. Hyrja n\u00eb fuqi e Kushteve t\u00eb P\u00ebrdorimit<\/p><p>Kushtet e P\u00ebrdorimit hyjn\u00eb n\u00eb fuqi n\u00eb rastet n\u00eb vijim: (1) N\u00eb dat\u00ebn e n\u00ebnshkrimit t\u00eb tyre nga t\u00eb dyja pal\u00ebt, n\u00eb kopje fizike, dhe (2) N\u00eb momentin e regjistrimit t\u00eb P\u00ebrdoruesit dhe pranimit t\u00eb Kushteve t\u00eb P\u00ebrdorimit. Po ashtu, Kushtet e P\u00ebrdorimit do t\u00eb mbeten n\u00eb fuqi n\u00ebse P\u00ebrdoruesi mbetet i regjistruar n\u00eb Platform\u00ebn e HUUM\u00eb.<\/p><p>5. Gjuha e Kushteve t\u00eb P\u00ebrdorimit<\/p><p>Gjuha kryesore e k\u00ebtyre Kushteve t\u00eb P\u00ebrdorimit do t\u00eb jet\u00eb gjuha shqipe, pavar\u00ebsisht n\u00ebse k\u00ebto Kushte p\u00ebrkthehen n\u00eb disa gjuh\u00eb.<\/p><p>6. Zgjidhja e kontesteve<\/p><p>Mosmarr\u00ebveshjet apo pretendimet e pal\u00ebve, q\u00eb jan\u00eb n\u00eb lidhje me k\u00ebt\u00eb kontrat\u00eb, do t\u00eb zgjidhen nga Gjykata Themelore n\u00eb vendbanimin e P\u00ebrdoruesit, dhe ligji i aplikuesh\u00ebm do t\u00eb jet\u00eb ligji i Kosov\u00ebs.<\/p><p>HUUM\u00cb rezervon t\u00eb drejt\u00ebn q\u00eb p\u00ebr faturat e pa mbaruara, t\u00eb inicoj\u00eb procedur\u00eb p\u00ebrmbarimore, duke evituar t\u00eb zhvilloj\u00eb procedur\u00eb kontestimore p\u00ebr to.<\/p><p>7. Dispozitat p\u00ebrfundimtare<\/p><p>N\u00ebse ndonj\u00eb pjes\u00eb e kushteve konstatohet t\u00eb jet\u00eb e paligjshme, e pavlefshme ose e pazbatueshme nga Gjykata n\u00eb Kosov\u00eb, pjes\u00ebt tjera t\u00eb Kushteve t\u00eb P\u00ebrdorimit, do t\u00eb mbijetojn\u00eb.<\/p><p>N\u00ebse k\u00ebto kushte p\u00ebrkthehen n\u00eb disa gjuh\u00eb, gjuh\u00eb kryesore do t\u00eb jet\u00eb gjuha shqipe. Edhe interpretimi i kushteve do t\u00eb qeveriset nga gjuha shqipe.<\/p>\t\t\t\t\t\t<\/div>\n\t\t\t\t<\/div>\n\t\t\t\t\t<\/div>\n\t\t<\/div>\n\t\t\t\t\t<\/div>\n\t\t<\/div>\n\t\t\t\t<\/div>\n\t\t","protected":false},"excerpt":{"rendered":"<p>Kushtet e P\u00ebrdorimit K\u00ebto Kushte t\u00eb P\u00ebrdorimit (\u201cKushtet\u201d)\u00a0jan\u00eb t\u00eb detyrueshme p\u00ebr t\u00eb vazhduar m\u00eb tutje shfryt\u00ebzimin e sh\u00ebrbimeve dhe produkteve t\u00eb HUUM\u00eb, dhe n\u00eb momentin e pranimit t\u00eb tyre, trajtohen si kontrat\u00eb e lidhur n\u00eb mes t\u00eb: HUUM\u00eb, shoq\u00ebri me p\u00ebrgjegj\u00ebsi t\u00eb kufizuar n\u00eb Kosov\u00eb, me deg\u00eb n\u00eb Republik\u00ebn e Kosov\u00ebs, Prishtin\u00eb, Rr. Jonuz Zejnullahu nr. 28, me num\u00ebr unik\u2026<\/p>\n","protected":false},"author":1,"featured_media":0,"parent":0,"menu_order":0,"comment_status":"closed","ping_status":"closed","template":"elementor_header_footer","meta":{"footnotes":""},"class_list":["post-5484","page","type-page","status-publish","hentry"],"aioseo_notices":[],"_links":{"self":[{"href":"https:\/\/huumenatural.com\/sq\/wp-json\/wp\/v2\/pages\/5484","targetHints":{"allow":["GET"]}}],"collection":[{"href":"https:\/\/huumenatural.com\/sq\/wp-json\/wp\/v2\/pages"}],"about":[{"href":"https:\/\/huumenatural.com\/sq\/wp-json\/wp\/v2\/types\/page"}],"author":[{"embeddable":true,"href":"https:\/\/huumenatural.com\/sq\/wp-json\/wp\/v2\/users\/1"}],"replies":[{"embeddable":true,"href":"https:\/\/huumenatural.com\/sq\/wp-json\/wp\/v2\/comments?post=5484"}],"version-history":[{"count":8,"href":"https:\/\/huumenatural.com\/sq\/wp-json\/wp\/v2\/pages\/5484\/revisions"}],"predecessor-version":[{"id":5766,"href":"https:\/\/huumenatural.com\/sq\/wp-json\/wp\/v2\/pages\/5484\/revisions\/5766"}],"wp:attachment":[{"href":"https:\/\/huumenatural.com\/sq\/wp-json\/wp\/v2\/media?parent=5484"}],"curies":[{"name":"wp","href":"https:\/\/api.w.org\/{rel}","templated":true}]}}