{"id":5544,"date":"2022-02-05T12:05:13","date_gmt":"2022-02-05T12:05:13","guid":{"rendered":"https:\/\/huume-staging.albaconnect.com\/product\/facial-oil-rosehips-evening-primrose-30ml\/"},"modified":"2023-04-14T23:16:18","modified_gmt":"2023-04-14T23:16:18","slug":"vaj-per-fytyre-kaca-lule-agulice-30ml","status":"publish","type":"product","link":"https:\/\/huumenatural.com\/sq\/product\/vaj-per-fytyre-kaca-lule-agulice-30ml\/","title":{"rendered":"Vaj hidratues p\u00ebr fytyr\u00eb &#8211; Ka\u00e7a &#038; Lule Aguli\u00e7e (30ml)"},"content":{"rendered":"<p>I formuluar me p\u00ebrb\u00ebr\u00ebsit m\u00eb cil\u00ebsore dhe ushqyes p\u00ebr l\u00ebkur\u00ebn, vaji yn\u00eb \u00ebsht\u00eb ideal p\u00ebr l\u00ebkur\u00eb t\u00eb that\u00eb, t\u00eb ndjeshme ose t\u00eb kombinuar.<\/p>\n<p><strong>P\u00ebrb\u00ebr\u00ebsit:<\/strong><\/p>\n<ul>\n<li>Vaj organik luledielli<\/li>\n<li>Vaj organik jojoba<\/li>\n<li>Vaj organik i susamit<\/li>\n<li>Ka\u00e7\u00eb<\/li>\n<li>Lule aguli\u00e7e<\/li>\n<li>Bim\u00eb makthi<\/li>\n<li>Vitamin E<\/li>\n<\/ul>\n<p><strong>Si ta p\u00ebrdorni:<\/strong><\/p>\n<ol>\n<li>Me majat e gishtave t\u00eb past\u00ebr, masazhoni disa pika n\u00eb fytyr\u00ebn e pastruar dhe t\u00eb lag\u00ebsht, duke b\u00ebr\u00eb l\u00ebvizje rrethore n\u00eb drejtim nga posht\u00eb lart, derisa vaji t\u00eb jet\u00eb p\u00ebrthithur.<\/li>\n<li>Masazhi i but\u00eb do t\u2019i jap\u00eb l\u00ebkur\u00ebs tuaj nj\u00eb forcim t\u00eb qarkullimit t\u00eb gjakut.<\/li>\n<\/ol>\n","protected":false},"excerpt":{"rendered":"<p>I formuluar me p\u00ebrb\u00ebr\u00ebsit m\u00eb cil\u00ebsore dhe ushqyes p\u00ebr l\u00ebkur\u00ebn, vaji yn\u00eb \u00ebsht\u00eb ideal p\u00ebr l\u00ebkur\u00eb t\u00eb that\u00eb, t\u00eb ndjeshme ose t\u00eb kombinuar.<\/p>\n","protected":false},"featured_media":5258,"comment_status":"open","ping_status":"closed","template":"","meta":[],"product_cat":[162,258,258],"product_tag":[166,165,163],"class_list":{"0":"post-5544","1":"product","2":"type-product","3":"status-publish","4":"has-post-thumbnail","6":"product_cat-vajra","7":"product_cat-kujdesi-per-fytyre","9":"product_tag-facial-oil-sq","10":"product_tag-primrose-sq-2","11":"product_tag-rosehip-sq","13":"first","14":"instock","15":"sale","16":"shipping-taxable","17":"purchasable","18":"product-type-simple"},"aioseo_notices":[],"_links":{"self":[{"href":"https:\/\/huumenatural.com\/sq\/wp-json\/wp\/v2\/product\/5544","targetHints":{"allow":["GET"]}}],"collection":[{"href":"https:\/\/huumenatural.com\/sq\/wp-json\/wp\/v2\/product"}],"about":[{"href":"https:\/\/huumenatural.com\/sq\/wp-json\/wp\/v2\/types\/product"}],"replies":[{"embeddable":true,"href":"https:\/\/huumenatural.com\/sq\/wp-json\/wp\/v2\/comments?post=5544"}],"version-history":[{"count":3,"href":"https:\/\/huumenatural.com\/sq\/wp-json\/wp\/v2\/product\/5544\/revisions"}],"predecessor-version":[{"id":5879,"href":"https:\/\/huumenatural.com\/sq\/wp-json\/wp\/v2\/product\/5544\/revisions\/5879"}],"wp:featuredmedia":[{"embeddable":true,"href":"https:\/\/huumenatural.com\/sq\/wp-json\/wp\/v2\/media\/5258"}],"wp:attachment":[{"href":"https:\/\/huumenatural.com\/sq\/wp-json\/wp\/v2\/media?parent=5544"}],"wp:term":[{"taxonomy":"product_cat","embeddable":true,"href":"https:\/\/huumenatural.com\/sq\/wp-json\/wp\/v2\/product_cat?post=5544"},{"taxonomy":"product_tag","embeddable":true,"href":"https:\/\/huumenatural.com\/sq\/wp-json\/wp\/v2\/product_tag?post=5544"}],"curies":[{"name":"wp","href":"https:\/\/api.w.org\/{rel}","templated":true}]}}