{"id":5547,"date":"2022-02-05T12:12:06","date_gmt":"2022-02-05T12:12:06","guid":{"rendered":"https:\/\/huume-staging.albaconnect.com\/product\/stretch-mark-oil-sweet-almond-apricot-kernel-cocoa-butter-50ml\/"},"modified":"2022-07-25T16:57:41","modified_gmt":"2022-07-25T16:57:41","slug":"vaj-per-strija-badem-i-embel-fara-te-kajsise-dhe-gjalpe-kakao-50ml","status":"publish","type":"product","link":"https:\/\/huumenatural.com\/sq\/product\/vaj-per-strija-badem-i-embel-fara-te-kajsise-dhe-gjalpe-kakao-50ml\/","title":{"rendered":"Vaj p\u00ebr strija \u2013 Badem i \u00ebmb\u00ebl, fara t\u00eb kajsis\u00eb dhe gjalp\u00eb kakao (50ml)"},"content":{"rendered":"<p>Nj\u00eb kombinim i vajrave t\u00eb pasura q\u00eb ushqejn\u00eb thell\u00ebsisht l\u00ebkur\u00ebn, parandalojn\u00eb dhe ndihmojn\u00eb n\u00eb zbehjen e strijave n\u00eb trup.<\/p>\n<p><strong>P\u00ebrb\u00ebr\u00ebsit:<\/strong><\/p>\n<ul>\n<li>Vaj bademi i \u00ebmb\u00ebl<\/li>\n<li>Grapeseed oil Vaj i farave t\u00eb rrushit<\/li>\n<li>Apricot kernel oil Vaj i farave t\u00eb kajsis\u00eb<\/li>\n<li>Cocoa butter Gjalp\u00eb kakao<\/li>\n<li>Vitamin E<\/li>\n<li>Vaj eterik livande<\/li>\n<\/ul>\n<p><strong>Si ta p\u00ebrdorni:<\/strong><\/p>\n<ol>\n<li>Aplikoni vajin n\u00eb l\u00ebkur\u00eb t\u00eb lagur (MOS aplikoni n\u00eb l\u00ebkur\u00eb t\u00eb that\u00eb) pasi t\u00eb keni b\u00ebr\u00eb nj\u00eb banj\u00eb ose dush.<\/li>\n<li>Masazhoni vajin n\u00eb l\u00ebkur\u00eb derisa ajo p\u00ebrthithet.<\/li>\n<\/ol>\n","protected":false},"excerpt":{"rendered":"<p>Nj\u00eb kombinim i vajrave t\u00eb pasura q\u00eb ushqejn\u00eb thell\u00ebsisht l\u00ebkur\u00ebn, parandalojn\u00eb dhe ndihmojn\u00eb n\u00eb zbehjen e strijave n\u00eb trup.<\/p>\n","protected":false},"featured_media":5261,"comment_status":"open","ping_status":"closed","template":"","meta":[],"product_cat":[162,171],"product_tag":[174,172,175,173],"class_list":{"0":"post-5547","1":"product","2":"type-product","3":"status-publish","4":"has-post-thumbnail","6":"product_cat-vajra","7":"product_cat-kujdesi-per-trupin","8":"product_tag-apricot-kernel-sq","9":"product_tag-cocoa-butter-sq","10":"product_tag-stretch-mark-oil-sq","11":"product_tag-sweet-almond-sq","13":"first","14":"instock","15":"shipping-taxable","16":"purchasable","17":"product-type-simple"},"aioseo_notices":[],"_links":{"self":[{"href":"https:\/\/huumenatural.com\/sq\/wp-json\/wp\/v2\/product\/5547","targetHints":{"allow":["GET"]}}],"collection":[{"href":"https:\/\/huumenatural.com\/sq\/wp-json\/wp\/v2\/product"}],"about":[{"href":"https:\/\/huumenatural.com\/sq\/wp-json\/wp\/v2\/types\/product"}],"replies":[{"embeddable":true,"href":"https:\/\/huumenatural.com\/sq\/wp-json\/wp\/v2\/comments?post=5547"}],"version-history":[{"count":3,"href":"https:\/\/huumenatural.com\/sq\/wp-json\/wp\/v2\/product\/5547\/revisions"}],"predecessor-version":[{"id":5876,"href":"https:\/\/huumenatural.com\/sq\/wp-json\/wp\/v2\/product\/5547\/revisions\/5876"}],"wp:featuredmedia":[{"embeddable":true,"href":"https:\/\/huumenatural.com\/sq\/wp-json\/wp\/v2\/media\/5261"}],"wp:attachment":[{"href":"https:\/\/huumenatural.com\/sq\/wp-json\/wp\/v2\/media?parent=5547"}],"wp:term":[{"taxonomy":"product_cat","embeddable":true,"href":"https:\/\/huumenatural.com\/sq\/wp-json\/wp\/v2\/product_cat?post=5547"},{"taxonomy":"product_tag","embeddable":true,"href":"https:\/\/huumenatural.com\/sq\/wp-json\/wp\/v2\/product_tag?post=5547"}],"curies":[{"name":"wp","href":"https:\/\/api.w.org\/{rel}","templated":true}]}}