{"id":5550,"date":"2022-02-05T12:07:23","date_gmt":"2022-02-05T12:07:23","guid":{"rendered":"https:\/\/huume-staging.albaconnect.com\/product\/intensive-hair-repair-oil-almond-grapeseed-vitamin-e-100ml\/"},"modified":"2023-04-14T23:16:18","modified_gmt":"2023-04-14T23:16:18","slug":"vaj-inteziv-per-floke-vaj-bademi-vaj-i-farave-te-rrushit-vaj-i-farave-te-kajsise-dhe-gjalpe-kakao-100ml","status":"publish","type":"product","link":"https:\/\/huumenatural.com\/sq\/product\/vaj-inteziv-per-floke-vaj-bademi-vaj-i-farave-te-rrushit-vaj-i-farave-te-kajsise-dhe-gjalpe-kakao-100ml\/","title":{"rendered":"Vaj intensiv p\u00ebr flok\u00eb \u2013 Vaj bademi, fara t\u00eb rrushit, fara t\u00eb kajsis\u00eb dhe gjalp\u00eb kakao (100ml)"},"content":{"rendered":"<p>Ky vaj \u00ebsht\u00eb i formuluar me p\u00ebrb\u00ebr\u00ebs 100% natyral q\u00eb funksionojn\u00eb p\u00ebr t\u00eb mbrojtur, forcuar dhe riparuar flok\u00ebt e d\u00ebmtuar, duke i dh\u00ebn\u00eb nj\u00eb shk\u00eblqim shtes\u00eb.<\/p>\n<p><strong>P\u00ebrb\u00ebr\u00ebsit:<\/strong><\/p>\n<ul>\n<li>Vaj luledielli<\/li>\n<li>Vaj i farave t\u00eb rrushit<\/li>\n<li>Vaj bademi<\/li>\n<li>Vaj jojoba<\/li>\n<li>Vaj ricini<\/li>\n<li>Vaj eterik livande<\/li>\n<li>Vitamin E<\/li>\n<\/ul>\n<p><strong>Si ta p\u00ebrdorni:<\/strong><\/p>\n<ol>\n<li><em><strong>P\u00ebr trajtim kondicionues:<\/strong><\/em><em><br \/>\n<\/em>Aplikoni 1 deri 2 lug\u00eb vaji t\u00eb ngroht\u00eb n\u00eb skalpin e kok\u00ebs. Masazhoni but\u00ebsisht kok\u00ebn duke shp\u00ebrndar\u00eb vajin n\u00ebp\u00ebrmjet flok\u00ebve deri tek majet. L\u00ebreni t\u00eb veproj\u00eb t\u00eb pakten 15 minuta. Pastroni flok\u00ebt dhe stiloni si zakonisht.<\/li>\n<li><em><strong>P\u00ebr trajtim intenziv:<\/strong><\/em><em><br \/>\n<\/em>Mb\u00ebshtilleni flok\u00ebt e lyera me vaj me peshqir p\u00ebr 30 minuta apo gjat\u00eb gjith\u00eb nat\u00ebs. Pastroni flok\u00ebt dhe stiloni si zakonisht.<\/li>\n<\/ol>\n","protected":false},"excerpt":{"rendered":"<p>Ky vaj \u00ebsht\u00eb i formuluar me p\u00ebrb\u00ebr\u00ebs 100% natyral q\u00eb funksionojn\u00eb p\u00ebr t\u00eb mbrojtur, forcuar dhe riparuar flok\u00ebt e d\u00ebmtuar, duke i dh\u00ebn\u00eb nj\u00eb shk\u00eblqim shtes\u00eb.<\/p>\n","protected":false},"featured_media":5259,"comment_status":"open","ping_status":"closed","template":"","meta":[],"product_cat":[162,250],"product_tag":[178,176,180,177,179],"class_list":{"0":"post-5550","1":"product","2":"type-product","3":"status-publish","4":"has-post-thumbnail","6":"product_cat-vajra","7":"product_cat-hair-sq","8":"product_tag-almond-sq","9":"product_tag-grapeseed-sq","10":"product_tag-hair-oil-sq","11":"product_tag-hair-repair-sq","12":"product_tag-vitamin-e-sq","14":"first","15":"instock","16":"shipping-taxable","17":"purchasable","18":"product-type-simple"},"aioseo_notices":[],"_links":{"self":[{"href":"https:\/\/huumenatural.com\/sq\/wp-json\/wp\/v2\/product\/5550","targetHints":{"allow":["GET"]}}],"collection":[{"href":"https:\/\/huumenatural.com\/sq\/wp-json\/wp\/v2\/product"}],"about":[{"href":"https:\/\/huumenatural.com\/sq\/wp-json\/wp\/v2\/types\/product"}],"replies":[{"embeddable":true,"href":"https:\/\/huumenatural.com\/sq\/wp-json\/wp\/v2\/comments?post=5550"}],"version-history":[{"count":4,"href":"https:\/\/huumenatural.com\/sq\/wp-json\/wp\/v2\/product\/5550\/revisions"}],"predecessor-version":[{"id":6099,"href":"https:\/\/huumenatural.com\/sq\/wp-json\/wp\/v2\/product\/5550\/revisions\/6099"}],"wp:featuredmedia":[{"embeddable":true,"href":"https:\/\/huumenatural.com\/sq\/wp-json\/wp\/v2\/media\/5259"}],"wp:attachment":[{"href":"https:\/\/huumenatural.com\/sq\/wp-json\/wp\/v2\/media?parent=5550"}],"wp:term":[{"taxonomy":"product_cat","embeddable":true,"href":"https:\/\/huumenatural.com\/sq\/wp-json\/wp\/v2\/product_cat?post=5550"},{"taxonomy":"product_tag","embeddable":true,"href":"https:\/\/huumenatural.com\/sq\/wp-json\/wp\/v2\/product_tag?post=5550"}],"curies":[{"name":"wp","href":"https:\/\/api.w.org\/{rel}","templated":true}]}}