{"id":5553,"date":"2022-02-05T12:02:57","date_gmt":"2022-02-05T12:02:57","guid":{"rendered":"https:\/\/huume-staging.albaconnect.com\/product\/beard-oil-jojoba-grapeseed-avocado-30ml\/"},"modified":"2022-06-19T10:59:08","modified_gmt":"2022-06-19T10:59:08","slug":"vaj-per-mjekerr-jojoba-fara-te-rrushit-dhe-avokado-30ml","status":"publish","type":"product","link":"https:\/\/huumenatural.com\/sq\/product\/vaj-per-mjekerr-jojoba-fara-te-rrushit-dhe-avokado-30ml\/","title":{"rendered":"Vaj p\u00ebr mjek\u00ebrr &#8211; Jojoba, fara t\u00eb rrushit dhe avokado (30ml)"},"content":{"rendered":"<p>Nj\u00eb vaj me p\u00ebrb\u00ebrje krejt\u00ebsisht natyrale dhe bimore q\u00eb sjell\u00eb shum\u00eb p\u00ebrfitime. Duke ushqyer dhe hidratuar mjekrr\u00ebn me vitaminat e nevojshme p\u00ebr mir\u00ebmbajtjen e saj, ky vaj i mjekrr\u00ebs do t\u00eb jet\u00eb pjesa e preferuar e rutin\u00ebs tuaj t\u00eb p\u00ebrditshme t\u00eb kujdesit personal.<\/p>\n<p><strong>P\u00ebrb\u00ebr\u00ebsit:<\/strong><\/p>\n<ul>\n<li>Vaj i farave t\u00eb rrushit<\/li>\n<li>Vaj jojoba<\/li>\n<li>Vaj bademi<\/li>\n<li>Vaj avokado<\/li>\n<li>Vitamin E<\/li>\n<li>Vaj ricini<\/li>\n<li>Vaj eterik rozmarine<\/li>\n<\/ul>\n<p><strong>Si ta p\u00ebrdorni:<\/strong><\/p>\n<ol>\n<li>Hidhni 3-5 pika vaj n\u00eb p\u00ebll\u00ebmb\u00ebt e duarve tuaja dhe masazhoni but\u00ebsisht mjekrr\u00ebn duke shp\u00ebrndar\u00eb vajin n\u00eb t\u00eb gjitha pjes\u00ebt e saj.<\/li>\n<li>Aplikoni vajin kur mjekrra juaj \u00ebsht\u00eb e lagur.<\/li>\n<li>Sigurohuni q\u00eb ta shp\u00ebrndani vajin n\u00eb t\u00eb gjith\u00eb mjekrr\u00ebn tuaj.<\/li>\n<\/ol>\n","protected":false},"excerpt":{"rendered":"<p>Nj\u00eb vaj me p\u00ebrb\u00ebrje krejt\u00ebsisht natyrale dhe bimore q\u00eb sjell\u00eb shum\u00eb p\u00ebrfitime. Duke ushqyer dhe hidratuar mjekrr\u00ebn me vitaminat e nevojshme p\u00ebr mir\u00ebmbajtjen e saj, ky vaj i mjekrr\u00ebs do t\u00eb jet\u00eb pjesa e preferuar e rutin\u00ebs tuaj t\u00eb p\u00ebrditshme t\u00eb kujdesit personal.<\/p>\n","protected":false},"featured_media":5257,"comment_status":"open","ping_status":"closed","template":"","meta":[],"product_cat":[162,258],"product_tag":[183,181,176,182],"class_list":{"0":"post-5553","1":"product","2":"type-product","3":"status-publish","4":"has-post-thumbnail","6":"product_cat-vajra","7":"product_cat-kujdesi-per-fytyre","8":"product_tag-avocado-sq","9":"product_tag-beard-oil-sq","10":"product_tag-grapeseed-sq","11":"product_tag-jojoba-sq","13":"first","14":"outofstock","15":"shipping-taxable","16":"purchasable","17":"product-type-simple"},"aioseo_notices":[],"_links":{"self":[{"href":"https:\/\/huumenatural.com\/sq\/wp-json\/wp\/v2\/product\/5553","targetHints":{"allow":["GET"]}}],"collection":[{"href":"https:\/\/huumenatural.com\/sq\/wp-json\/wp\/v2\/product"}],"about":[{"href":"https:\/\/huumenatural.com\/sq\/wp-json\/wp\/v2\/types\/product"}],"replies":[{"embeddable":true,"href":"https:\/\/huumenatural.com\/sq\/wp-json\/wp\/v2\/comments?post=5553"}],"version-history":[{"count":2,"href":"https:\/\/huumenatural.com\/sq\/wp-json\/wp\/v2\/product\/5553\/revisions"}],"predecessor-version":[{"id":5880,"href":"https:\/\/huumenatural.com\/sq\/wp-json\/wp\/v2\/product\/5553\/revisions\/5880"}],"wp:featuredmedia":[{"embeddable":true,"href":"https:\/\/huumenatural.com\/sq\/wp-json\/wp\/v2\/media\/5257"}],"wp:attachment":[{"href":"https:\/\/huumenatural.com\/sq\/wp-json\/wp\/v2\/media?parent=5553"}],"wp:term":[{"taxonomy":"product_cat","embeddable":true,"href":"https:\/\/huumenatural.com\/sq\/wp-json\/wp\/v2\/product_cat?post=5553"},{"taxonomy":"product_tag","embeddable":true,"href":"https:\/\/huumenatural.com\/sq\/wp-json\/wp\/v2\/product_tag?post=5553"}],"curies":[{"name":"wp","href":"https:\/\/api.w.org\/{rel}","templated":true}]}}