{"id":5569,"date":"2022-02-03T16:29:42","date_gmt":"2022-02-03T16:29:42","guid":{"rendered":"https:\/\/huume-staging.albaconnect.com\/product\/deodorant-stick-charcoal-mint\/"},"modified":"2022-05-29T13:33:25","modified_gmt":"2022-05-29T13:33:25","slug":"deodorant-i-ngurte-karbon-mente","status":"publish","type":"product","link":"https:\/\/huumenatural.com\/sq\/product\/deodorant-i-ngurte-karbon-mente\/","title":{"rendered":"Deodorant i ngurt\u00eb &#8211; Karbon Aktiv &#038; Ment\u00eb"},"content":{"rendered":"<p>Deodorant natyral q\u00eb p\u00ebrmban minerale dhe vajra p\u00ebr t\u00eb ndihmuar n\u00eb neutralizimin e baktereve q\u00eb formohen dhe shkaktojn\u00eb kund\u00ebrmim.<\/p>\n<p><strong>P\u00ebrb\u00ebr\u00ebsit:<\/strong><\/p>\n<ul>\n<li>Dyll blete<\/li>\n<li>Gjalp\u00eb shea<\/li>\n<li>Vaj jojoba<\/li>\n<li>Vaj ulliri<\/li>\n<li>Oksid zinku<\/li>\n<li>Vaj teatree<\/li>\n<li>Karbon aktiv<\/li>\n<li>Arrowroot<\/li>\n<li>Vaj eterik mente<\/li>\n<\/ul>\n<p><strong>Si ta p\u00ebrdorni:<\/strong><\/p>\n<ol>\n<li>Aplikoni but\u00ebsisht n\u00eb zon\u00ebn e n\u00ebn sqetull deri n\u00eb 30 sekonda.<\/li>\n<li>Aplikoni aq sa \u00ebsht\u00eb e nevojshme.<\/li>\n<\/ol>\n","protected":false},"excerpt":{"rendered":"<p>Deodorant natyral q\u00eb p\u00ebrmban minerale dhe vajra p\u00ebr t\u00eb ndihmuar n\u00eb neutralizimin e baktereve q\u00eb formohen dhe shkaktojn\u00eb kund\u00ebrmim.<\/p>\n","protected":false},"featured_media":5245,"comment_status":"open","ping_status":"closed","template":"","meta":[],"product_cat":[171],"product_tag":[195,194,191],"class_list":{"0":"post-5569","1":"product","2":"type-product","3":"status-publish","4":"has-post-thumbnail","6":"product_cat-kujdesi-per-trupin","7":"product_tag-charcoal-sq","8":"product_tag-deodorant-sq","9":"product_tag-mint-sq","11":"first","12":"outofstock","13":"shipping-taxable","14":"purchasable","15":"product-type-simple"},"aioseo_notices":[],"_links":{"self":[{"href":"https:\/\/huumenatural.com\/sq\/wp-json\/wp\/v2\/product\/5569","targetHints":{"allow":["GET"]}}],"collection":[{"href":"https:\/\/huumenatural.com\/sq\/wp-json\/wp\/v2\/product"}],"about":[{"href":"https:\/\/huumenatural.com\/sq\/wp-json\/wp\/v2\/types\/product"}],"replies":[{"embeddable":true,"href":"https:\/\/huumenatural.com\/sq\/wp-json\/wp\/v2\/comments?post=5569"}],"version-history":[{"count":2,"href":"https:\/\/huumenatural.com\/sq\/wp-json\/wp\/v2\/product\/5569\/revisions"}],"predecessor-version":[{"id":5882,"href":"https:\/\/huumenatural.com\/sq\/wp-json\/wp\/v2\/product\/5569\/revisions\/5882"}],"wp:featuredmedia":[{"embeddable":true,"href":"https:\/\/huumenatural.com\/sq\/wp-json\/wp\/v2\/media\/5245"}],"wp:attachment":[{"href":"https:\/\/huumenatural.com\/sq\/wp-json\/wp\/v2\/media?parent=5569"}],"wp:term":[{"taxonomy":"product_cat","embeddable":true,"href":"https:\/\/huumenatural.com\/sq\/wp-json\/wp\/v2\/product_cat?post=5569"},{"taxonomy":"product_tag","embeddable":true,"href":"https:\/\/huumenatural.com\/sq\/wp-json\/wp\/v2\/product_tag?post=5569"}],"curies":[{"name":"wp","href":"https:\/\/api.w.org\/{rel}","templated":true}]}}