{"id":5574,"date":"2022-02-05T11:47:57","date_gmt":"2022-02-05T11:47:57","guid":{"rendered":"https:\/\/huume-staging.albaconnect.com\/product\/facial-mask-turmeric-oats\/"},"modified":"2023-11-08T10:30:07","modified_gmt":"2023-11-08T10:30:07","slug":"maske-per-fytyre-kurkum-tershere","status":"publish","type":"product","link":"https:\/\/huumenatural.com\/sq\/product\/maske-per-fytyre-kurkum-tershere\/","title":{"rendered":"Mask\u00eb p\u00ebr fytyr\u00eb &#8211; Kurkum &#038; t\u00ebrsh\u00ebr\u00eb"},"content":{"rendered":"<p>Mask\u00eb fytyre natyrale i formular p\u00ebr t\u00eb ndihmuar n\u00eb trajtimin e akneve, balancimin e l\u00ebkur\u00ebs s\u00eb yndyrshme dhe trajtimin e njollave. Ideale p\u00ebr t\u00eb gjitha tipet e l\u00ebkur\u00ebs.<\/p>\n<p><strong>P\u00ebrb\u00ebr\u00ebsit:<\/strong><\/p>\n<ul>\n<li>Kurkum<\/li>\n<li>T\u00ebrsh\u00ebr\u00eb<\/li>\n<li>Argjil\u00eb e bardh\u00eb<\/li>\n<\/ul>\n<p><strong>Si ta p\u00ebrdorni:<\/strong><\/p>\n<ol>\n<li>Hidhni 1 lug\u00eb t\u00eb mask\u00ebs n\u00eb nj\u00eb en\u00eb qelqi ose plastike, JO n\u00eb nj\u00eb en\u00eb metalike, dhe shtoni gradualisht uj\u00eb t\u00eb ngroht\u00eb (p\u00ebraf\u00ebrsisht 1 lug\u00eb) derisa t\u00eb krijohet nj\u00eb mask\u00eb kremoze.<\/li>\n<li>L\u00ebreni mask\u00ebn t\u00eb thahet n\u00eb fytyr\u00eb p\u00ebr 5 deri n\u00eb 10 minuta. Koha e tharjes s\u00eb mask\u00ebs n\u00eb fytyr\u00eb varet nga tipi i l\u00ebkur\u00ebs. P\u00ebr t\u00eb hequr mask\u00ebn, mjafton nj\u00eb sfungjer i lag\u00ebt me uj\u00eb t\u00eb ngroht\u00eb ose thjesht\u00eb me nj\u00eb sasi t\u00eb konsiderueshme uj\u00eb.<\/li>\n<li>Kjo mask\u00eb mund t\u00eb p\u00ebrdoret deri n\u00eb 2 her\u00eb n\u00eb jav\u00eb.<\/li>\n<\/ol>\n","protected":false},"excerpt":{"rendered":"<p>Mask\u00eb fytyre natyrale i formular p\u00ebr t\u00eb ndihmuar n\u00eb trajtimin e akneve, balancimin e l\u00ebkur\u00ebs s\u00eb yndyrshme dhe trajtimin e njollave. Ideale p\u00ebr t\u00eb gjitha tipet e l\u00ebkur\u00ebs.<\/p>\n","protected":false},"featured_media":5252,"comment_status":"open","ping_status":"closed","template":"","meta":[],"product_cat":[258,169],"product_tag":[201,200,202,199],"class_list":{"0":"post-5574","1":"product","2":"type-product","3":"status-publish","4":"has-post-thumbnail","6":"product_cat-kujdesi-per-fytyre","7":"product_cat-maske-per-fytyre","8":"product_tag-exfoliating-mask-sq","9":"product_tag-facial-mask-sq","10":"product_tag-oats-sq","11":"product_tag-turmeric-sq","13":"first","14":"instock","15":"shipping-taxable","16":"purchasable","17":"product-type-simple"},"aioseo_notices":[],"_links":{"self":[{"href":"https:\/\/huumenatural.com\/sq\/wp-json\/wp\/v2\/product\/5574","targetHints":{"allow":["GET"]}}],"collection":[{"href":"https:\/\/huumenatural.com\/sq\/wp-json\/wp\/v2\/product"}],"about":[{"href":"https:\/\/huumenatural.com\/sq\/wp-json\/wp\/v2\/types\/product"}],"replies":[{"embeddable":true,"href":"https:\/\/huumenatural.com\/sq\/wp-json\/wp\/v2\/comments?post=5574"}],"version-history":[{"count":2,"href":"https:\/\/huumenatural.com\/sq\/wp-json\/wp\/v2\/product\/5574\/revisions"}],"predecessor-version":[{"id":5576,"href":"https:\/\/huumenatural.com\/sq\/wp-json\/wp\/v2\/product\/5574\/revisions\/5576"}],"wp:featuredmedia":[{"embeddable":true,"href":"https:\/\/huumenatural.com\/sq\/wp-json\/wp\/v2\/media\/5252"}],"wp:attachment":[{"href":"https:\/\/huumenatural.com\/sq\/wp-json\/wp\/v2\/media?parent=5574"}],"wp:term":[{"taxonomy":"product_cat","embeddable":true,"href":"https:\/\/huumenatural.com\/sq\/wp-json\/wp\/v2\/product_cat?post=5574"},{"taxonomy":"product_tag","embeddable":true,"href":"https:\/\/huumenatural.com\/sq\/wp-json\/wp\/v2\/product_tag?post=5574"}],"curies":[{"name":"wp","href":"https:\/\/api.w.org\/{rel}","templated":true}]}}