{"id":5583,"date":"2022-02-03T16:34:17","date_gmt":"2022-02-03T16:34:17","guid":{"rendered":"https:\/\/huume-staging.albaconnect.com\/product\/facial-mask-adzuki-green-tea\/"},"modified":"2022-05-30T21:32:25","modified_gmt":"2022-05-30T21:32:25","slug":"maske-per-fytyre-azuki-caj-i-gjelbert","status":"publish","type":"product","link":"https:\/\/huumenatural.com\/sq\/product\/maske-per-fytyre-azuki-caj-i-gjelbert\/","title":{"rendered":"Mask\u00eb p\u00ebr fytyr\u00eb &#8211; Azuki &#038; \u00e7aj i gjelb\u00ebrt"},"content":{"rendered":"<p>Mask\u00eb natyrale p\u00ebr fytyr\u00eb me veti detoksifikuese dhe kund\u00ebr plakjes. Ideale p\u00ebr tipat e l\u00ebkur\u00ebs normale dhe t\u00eb yndyrshme.<\/p>\n<p><strong>P\u00ebrb\u00ebr\u00ebsit:<\/strong><\/p>\n<ul>\n<li>Kokrra azuki (pluhur)<\/li>\n<li>\u00c7aj i gjelb\u00ebrt<\/li>\n<li>Argjil\u00eb e gjelb\u00ebrt<\/li>\n<li>Argjil\u00eb e bardh\u00eb<\/li>\n<\/ul>\n<p><strong>Si ta p\u00ebrdorni:<\/strong><\/p>\n<ol>\n<li>Hidhni 1 lug\u00eb t\u00eb mask\u00ebs n\u00eb nj\u00eb en\u00eb qelqi ose plastike, JO n\u00eb nj\u00eb en\u00eb metalike, dhe shtoni gradualisht uj\u00eb t\u00eb ngroht\u00eb (p\u00ebraf\u00ebrsisht 1 lug\u00eb) derisa t\u00eb krijohet nj\u00eb mask\u00eb kremoze.<\/li>\n<li>L\u00ebreni mask\u00ebn t\u00eb thahet n\u00eb fytyr\u00eb p\u00ebr 5 deri n\u00eb 10 minuta. Koha e tharjes s\u00eb mask\u00ebs n\u00eb fytyr\u00eb varet nga tipi i l\u00ebkur\u00ebs. P\u00ebr t\u00eb hequr mask\u00ebn, mjafton nj\u00eb sfungjer i lag\u00ebt me uj\u00eb t\u00eb ngroht\u00eb ose thjesht\u00eb me nj\u00eb sasi t\u00eb konsiderueshme uj\u00eb.<\/li>\n<li>Kjo mask\u00eb mund t\u00eb p\u00ebrdoret deri n\u00eb 2 her\u00eb n\u00eb jav\u00eb.<\/li>\n<\/ol>\n","protected":false},"excerpt":{"rendered":"<p>Mask\u00eb natyrale p\u00ebr fytyr\u00eb me veti detoksifikuese dhe kund\u00ebr plakjes. Ideale p\u00ebr tipat e l\u00ebkur\u00ebs normale dhe t\u00eb yndyrshme.<\/p>\n","protected":false},"featured_media":5246,"comment_status":"open","ping_status":"closed","template":"","meta":[],"product_cat":[258,169],"product_tag":[207,200,208,209,210],"class_list":{"0":"post-5583","1":"product","2":"type-product","3":"status-publish","4":"has-post-thumbnail","6":"product_cat-kujdesi-per-fytyre","7":"product_cat-maske-per-fytyre","8":"product_tag-adzuki-sq","9":"product_tag-facial-mask-sq","10":"product_tag-green-tea-sq","11":"product_tag-normal-skin-sq","12":"product_tag-oily-skin-sq","14":"first","15":"outofstock","16":"shipping-taxable","17":"purchasable","18":"product-type-simple"},"aioseo_notices":[],"_links":{"self":[{"href":"https:\/\/huumenatural.com\/sq\/wp-json\/wp\/v2\/product\/5583","targetHints":{"allow":["GET"]}}],"collection":[{"href":"https:\/\/huumenatural.com\/sq\/wp-json\/wp\/v2\/product"}],"about":[{"href":"https:\/\/huumenatural.com\/sq\/wp-json\/wp\/v2\/types\/product"}],"replies":[{"embeddable":true,"href":"https:\/\/huumenatural.com\/sq\/wp-json\/wp\/v2\/comments?post=5583"}],"version-history":[{"count":2,"href":"https:\/\/huumenatural.com\/sq\/wp-json\/wp\/v2\/product\/5583\/revisions"}],"predecessor-version":[{"id":5585,"href":"https:\/\/huumenatural.com\/sq\/wp-json\/wp\/v2\/product\/5583\/revisions\/5585"}],"wp:featuredmedia":[{"embeddable":true,"href":"https:\/\/huumenatural.com\/sq\/wp-json\/wp\/v2\/media\/5246"}],"wp:attachment":[{"href":"https:\/\/huumenatural.com\/sq\/wp-json\/wp\/v2\/media?parent=5583"}],"wp:term":[{"taxonomy":"product_cat","embeddable":true,"href":"https:\/\/huumenatural.com\/sq\/wp-json\/wp\/v2\/product_cat?post=5583"},{"taxonomy":"product_tag","embeddable":true,"href":"https:\/\/huumenatural.com\/sq\/wp-json\/wp\/v2\/product_tag?post=5583"}],"curies":[{"name":"wp","href":"https:\/\/api.w.org\/{rel}","templated":true}]}}