{"id":5589,"date":"2022-02-05T11:50:57","date_gmt":"2022-02-05T11:50:57","guid":{"rendered":"https:\/\/huume-staging.albaconnect.com\/product\/detox-exfoliating-facial-mask-charcoal-nettle\/"},"modified":"2024-06-13T14:33:07","modified_gmt":"2024-06-13T14:33:07","slug":"maske-detoksifikues-per-fytyre-karbon-dhe-hithra","status":"publish","type":"product","link":"https:\/\/huumenatural.com\/sq\/product\/maske-detoksifikues-per-fytyre-karbon-dhe-hithra\/","title":{"rendered":"Mask\u00eb detoksifikues p\u00ebr fytyr\u00eb &#8211; Karbon dhe hithra"},"content":{"rendered":"<p>Mask\u00eb natyrale p\u00ebr fytyr\u00eb, e krijuar p\u00ebr t\u00eb detoksifikuar, reduktuar aknet, p\u00ebrthithjen e yndyr\u00ebs s\u00eb tep\u00ebrt, dhe ndihmon n\u00eb largimin e papast\u00ebrtive nga l\u00ebkura.<\/p>\n<p><strong>P\u00ebrb\u00ebr\u00ebsit:<\/strong><\/p>\n<ul>\n<li>Karbon aktiv<\/li>\n<li>Hithra<\/li>\n<li>Argjil\u00eb e bardh\u00eb<\/li>\n<\/ul>\n<p><strong>Si ta p\u00ebrdorni:<\/strong><\/p>\n<ol>\n<li>Hidhni 1 lug\u00eb t\u00eb mask\u00ebs n\u00eb nj\u00eb en\u00eb qelqi ose plastike, JO n\u00eb nj\u00eb en\u00eb metalike, dhe shtoni gradualisht uj\u00eb t\u00eb ngroht\u00eb (p\u00ebraf\u00ebrsisht 1 lug\u00eb) derisa t\u00eb krijohet nj\u00eb mask\u00eb kremoze.<\/li>\n<li>L\u00ebreni mask\u00ebn t\u00eb thahet n\u00eb fytyr\u00eb p\u00ebr 5 deri n\u00eb 10 minuta. Koha e tharjes s\u00eb mask\u00ebs n\u00eb fytyr\u00eb varet nga tipi i l\u00ebkur\u00ebs. P\u00ebr t\u00eb hequr mask\u00ebn, mjafton nj\u00eb sfungjer i lag\u00ebt me uj\u00eb t\u00eb ngroht\u00eb ose thjesht\u00eb me nj\u00eb sasi t\u00eb konsiderueshme uj\u00eb.<\/li>\n<li>Kjo mask\u00eb mund t\u00eb p\u00ebrdoret deri n\u00eb 2 her\u00eb n\u00eb jav\u00eb.<\/li>\n<\/ol>\n","protected":false},"excerpt":{"rendered":"<p>Mask\u00eb natyrale p\u00ebr fytyr\u00eb, e krijuar p\u00ebr t\u00eb detoksifikuar, reduktuar aknet, p\u00ebrthithjen e yndyr\u00ebs s\u00eb tep\u00ebrt, dhe ndihmon n\u00eb largimin e papast\u00ebrtive nga l\u00ebkura.<\/p>\n","protected":false},"featured_media":5253,"comment_status":"open","ping_status":"closed","template":"","meta":[],"product_cat":[258,169],"product_tag":[195,213,201,200,212],"class_list":{"0":"post-5589","1":"product","2":"type-product","3":"status-publish","4":"has-post-thumbnail","6":"product_cat-kujdesi-per-fytyre","7":"product_cat-maske-per-fytyre","8":"product_tag-charcoal-sq","9":"product_tag-detox-mask-sq","10":"product_tag-exfoliating-mask-sq","11":"product_tag-facial-mask-sq","12":"product_tag-nettle-sq","14":"first","15":"outofstock","16":"shipping-taxable","17":"purchasable","18":"product-type-simple"},"aioseo_notices":[],"_links":{"self":[{"href":"https:\/\/huumenatural.com\/sq\/wp-json\/wp\/v2\/product\/5589","targetHints":{"allow":["GET"]}}],"collection":[{"href":"https:\/\/huumenatural.com\/sq\/wp-json\/wp\/v2\/product"}],"about":[{"href":"https:\/\/huumenatural.com\/sq\/wp-json\/wp\/v2\/types\/product"}],"replies":[{"embeddable":true,"href":"https:\/\/huumenatural.com\/sq\/wp-json\/wp\/v2\/comments?post=5589"}],"version-history":[{"count":2,"href":"https:\/\/huumenatural.com\/sq\/wp-json\/wp\/v2\/product\/5589\/revisions"}],"predecessor-version":[{"id":5591,"href":"https:\/\/huumenatural.com\/sq\/wp-json\/wp\/v2\/product\/5589\/revisions\/5591"}],"wp:featuredmedia":[{"embeddable":true,"href":"https:\/\/huumenatural.com\/sq\/wp-json\/wp\/v2\/media\/5253"}],"wp:attachment":[{"href":"https:\/\/huumenatural.com\/sq\/wp-json\/wp\/v2\/media?parent=5589"}],"wp:term":[{"taxonomy":"product_cat","embeddable":true,"href":"https:\/\/huumenatural.com\/sq\/wp-json\/wp\/v2\/product_cat?post=5589"},{"taxonomy":"product_tag","embeddable":true,"href":"https:\/\/huumenatural.com\/sq\/wp-json\/wp\/v2\/product_tag?post=5589"}],"curies":[{"name":"wp","href":"https:\/\/api.w.org\/{rel}","templated":true}]}}