{"id":5595,"date":"2022-02-03T15:45:22","date_gmt":"2022-02-03T15:45:22","guid":{"rendered":"https:\/\/huume-staging.albaconnect.com\/product\/shampoo-bar-bentonite-clay-castor-rosemary\/"},"modified":"2025-12-02T22:27:20","modified_gmt":"2025-12-02T22:27:20","slug":"sapun-per-floke-argjile-e-gjelbert-vaj-ricini-dhe-rozmarine","status":"publish","type":"product","link":"https:\/\/huumenatural.com\/sq\/product\/sapun-per-floke-argjile-e-gjelbert-vaj-ricini-dhe-rozmarine\/","title":{"rendered":"Sapun p\u00ebr flok\u00eb \u2013 Argjil\u00eb e gjelb\u00ebrt, vaj ricini dhe rozmarin\u00eb"},"content":{"rendered":"<p>Nj\u00eb sapun natyral p\u00ebr flok\u00eb, i formuluar me shum\u00eb kujdes, duke i l\u00ebn\u00eb flok\u00ebt tuaj t\u00eb but\u00eb dhe me shk\u00eblqim. Ideale p\u00ebr flok\u00eb t\u00eb that\u00eb dhe t\u00eb d\u00ebmtuar.<\/p>\n<p>\u2013 Stimulon rritjen e flok\u00ebve<br \/>\n\u2013 Detoksifikon skalpin nga toksinat<br \/>\n\u2013 Ushqen flok\u00ebt e that\u00eb dhe t\u00eb d\u00ebmtuar<br \/>\n\u2013 P\u00ebrmir\u00ebson struktur\u00ebn dhe i jep volum flok\u00ebve tuaj<\/p>\n<p><strong>P\u00ebrb\u00ebr\u00ebsit:<\/strong><\/p>\n<ul>\n<li>Vaj kokosi<\/li>\n<li>Gjalp\u00eb shea<\/li>\n<li>Vaj ulliri<\/li>\n<li>Vaj ricini<\/li>\n<li>Vaj jojoba<\/li>\n<li>Vaj eterik rozmarine<\/li>\n<li>Uj\u00eb<\/li>\n<li>Hidroksid natriumi<\/li>\n<li>Argjil\u00eb e gjelb\u00ebrt<\/li>\n<\/ul>\n<p><strong>Si ta p\u00ebrdorni:<\/strong><\/p>\n<ol>\n<li>F\u00ebrkojeni but\u00ebsisht sapunin n\u00eb flok\u00ebt dhe kok\u00ebn tuaj t\u00ebr\u00ebsisht t\u00eb lagur.<\/li>\n<li>Shtoni m\u00eb shum\u00eb uj\u00eb sipas nevoj\u00ebs, derisa t\u00eb krijohet nj\u00eb shkum\u00eb e konsiderueshme.<\/li>\n<li>N\u00ebse d\u00ebshironi t\u00eb arrini nj\u00eb shp\u00eblarje m\u00eb t\u00eb thell\u00eb, at\u00ebher\u00eb masazhoni flok\u00ebt duke p\u00ebrdorur nj\u00eb dorez\u00eb eksfolimi.<\/li>\n<li>Ju lutemi sigurohuni q\u00eb ta aplikoni sapunin nga lart deri posht\u00eb p\u00ebr t\u00eb shmangur ngat\u00ebrrimin e flok\u00ebve.<\/li>\n<li>Shp\u00ebrlani flok\u00ebt t\u00ebr\u00ebsisht.<\/li>\n<\/ol>\n","protected":false},"excerpt":{"rendered":"<p>Nj\u00eb sapun natyral p\u00ebr flok\u00eb, i formuluar me shum\u00eb kujdes, duke i l\u00ebn\u00eb flok\u00ebt tuaj t\u00eb but\u00eb dhe me shk\u00eblqim. Ideale p\u00ebr flok\u00eb t\u00eb that\u00eb dhe t\u00eb d\u00ebmtuar.<\/p>\n","protected":false},"featured_media":5313,"comment_status":"open","ping_status":"closed","template":"","meta":[],"product_cat":[250,168],"product_tag":[196,217,219,197,218],"class_list":{"0":"post-5595","1":"product","2":"type-product","3":"status-publish","4":"has-post-thumbnail","6":"product_cat-hair-sq","7":"product_cat-sapun","8":"product_tag-bentonite-clay-sq","9":"product_tag-castor-sq","10":"product_tag-dry-hair-sq","11":"product_tag-rosemary-sq","12":"product_tag-shampoo-bar-sq","14":"first","15":"instock","16":"shipping-taxable","17":"purchasable","18":"product-type-simple"},"aioseo_notices":[],"_links":{"self":[{"href":"https:\/\/huumenatural.com\/sq\/wp-json\/wp\/v2\/product\/5595","targetHints":{"allow":["GET"]}}],"collection":[{"href":"https:\/\/huumenatural.com\/sq\/wp-json\/wp\/v2\/product"}],"about":[{"href":"https:\/\/huumenatural.com\/sq\/wp-json\/wp\/v2\/types\/product"}],"replies":[{"embeddable":true,"href":"https:\/\/huumenatural.com\/sq\/wp-json\/wp\/v2\/comments?post=5595"}],"version-history":[{"count":4,"href":"https:\/\/huumenatural.com\/sq\/wp-json\/wp\/v2\/product\/5595\/revisions"}],"predecessor-version":[{"id":5886,"href":"https:\/\/huumenatural.com\/sq\/wp-json\/wp\/v2\/product\/5595\/revisions\/5886"}],"wp:featuredmedia":[{"embeddable":true,"href":"https:\/\/huumenatural.com\/sq\/wp-json\/wp\/v2\/media\/5313"}],"wp:attachment":[{"href":"https:\/\/huumenatural.com\/sq\/wp-json\/wp\/v2\/media?parent=5595"}],"wp:term":[{"taxonomy":"product_cat","embeddable":true,"href":"https:\/\/huumenatural.com\/sq\/wp-json\/wp\/v2\/product_cat?post=5595"},{"taxonomy":"product_tag","embeddable":true,"href":"https:\/\/huumenatural.com\/sq\/wp-json\/wp\/v2\/product_tag?post=5595"}],"curies":[{"name":"wp","href":"https:\/\/api.w.org\/{rel}","templated":true}]}}