{"id":5598,"date":"2022-02-03T11:15:00","date_gmt":"2022-02-03T11:15:00","guid":{"rendered":"https:\/\/huume-staging.albaconnect.com\/product\/facial-soap-cucumber-aloe-vera\/"},"modified":"2022-06-19T10:46:59","modified_gmt":"2022-06-19T10:46:59","slug":"sapun-per-fytyre-tranguj-dhe-aloe-vera","status":"publish","type":"product","link":"https:\/\/huumenatural.com\/sq\/product\/sapun-per-fytyre-tranguj-dhe-aloe-vera\/","title":{"rendered":"Sapun p\u00ebr fytyr\u00eb \u2013 Tranguj dhe aloe vera"},"content":{"rendered":"<p>Ky sapun freskues \u00ebsht\u00eb zgjedhja perfekte p\u00ebr ta ushqyer dhe hidratuar l\u00ebkur\u00ebn, si dhe p\u00ebr ta rikthyer lag\u00ebshtin\u00eb e nevojshme. Ideale p\u00ebr t\u00eb gjitha tipet e l\u00ebkur\u00ebs.<\/p>\n<p>\u2013 Hidraton thell\u00ebsisht dhe rinon l\u00ebkur\u00ebn<br \/>\n\u2013 Aloe Vera \u00ebsht\u00eb e pasur me antioksidant\u00eb<br \/>\n\u2013 Qet\u00ebson l\u00ebkur\u00ebn e irrituar<br \/>\n\u2013 Ndihmon n\u00eb luftimin e akneve dhe zvog\u00eblimin e rrudhave<br \/>\n\u2013 Trangujt jan\u00eb t\u00eb pasura me vitaminat A, B, C dhe K. Gjithashtu ofron hidratim t\u00eb thell\u00eb p\u00ebr shkak t\u00eb p\u00ebrmbajtj\u00ebs s\u00eb lart\u00eb t\u00eb ujit prej 96%.<\/p>\n<p><strong>P\u00ebrb\u00ebr\u00ebsit:<\/strong><\/p>\n<ul>\n<li>L\u00ebng natyral i trangullit<\/li>\n<li>Aloe vera<\/li>\n<li>Vaj kokosi<\/li>\n<li>Vaj ulliri<\/li>\n<li>Vaj ricini<\/li>\n<li>Uj\u00eb<\/li>\n<li>Vaj eterik limoni<\/li>\n<li>Vaj eterik jazmine<\/li>\n<li>Hidroksid natriumi<\/li>\n<li>Argjil\u00eb e bardh\u00eb<\/li>\n<\/ul>\n<p><strong>Si t\u00eb p\u00ebrdorni:<\/strong><\/p>\n<ol>\n<li>Shp\u00ebrlajeni fytyr\u00ebn dhe duart me uj\u00eb.<\/li>\n<li>F\u00ebrrkoni sapunin me duar q\u00eb t\u00eb krijohet shkuma e duhur.<\/li>\n<li>Masazhojeni but\u00ebsisht n\u00eb l\u00ebkur\u00eb me l\u00ebvizje rrethore.<\/li>\n<li>Shp\u00ebrlajeni fytyr\u00ebn me uj\u00eb dhe thajeni but\u00ebsisht me nj\u00eb peshqir t\u00eb but\u00eb.<\/li>\n<\/ol>\n","protected":false},"excerpt":{"rendered":"<p>Ky sapun freskues \u00ebsht\u00eb zgjedhja perfekte p\u00ebr ta ushqyer dhe hidratuar l\u00ebkur\u00ebn, si dhe p\u00ebr ta rikthyer lag\u00ebshtin\u00eb e nevojshme. Ideale p\u00ebr t\u00eb gjitha tipet e l\u00ebkur\u00ebs.<\/p>\n","protected":false},"featured_media":5234,"comment_status":"open","ping_status":"closed","template":"","meta":[],"product_cat":[258,168],"product_tag":[222,220,214,221],"class_list":{"0":"post-5598","1":"product","2":"type-product","3":"status-publish","4":"has-post-thumbnail","6":"product_cat-kujdesi-per-fytyre","7":"product_cat-sapun","8":"product_tag-aloe-vera-sq","9":"product_tag-cucumber-sq","10":"product_tag-facial-soap-sq","11":"product_tag-refreshing-soap-sq","13":"first","14":"outofstock","15":"shipping-taxable","16":"purchasable","17":"product-type-simple"},"aioseo_notices":[],"_links":{"self":[{"href":"https:\/\/huumenatural.com\/sq\/wp-json\/wp\/v2\/product\/5598","targetHints":{"allow":["GET"]}}],"collection":[{"href":"https:\/\/huumenatural.com\/sq\/wp-json\/wp\/v2\/product"}],"about":[{"href":"https:\/\/huumenatural.com\/sq\/wp-json\/wp\/v2\/types\/product"}],"replies":[{"embeddable":true,"href":"https:\/\/huumenatural.com\/sq\/wp-json\/wp\/v2\/comments?post=5598"}],"version-history":[{"count":3,"href":"https:\/\/huumenatural.com\/sq\/wp-json\/wp\/v2\/product\/5598\/revisions"}],"predecessor-version":[{"id":5891,"href":"https:\/\/huumenatural.com\/sq\/wp-json\/wp\/v2\/product\/5598\/revisions\/5891"}],"wp:featuredmedia":[{"embeddable":true,"href":"https:\/\/huumenatural.com\/sq\/wp-json\/wp\/v2\/media\/5234"}],"wp:attachment":[{"href":"https:\/\/huumenatural.com\/sq\/wp-json\/wp\/v2\/media?parent=5598"}],"wp:term":[{"taxonomy":"product_cat","embeddable":true,"href":"https:\/\/huumenatural.com\/sq\/wp-json\/wp\/v2\/product_cat?post=5598"},{"taxonomy":"product_tag","embeddable":true,"href":"https:\/\/huumenatural.com\/sq\/wp-json\/wp\/v2\/product_tag?post=5598"}],"curies":[{"name":"wp","href":"https:\/\/api.w.org\/{rel}","templated":true}]}}