{"id":5601,"date":"2022-02-03T15:51:03","date_gmt":"2022-02-03T15:51:03","guid":{"rendered":"https:\/\/huume-staging.albaconnect.com\/product\/shampoo-bar-nettle-parsley\/"},"modified":"2024-12-11T09:22:34","modified_gmt":"2024-12-11T09:22:34","slug":"sapun-per-floke-hither-dhe-majdanoz","status":"publish","type":"product","link":"https:\/\/huumenatural.com\/sq\/product\/sapun-per-floke-hither-dhe-majdanoz\/","title":{"rendered":"Sapun p\u00ebr flok\u00eb \u2013 Hith\u00ebr dhe majdanoz"},"content":{"rendered":"<p>Nj\u00eb sapun natyral p\u00ebr flok\u00eb, i formuluar me shum\u00eb kujdes, duke i l\u00ebn\u00eb flok\u00ebt tuaj t\u00eb but\u00eb dhe me shk\u00eblqim. Ideale p\u00ebr flok\u00eb normal\u00eb dhe t\u00eb yndyrsh\u00ebm.<\/p>\n<p>\u2013 Hithra parandalon r\u00ebnien e flok\u00ebve, stimulon rritjen dhe shk\u00eblqimin e shtuar<br \/>\n\u2013 Ndihmon n\u00eb trajtimin dhe eliminimin efektiv t\u00eb zbokthit, si dhe zvog\u00eblon yndyr\u00ebn e tep\u00ebrt<br \/>\n\u2013 Majdanozi \u00ebsht\u00eb i pasur me vitamina dhe antioksidant\u00eb thelb\u00ebsor\u00eb p\u00ebr mbrojtjen e flok\u00ebve<br \/>\n\u2013 Pasuron ngjyr\u00ebn e flok\u00ebve dhe ofron shk\u00eblqim shtes\u00eb p\u00ebr flok\u00ebt<\/p>\n<p><strong>P\u00ebrb\u00ebr\u00ebsit:<\/strong><\/p>\n<ul>\n<li>Gjalp\u00eb kakao<\/li>\n<li>Vaj kokosi<\/li>\n<li>Gjalp\u00eb shea<\/li>\n<li>Vaj ricini<\/li>\n<li>Uj\u00eb<\/li>\n<li>Hidroksid natriumi<\/li>\n<li>Vaj eterik rozmarine<\/li>\n<li>Vaj eterik limoni<\/li>\n<li>Hithra<\/li>\n<li>Majdanoz<\/li>\n<li>Argjil\u00eb e gjelb\u00ebrt<\/li>\n<li>Karbon aktiv<\/li>\n<\/ul>\n<p><strong>Si ta p\u00ebrdorni:<\/strong><\/p>\n<ol>\n<li>F\u00ebrkojeni but\u00ebsisht sapunin n\u00eb flok\u00ebt dhe kok\u00ebn tuaj t\u00ebr\u00ebsisht t\u00eb lagur.<\/li>\n<li>Shtoni m\u00eb shum\u00eb uj\u00eb sipas nevoj\u00ebs, derisa t\u00eb krijohet nj\u00eb shkum\u00eb e konsiderueshme.<\/li>\n<li>N\u00ebse d\u00ebshironi t\u00eb arrini nj\u00eb shp\u00eblarje m\u00eb t\u00eb thell\u00eb, at\u00ebher\u00eb masazhoni flok\u00ebt duke p\u00ebrdorur nj\u00eb dorez\u00eb eksfolimi.<\/li>\n<li>Ju lutemi sigurohuni q\u00eb ta aplikoni sapunin nga lart deri posht\u00eb p\u00ebr t\u00eb shmangur ngat\u00ebrrimin e flok\u00ebve.<\/li>\n<li>Shp\u00ebrlani flok\u00ebt t\u00ebr\u00ebsisht.<\/li>\n<\/ol>\n","protected":false},"excerpt":{"rendered":"<p>Nj\u00eb sapun natyral p\u00ebr flok\u00eb, i formuluar me shum\u00eb kujdes, duke i l\u00ebn\u00eb flok\u00ebt tuaj t\u00eb but\u00eb dhe me shk\u00eblqim. Ideale p\u00ebr flok\u00eb normal\u00eb dhe t\u00eb yndyrsh\u00ebm.<\/p>\n","protected":false},"featured_media":5239,"comment_status":"open","ping_status":"closed","template":"","meta":[],"product_cat":[250,168],"product_tag":[212,224,223,218],"class_list":{"0":"post-5601","1":"product","2":"type-product","3":"status-publish","4":"has-post-thumbnail","6":"product_cat-hair-sq","7":"product_cat-sapun","8":"product_tag-nettle-sq","9":"product_tag-oily-hair-sq","10":"product_tag-parsley-sq","11":"product_tag-shampoo-bar-sq","13":"first","14":"instock","15":"shipping-taxable","16":"purchasable","17":"product-type-simple"},"aioseo_notices":[],"_links":{"self":[{"href":"https:\/\/huumenatural.com\/sq\/wp-json\/wp\/v2\/product\/5601","targetHints":{"allow":["GET"]}}],"collection":[{"href":"https:\/\/huumenatural.com\/sq\/wp-json\/wp\/v2\/product"}],"about":[{"href":"https:\/\/huumenatural.com\/sq\/wp-json\/wp\/v2\/types\/product"}],"replies":[{"embeddable":true,"href":"https:\/\/huumenatural.com\/sq\/wp-json\/wp\/v2\/comments?post=5601"}],"version-history":[{"count":2,"href":"https:\/\/huumenatural.com\/sq\/wp-json\/wp\/v2\/product\/5601\/revisions"}],"predecessor-version":[{"id":5603,"href":"https:\/\/huumenatural.com\/sq\/wp-json\/wp\/v2\/product\/5601\/revisions\/5603"}],"wp:featuredmedia":[{"embeddable":true,"href":"https:\/\/huumenatural.com\/sq\/wp-json\/wp\/v2\/media\/5239"}],"wp:attachment":[{"href":"https:\/\/huumenatural.com\/sq\/wp-json\/wp\/v2\/media?parent=5601"}],"wp:term":[{"taxonomy":"product_cat","embeddable":true,"href":"https:\/\/huumenatural.com\/sq\/wp-json\/wp\/v2\/product_cat?post=5601"},{"taxonomy":"product_tag","embeddable":true,"href":"https:\/\/huumenatural.com\/sq\/wp-json\/wp\/v2\/product_tag?post=5601"}],"curies":[{"name":"wp","href":"https:\/\/api.w.org\/{rel}","templated":true}]}}