{"id":5604,"date":"2022-02-03T15:34:53","date_gmt":"2022-02-03T15:34:53","guid":{"rendered":"https:\/\/huume-staging.albaconnect.com\/product\/facial-soap-shea-butter-rose-clay\/"},"modified":"2023-04-14T23:16:17","modified_gmt":"2023-04-14T23:16:17","slug":"sapun-per-fytyren-gjalpe-shea-dhe-argjile-roze","status":"publish","type":"product","link":"https:\/\/huumenatural.com\/sq\/product\/sapun-per-fytyren-gjalpe-shea-dhe-argjile-roze\/","title":{"rendered":"Sapun p\u00ebr fytyr\u00eb \u2013 Gjalp\u00eb shea dhe argjil\u00eb roz\u00eb"},"content":{"rendered":"<p>Nj\u00eb sapun i but\u00eb p\u00ebr fytyr\u00ebn i formuluar me p\u00ebrb\u00ebr\u00ebsit natyrale m\u00eb cil\u00ebsore, p\u00ebr t\u00eb ndihmuar n\u00eb zbutjen dhe hidratimin e thell\u00eb t\u00eb l\u00ebkur\u00ebs tuaj.<\/p>\n<p>\u2013 Argjila roz\u00eb ndihmon n\u00eb largimin e papast\u00ebrtive nga l\u00ebkura dhe zvog\u00eblon poret e zmadhuara<br \/>\n\u2013 Zvog\u00eblon skuqjen dhe irritimin e l\u00ebkur\u00ebs \u2013 Gjalpi shea zbut, riparon dhe hidraton l\u00ebkur\u00ebn<br \/>\n\u2013 I pasur me vitamina A, E dhe F<\/p>\n<p><strong>P\u00ebrb\u00ebr\u00ebsit:<\/strong><\/p>\n<ul>\n<li>Vaj kokosi<\/li>\n<li>Gjalp\u00eb shea<\/li>\n<li>Vaj ulliri<\/li>\n<li>Vaj luledielli<\/li>\n<li>Uj\u00eb<\/li>\n<li>Hidroksid natriumi<\/li>\n<li>Vaj jojoba<\/li>\n<li>Vaj eterik rozmarine<\/li>\n<li>Argjil\u00eb roz\u00eb<\/li>\n<\/ul>\n<p><strong>Si t\u00eb p\u00ebrdorni:<\/strong><\/p>\n<ol>\n<li>Shp\u00ebrlajeni fytyr\u00ebn dhe duart me uj\u00eb.<\/li>\n<li>F\u00ebrrkoni sapunin me duar q\u00eb t\u00eb krijohet shkuma e duhur.<\/li>\n<li>Masazhojeni but\u00ebsisht n\u00eb l\u00ebkur\u00eb me l\u00ebvizje rrethore.<\/li>\n<li>Shp\u00ebrlajeni fytyr\u00ebn me uj\u00eb dhe thajeni but\u00ebsisht me nj\u00eb peshqir t\u00eb but\u00eb.<\/li>\n<\/ol>\n","protected":false},"excerpt":{"rendered":"<p>Nj\u00eb sapun i but\u00eb p\u00ebr fytyr\u00ebn i formular me p\u00ebrb\u00ebr\u00ebsit natyrale m\u00eb cil\u00ebsore, p\u00ebr t\u00eb ndihmuar n\u00eb zbutjen dhe hidratimin e thell\u00eb t\u00eb l\u00ebkur\u00ebs tuaj.<\/p>\n","protected":false},"featured_media":5236,"comment_status":"open","ping_status":"closed","template":"","meta":[],"product_cat":[258,168],"product_tag":[205,214,226,204,206,225],"class_list":{"0":"post-5604","1":"product","2":"type-product","3":"status-publish","4":"has-post-thumbnail","6":"product_cat-kujdesi-per-fytyre","7":"product_cat-sapun","8":"product_tag-dry-skin-sq","9":"product_tag-facial-soap-sq","10":"product_tag-mature-skin-sq","11":"product_tag-rose-clay-sq","12":"product_tag-sensitive-skin-sq","13":"product_tag-shea-buter-sq","15":"first","16":"instock","17":"shipping-taxable","18":"purchasable","19":"product-type-simple"},"aioseo_notices":[],"_links":{"self":[{"href":"https:\/\/huumenatural.com\/sq\/wp-json\/wp\/v2\/product\/5604","targetHints":{"allow":["GET"]}}],"collection":[{"href":"https:\/\/huumenatural.com\/sq\/wp-json\/wp\/v2\/product"}],"about":[{"href":"https:\/\/huumenatural.com\/sq\/wp-json\/wp\/v2\/types\/product"}],"replies":[{"embeddable":true,"href":"https:\/\/huumenatural.com\/sq\/wp-json\/wp\/v2\/comments?post=5604"}],"version-history":[{"count":5,"href":"https:\/\/huumenatural.com\/sq\/wp-json\/wp\/v2\/product\/5604\/revisions"}],"predecessor-version":[{"id":6100,"href":"https:\/\/huumenatural.com\/sq\/wp-json\/wp\/v2\/product\/5604\/revisions\/6100"}],"wp:featuredmedia":[{"embeddable":true,"href":"https:\/\/huumenatural.com\/sq\/wp-json\/wp\/v2\/media\/5236"}],"wp:attachment":[{"href":"https:\/\/huumenatural.com\/sq\/wp-json\/wp\/v2\/media?parent=5604"}],"wp:term":[{"taxonomy":"product_cat","embeddable":true,"href":"https:\/\/huumenatural.com\/sq\/wp-json\/wp\/v2\/product_cat?post=5604"},{"taxonomy":"product_tag","embeddable":true,"href":"https:\/\/huumenatural.com\/sq\/wp-json\/wp\/v2\/product_tag?post=5604"}],"curies":[{"name":"wp","href":"https:\/\/api.w.org\/{rel}","templated":true}]}}