{"id":5610,"date":"2022-02-03T11:08:47","date_gmt":"2022-02-03T11:08:47","guid":{"rendered":"https:\/\/huume-staging.albaconnect.com\/product\/detoxifying-facial-soap-activated-charcoal-tea-tree-oil\/"},"modified":"2025-11-21T13:43:25","modified_gmt":"2025-11-21T13:43:25","slug":"sapun-detoksifikues-per-fytyre-karbon-aktiv-dhe-vaj-teatree","status":"publish","type":"product","link":"https:\/\/huumenatural.com\/sq\/product\/sapun-detoksifikues-per-fytyre-karbon-aktiv-dhe-vaj-teatree\/","title":{"rendered":"Sapun detoksifikues p\u00ebr fytyr\u00eb \u2013 Karbon aktiv dhe vaj teatree"},"content":{"rendered":"<p>Ky sapun p\u00ebr fytyr\u00eb \u00ebsht\u00eb nj\u00eb \u201cbestseller\u201d n\u00eb mesin e produkteve tona, i njohur p\u00ebr cil\u00ebsit\u00eb e saj detoksifikuese dhe eksfoluese. Ideale p\u00ebr l\u00ebkur\u00eb t\u00eb yndyrshme dhe t\u00eb prirur ndaj akneve.<\/p>\n<p>\u2013 Ndihmon n\u00eb absorbimin e vajrave t\u00eb tep\u00ebrt dhe nxjerr papast\u00ebrtit\u00eb nga l\u00ebkura juaj<br \/>\n\u2013 Vepron si nj\u00eb eksfoliues efektiv duke hequr shtresat e vdekura t\u00eb qelizave t\u00eb l\u00ebkur\u00ebs<br \/>\n\u2013 Ndihmon n\u00eb trajtimin e akneve<br \/>\n\u2013 E b\u00ebn l\u00ebkur\u00ebn m\u00eb t\u00eb shtr\u00ebnguar dhe m\u00eb t\u00eb fort\u00eb<\/p>\n<p><strong>P\u00ebrb\u00ebr\u00ebsit:<\/strong><\/p>\n<ul>\n<li>Vaj kokosi<\/li>\n<li>Gjalp\u00eb shea<\/li>\n<li>Vaj ulliri<\/li>\n<li>Vaj luledielli<\/li>\n<li>Uj\u00eb<\/li>\n<li>Hidroksid natriumi<\/li>\n<li>Vaj eterik rozmarine<\/li>\n<li>Vaj eterik teatree<\/li>\n<li>Karbon aktiv<\/li>\n<\/ul>\n<p><strong>Si t\u00eb p\u00ebrdorni:<\/strong><\/p>\n<ol>\n<li>Shp\u00ebrlajeni fytyr\u00ebn dhe duart me uj\u00eb.<\/li>\n<li>F\u00ebrrkoni sapunin me duar q\u00eb t\u00eb krijohet shkuma e duhur.<\/li>\n<li>Masazhojeni but\u00ebsisht n\u00eb l\u00ebkur\u00eb me l\u00ebvizje rrethore.<\/li>\n<li>Shp\u00ebrlajeni fytyr\u00ebn me uj\u00eb dhe thajeni but\u00ebsisht me nj\u00eb peshqir t\u00eb but\u00eb.<\/li>\n<\/ol>\n","protected":false},"excerpt":{"rendered":"<p>Ky sapun p\u00ebr fytyr\u00eb \u00ebsht\u00eb nj\u00eb \u201cbestseller\u201d n\u00eb mesin e produkteve tona, i njohur p\u00ebr cil\u00ebsit\u00eb e saj detoksifikuese dhe eksfoluese. Ideale p\u00ebr l\u00ebkur\u00eb t\u00eb yndyrshme dhe t\u00eb prirur ndaj akneve.<\/p>\n","protected":false},"featured_media":5232,"comment_status":"open","ping_status":"closed","template":"","meta":[],"product_cat":[258,168],"product_tag":[229,231,214,230],"class_list":{"0":"post-5610","1":"product","2":"type-product","3":"status-publish","4":"has-post-thumbnail","6":"product_cat-kujdesi-per-fytyre","7":"product_cat-sapun","8":"product_tag-activated-charcoal-sq","9":"product_tag-detox-soap-sq","10":"product_tag-facial-soap-sq","11":"product_tag-tea-tree-oil-sq","13":"first","14":"instock","15":"shipping-taxable","16":"purchasable","17":"product-type-simple"},"aioseo_notices":[],"_links":{"self":[{"href":"https:\/\/huumenatural.com\/sq\/wp-json\/wp\/v2\/product\/5610","targetHints":{"allow":["GET"]}}],"collection":[{"href":"https:\/\/huumenatural.com\/sq\/wp-json\/wp\/v2\/product"}],"about":[{"href":"https:\/\/huumenatural.com\/sq\/wp-json\/wp\/v2\/types\/product"}],"replies":[{"embeddable":true,"href":"https:\/\/huumenatural.com\/sq\/wp-json\/wp\/v2\/comments?post=5610"}],"version-history":[{"count":4,"href":"https:\/\/huumenatural.com\/sq\/wp-json\/wp\/v2\/product\/5610\/revisions"}],"predecessor-version":[{"id":6201,"href":"https:\/\/huumenatural.com\/sq\/wp-json\/wp\/v2\/product\/5610\/revisions\/6201"}],"wp:featuredmedia":[{"embeddable":true,"href":"https:\/\/huumenatural.com\/sq\/wp-json\/wp\/v2\/media\/5232"}],"wp:attachment":[{"href":"https:\/\/huumenatural.com\/sq\/wp-json\/wp\/v2\/media?parent=5610"}],"wp:term":[{"taxonomy":"product_cat","embeddable":true,"href":"https:\/\/huumenatural.com\/sq\/wp-json\/wp\/v2\/product_cat?post=5610"},{"taxonomy":"product_tag","embeddable":true,"href":"https:\/\/huumenatural.com\/sq\/wp-json\/wp\/v2\/product_tag?post=5610"}],"curies":[{"name":"wp","href":"https:\/\/api.w.org\/{rel}","templated":true}]}}