{"id":5613,"date":"2022-02-03T15:41:15","date_gmt":"2022-02-03T15:41:15","guid":{"rendered":"https:\/\/huume-staging.albaconnect.com\/product\/facial-soap-turmeric-jojoba-oil\/"},"modified":"2025-07-02T15:15:02","modified_gmt":"2025-07-02T15:15:02","slug":"sapun-per-fytyre-kurkum-vaj-jojoba","status":"publish","type":"product","link":"https:\/\/huumenatural.com\/sq\/product\/sapun-per-fytyre-kurkum-vaj-jojoba\/","title":{"rendered":"Sapun p\u00ebr fytyr\u00eb \u2013 Kurkum &#038; vaj jojoba"},"content":{"rendered":"<p>Shijoni p\u00ebrfitimet e mrekullueshme t\u00eb kurkumit (turmeric) me k\u00ebt\u00eb sapun natyral, t\u00eb punuar me dor\u00eb, duke e l\u00ebn\u00eb l\u00ebkur\u00ebn tuaj t\u00eb fresk\u00ebt dhe t\u00eb past\u00ebr.<\/p>\n<p>\u2013 Ndihmon n\u00eb trajtimin e akneve dhe zvog\u00eblimin e shenjave<br \/>\n\u2013 P\u00ebrmban veti anti-inflamatore q\u00eb mund t\u00eb synojn\u00eb poret tuaja dhe t\u00eb qet\u00ebsojn\u00eb l\u00ebkur\u00ebn<br \/>\n\u2013 Stimulon qarkullimin e gjakut<br \/>\n\u2013 Ideal p\u00ebr l\u00ebkur\u00ebn e ndjeshme dhe t\u00eb prirur ndaj akneve<br \/>\n\u2013 Largon but\u00ebsisht qelizat e vdekura t\u00eb l\u00ebkur\u00ebs<\/p>\n<p><strong>P\u00ebrb\u00ebr\u00ebsit:<\/strong><\/p>\n<ul>\n<li>Vaj kokosi<\/li>\n<li>Gjalp\u00eb shea<\/li>\n<li>Vaj ulliri<\/li>\n<li>Vaj luledielli<\/li>\n<li>Uj\u00eb<\/li>\n<li>Hidroksid natriumi<\/li>\n<li>Vaj eterik rozmarine<\/li>\n<li>Vaj jojoba<\/li>\n<li>Kurkum<\/li>\n<\/ul>\n<p><strong>Si t\u00eb p\u00ebrdorni:<\/strong><\/p>\n<ol>\n<li>Shp\u00ebrlajeni fytyr\u00ebn dhe duart me uj\u00eb.<\/li>\n<li>F\u00ebrrkoni sapunin me duar q\u00eb t\u00eb krijohet shkuma e duhur.<\/li>\n<li>Masazhojeni but\u00ebsisht n\u00eb l\u00ebkur\u00eb me l\u00ebvizje rrethore.<\/li>\n<li>Shp\u00ebrlajeni fytyr\u00ebn me uj\u00eb dhe thajeni but\u00ebsisht me nj\u00eb peshqir t\u00eb but\u00eb.<\/li>\n<\/ol>\n","protected":false},"excerpt":{"rendered":"<p>Shijoni p\u00ebrfitimet e mrekullueshme t\u00eb kurkumit (turmeric) me k\u00ebt\u00eb sapun natyral, t\u00eb punuar me dor\u00eb, duke e l\u00ebn\u00eb l\u00ebkur\u00ebn tuaj t\u00eb fresk\u00ebt dhe t\u00eb past\u00ebr.<\/p>\n","protected":false},"featured_media":5327,"comment_status":"open","ping_status":"closed","template":"","meta":[],"product_cat":[258,168],"product_tag":[214,232,199],"class_list":{"0":"post-5613","1":"product","2":"type-product","3":"status-publish","4":"has-post-thumbnail","6":"product_cat-kujdesi-per-fytyre","7":"product_cat-sapun","8":"product_tag-facial-soap-sq","9":"product_tag-jojoba-oil-sq","10":"product_tag-turmeric-sq","12":"first","13":"instock","14":"shipping-taxable","15":"purchasable","16":"product-type-simple"},"aioseo_notices":[],"_links":{"self":[{"href":"https:\/\/huumenatural.com\/sq\/wp-json\/wp\/v2\/product\/5613","targetHints":{"allow":["GET"]}}],"collection":[{"href":"https:\/\/huumenatural.com\/sq\/wp-json\/wp\/v2\/product"}],"about":[{"href":"https:\/\/huumenatural.com\/sq\/wp-json\/wp\/v2\/types\/product"}],"replies":[{"embeddable":true,"href":"https:\/\/huumenatural.com\/sq\/wp-json\/wp\/v2\/comments?post=5613"}],"version-history":[{"count":3,"href":"https:\/\/huumenatural.com\/sq\/wp-json\/wp\/v2\/product\/5613\/revisions"}],"predecessor-version":[{"id":5888,"href":"https:\/\/huumenatural.com\/sq\/wp-json\/wp\/v2\/product\/5613\/revisions\/5888"}],"wp:featuredmedia":[{"embeddable":true,"href":"https:\/\/huumenatural.com\/sq\/wp-json\/wp\/v2\/media\/5327"}],"wp:attachment":[{"href":"https:\/\/huumenatural.com\/sq\/wp-json\/wp\/v2\/media?parent=5613"}],"wp:term":[{"taxonomy":"product_cat","embeddable":true,"href":"https:\/\/huumenatural.com\/sq\/wp-json\/wp\/v2\/product_cat?post=5613"},{"taxonomy":"product_tag","embeddable":true,"href":"https:\/\/huumenatural.com\/sq\/wp-json\/wp\/v2\/product_tag?post=5613"}],"curies":[{"name":"wp","href":"https:\/\/api.w.org\/{rel}","templated":true}]}}