{"id":5616,"date":"2022-02-03T15:52:57","date_gmt":"2022-02-03T15:52:57","guid":{"rendered":"https:\/\/huume-staging.albaconnect.com\/product\/mens-facial-soap-lemongrass-cinammon-clove\/"},"modified":"2025-11-21T13:43:25","modified_gmt":"2025-11-21T13:43:25","slug":"sapun-fytyre-per-meshkuj-vaj-i-barit-te-limonit-kanelle-dhe-karafil","status":"publish","type":"product","link":"https:\/\/huumenatural.com\/sq\/product\/sapun-fytyre-per-meshkuj-vaj-i-barit-te-limonit-kanelle-dhe-karafil\/","title":{"rendered":"Sapun fytyre p\u00ebr meshkuj \u2013 Vaj i barit t\u00eb limonit, kanell\u00eb dhe karafil"},"content":{"rendered":"<p>Nj\u00eb sapun natyral p\u00ebr fytyr\u00eb, i punuar me dor\u00eb, me nj\u00eb p\u00ebrzierje t\u00eb lezetshme t\u00eb barit t\u00eb limonit, kanell\u00ebs dhe karafilit, duke ofruar nj\u00eb arom\u00eb t\u00eb ngroht\u00eb dhe pikante. Ideale p\u00ebr t\u00eb gjitha tipet e l\u00ebkur\u00ebs.<\/p>\n<p>\u2013 Kanella shton lag\u00ebshti n\u00eb l\u00ebkur\u00eb, dhe gjithashtu mund t\u00eb ndihmoj\u00eb n\u00eb largimin e linjave t\u00eb holla n\u00eb fytyr\u00eb<br \/>\n\u2013 Vaji i karafilit ndihmon n\u00eb zvog\u00eblimin e mpiksjes s\u00eb l\u00ebkur\u00ebs dhe zbeh njollat<br \/>\n\u2013 Argjila e bardh\u00eb largon papast\u00ebrtit\u00eb nga l\u00ebkura pa e thar\u00eb ose pa shkaktuar ndonj\u00eb skuqje<\/p>\n<p><strong>P\u00ebrb\u00ebr\u00ebsit:<\/strong><\/p>\n<ul>\n<li>Vaj kokosi<\/li>\n<li>Vaj ulliri<\/li>\n<li>Vaj ricini<\/li>\n<li>Uj\u00eb<\/li>\n<li>Hidroksid natriumi<\/li>\n<li>Kanell\u00eb<\/li>\n<li>Karafil<\/li>\n<li>Vaj eterik rozmarine<\/li>\n<li>Vaj eterik i limonit<\/li>\n<li>Argjila e gjelb\u00ebrt<\/li>\n<li>Argjila e bardh\u00eb<\/li>\n<\/ul>\n<p><strong>Si ta p\u00ebrdorni:<\/strong><\/p>\n<ol>\n<li>\u00a0Shp\u00ebrlajeni fytyr\u00ebn dhe duart me uj\u00eb.<\/li>\n<li>F\u00ebrrkoni sapunin me duar q\u00eb t\u00eb krijohet shkuma e duhur.<\/li>\n<li>Masazhojeni but\u00ebsisht n\u00eb l\u00ebkur\u00eb me l\u00ebvizje rrethore.<\/li>\n<li>Shp\u00ebrlajeni fytyr\u00ebn me uj\u00eb dhe thajeni but\u00ebsisht me nj\u00eb peshqir t\u00eb but\u00eb.<\/li>\n<\/ol>\n","protected":false},"excerpt":{"rendered":"<p>Nj\u00eb sapun natyral p\u00ebr fytyr\u00eb, i punuar me dor\u00eb, me nj\u00eb p\u00ebrzierje t\u00eb lezetshme t\u00eb barit t\u00eb limonit, kanell\u00ebs dhe karafilit, duke ofruar nj\u00eb arom\u00eb t\u00eb ngroht\u00eb dhe pikante. Ideale p\u00ebr t\u00eb gjitha tipet e l\u00ebkur\u00ebs.<\/p>\n","protected":false},"featured_media":5240,"comment_status":"open","ping_status":"closed","template":"","meta":[],"product_cat":[258,168],"product_tag":[233,234,214,198,235],"class_list":{"0":"post-5616","1":"product","2":"type-product","3":"status-publish","4":"has-post-thumbnail","6":"product_cat-kujdesi-per-fytyre","7":"product_cat-sapun","8":"product_tag-cinnamon-sq","9":"product_tag-clove-sq","10":"product_tag-facial-soap-sq","11":"product_tag-lemongrass-sq","12":"product_tag-men-sq","14":"first","15":"instock","16":"shipping-taxable","17":"purchasable","18":"product-type-simple"},"aioseo_notices":[],"_links":{"self":[{"href":"https:\/\/huumenatural.com\/sq\/wp-json\/wp\/v2\/product\/5616","targetHints":{"allow":["GET"]}}],"collection":[{"href":"https:\/\/huumenatural.com\/sq\/wp-json\/wp\/v2\/product"}],"about":[{"href":"https:\/\/huumenatural.com\/sq\/wp-json\/wp\/v2\/types\/product"}],"replies":[{"embeddable":true,"href":"https:\/\/huumenatural.com\/sq\/wp-json\/wp\/v2\/comments?post=5616"}],"version-history":[{"count":3,"href":"https:\/\/huumenatural.com\/sq\/wp-json\/wp\/v2\/product\/5616\/revisions"}],"predecessor-version":[{"id":5885,"href":"https:\/\/huumenatural.com\/sq\/wp-json\/wp\/v2\/product\/5616\/revisions\/5885"}],"wp:featuredmedia":[{"embeddable":true,"href":"https:\/\/huumenatural.com\/sq\/wp-json\/wp\/v2\/media\/5240"}],"wp:attachment":[{"href":"https:\/\/huumenatural.com\/sq\/wp-json\/wp\/v2\/media?parent=5616"}],"wp:term":[{"taxonomy":"product_cat","embeddable":true,"href":"https:\/\/huumenatural.com\/sq\/wp-json\/wp\/v2\/product_cat?post=5616"},{"taxonomy":"product_tag","embeddable":true,"href":"https:\/\/huumenatural.com\/sq\/wp-json\/wp\/v2\/product_tag?post=5616"}],"curies":[{"name":"wp","href":"https:\/\/api.w.org\/{rel}","templated":true}]}}