{"id":5622,"date":"2022-02-03T11:04:43","date_gmt":"2022-02-03T11:04:43","guid":{"rendered":"https:\/\/huume-staging.albaconnect.com\/product\/body-soap-lavender\/"},"modified":"2025-11-21T13:43:25","modified_gmt":"2025-11-21T13:43:25","slug":"sapun-per-trup-livande","status":"publish","type":"product","link":"https:\/\/huumenatural.com\/sq\/product\/sapun-per-trup-livande\/","title":{"rendered":"Sapun p\u00ebr trup \u2013 Livand\u00eb"},"content":{"rendered":"<p>Nj\u00eb sapun relaksues p\u00ebr trupin, i mbushur me livand\u00eb t\u00eb fresk\u00ebt, duke e l\u00ebn\u00eb l\u00ebkur\u00ebn tuaj t\u00eb but\u00eb dhe t\u00eb m\u00ebndafsht\u00eb. Ideale p\u00ebr t\u00eb gjitha tipet e l\u00ebkur\u00ebs.<\/p>\n<p>\u2013 Livanda ndihmon n\u00eb reduktimin e inflamacionit t\u00eb l\u00ebkur\u00ebs dhe hiperpigmentimit, duke e b\u00ebr\u00eb l\u00ebkur\u00ebn t\u00eb but\u00eb<br \/>\n\u2013 \u00cbsht\u00eb zbuluar gjithashtu se livanda \u00ebsht\u00eb e shk\u00eblqyer p\u00ebr trajtimin e muskujve t\u00eb lodhur dhe t\u00eb ngurt\u00ebsuar<br \/>\n\u2013 Mund t\u00eb ndihmoj\u00eb n\u00eb qet\u00ebsimin apo zbutjen e ekzem\u00ebs dhe t\u00eb l\u00ebkur\u00ebs s\u00eb that\u00eb<\/p>\n<p><strong>P\u00ebrb\u00ebr\u00ebsit:<\/strong><\/p>\n<ul>\n<li>Coconut oil<\/li>\n<li>Shea butter<\/li>\n<li>Olive oil<\/li>\n<li>Sunflower oil<\/li>\n<li>Castor oil<\/li>\n<li>Water<\/li>\n<li>Lye<\/li>\n<li>Jojoba oil<\/li>\n<li>Rosemary essential oil<\/li>\n<li>Lavender essential oil<\/li>\n<li>Lavender dry leaves<\/li>\n<\/ul>\n<p><strong>Si ta p\u00ebrdorni:<\/strong><\/p>\n<ol>\n<li>F\u00ebrkoni nj\u00eb sfungjer t\u00eb lagur dushi me sapun disa her\u00eb derisa t\u00eb prodhohet sasia ideale e shkum\u00ebs. Gjithashtu mund ta aplikoni sapunin drejtp\u00ebrdrejt n\u00eb l\u00ebkur\u00eb t\u00eb lagur.<\/li>\n<li>Pastroni but\u00ebsisht trupin tuaj lart e posht\u00eb.<\/li>\n<li>Shp\u00ebrlajeni trupin me uj\u00eb dhe thajeni l\u00ebkur\u00ebn t\u00ebr\u00ebsisht me nj\u00eb peshqir t\u00eb but\u00eb kur t\u00eb mbaroni.<\/li>\n<\/ol>\n","protected":false},"excerpt":{"rendered":"<p>Nj\u00eb sapun relaksues p\u00ebr trupin, i mbushur me livand\u00eb t\u00eb fresk\u00ebt, duke e l\u00ebn\u00eb l\u00ebkur\u00ebn tuaj t\u00eb but\u00eb dhe t\u00eb m\u00ebndafsht\u00eb. Ideale p\u00ebr t\u00eb gjitha tipet e l\u00ebkur\u00ebs.<\/p>\n","protected":false},"featured_media":5231,"comment_status":"open","ping_status":"closed","template":"","meta":[],"product_cat":[171,168],"product_tag":[236,192],"class_list":{"0":"post-5622","1":"product","2":"type-product","3":"status-publish","4":"has-post-thumbnail","6":"product_cat-kujdesi-per-trupin","7":"product_cat-sapun","8":"product_tag-body-soap-sq","9":"product_tag-lavender-sq","11":"first","12":"instock","13":"shipping-taxable","14":"purchasable","15":"product-type-simple"},"aioseo_notices":[],"_links":{"self":[{"href":"https:\/\/huumenatural.com\/sq\/wp-json\/wp\/v2\/product\/5622","targetHints":{"allow":["GET"]}}],"collection":[{"href":"https:\/\/huumenatural.com\/sq\/wp-json\/wp\/v2\/product"}],"about":[{"href":"https:\/\/huumenatural.com\/sq\/wp-json\/wp\/v2\/types\/product"}],"replies":[{"embeddable":true,"href":"https:\/\/huumenatural.com\/sq\/wp-json\/wp\/v2\/comments?post=5622"}],"version-history":[{"count":2,"href":"https:\/\/huumenatural.com\/sq\/wp-json\/wp\/v2\/product\/5622\/revisions"}],"predecessor-version":[{"id":5896,"href":"https:\/\/huumenatural.com\/sq\/wp-json\/wp\/v2\/product\/5622\/revisions\/5896"}],"wp:featuredmedia":[{"embeddable":true,"href":"https:\/\/huumenatural.com\/sq\/wp-json\/wp\/v2\/media\/5231"}],"wp:attachment":[{"href":"https:\/\/huumenatural.com\/sq\/wp-json\/wp\/v2\/media?parent=5622"}],"wp:term":[{"taxonomy":"product_cat","embeddable":true,"href":"https:\/\/huumenatural.com\/sq\/wp-json\/wp\/v2\/product_cat?post=5622"},{"taxonomy":"product_tag","embeddable":true,"href":"https:\/\/huumenatural.com\/sq\/wp-json\/wp\/v2\/product_tag?post=5622"}],"curies":[{"name":"wp","href":"https:\/\/api.w.org\/{rel}","templated":true}]}}