{"id":5624,"date":"2022-02-03T10:58:43","date_gmt":"2022-02-03T10:58:43","guid":{"rendered":"https:\/\/huume-staging.albaconnect.com\/product\/body-scrub-cocoa-butter-coffee\/"},"modified":"2024-12-11T09:22:34","modified_gmt":"2024-12-11T09:22:34","slug":"sapun-skrub-per-trup-gjalpe-kakao-dhe-kafe","status":"publish","type":"product","link":"https:\/\/huumenatural.com\/sq\/product\/sapun-skrub-per-trup-gjalpe-kakao-dhe-kafe\/","title":{"rendered":"Sapun skrub p\u00ebr trup \u2013 Gjalp\u00eb kakao dhe kafe"},"content":{"rendered":"<p>Me p\u00ebrb\u00ebrje t\u00eb kafes\u00eb dhe gjalp\u00eb kakao, skrabi yn\u00eb p\u00ebr trup \u00ebsht\u00eb nj\u00eb klasik n\u00eb mesin e gam\u00ebs son\u00eb t\u00eb gjer\u00eb t\u00eb sapun\u00ebve. Ideale p\u00ebr t\u00eb gjitha tipet e l\u00ebkur\u00ebs.<\/p>\n<p>\u2013 Kafeja \u00ebsht\u00eb nj\u00eb eksfolues i shk\u00eblqyesh\u00ebm, duke ndihmuar n\u00eb pastrimin e but\u00eb t\u00eb qelizave t\u00eb vdekura t\u00eb l\u00ebkur\u00ebs.<br \/>\n\u2013 Antioksidant i fuqish\u00ebm kund\u00ebr celulitit dhe gjithashtu ndihmon n\u00eb tonifikimin e l\u00ebkur\u00ebs<br \/>\n\u2013 Gjalpi i kakaos \u00ebsht\u00eb i pasur me antioksidant\u00eb me veti kund\u00ebr plakjes, ndihmon n\u00eb qet\u00ebsimin dhe reduktimin e inflamacionit t\u00eb l\u00ebkur\u00ebs<br \/>\n\u2013 Hidraton thell\u00ebsisht l\u00ebkur\u00ebn.<\/p>\n<p><strong>P\u00ebrb\u00ebr\u00ebsit:<\/strong><\/p>\n<ul>\n<li>Gjalp\u00eb kakao<\/li>\n<li>Vaj kokosi<\/li>\n<li>Vaj ulliri<\/li>\n<li>Hidroksid natriumi<\/li>\n<li>Uj\u00eb<\/li>\n<li>Kafe e bluar<\/li>\n<\/ul>\n<p><strong>Si ta p\u00ebrdorni:<\/strong><\/p>\n<ol>\n<li>Sigurohuni q\u00eb trupi juaj t\u00eb jet\u00eb plot\u00ebsisht i lagur dhe i zbutur me uj\u00eb t\u00eb ngroht\u00eb p\u00ebr t\u00eb shmangur d\u00ebmtimin e l\u00ebkur\u00ebs tuaj.<\/li>\n<li>Aplikoni scrub-in me duar.<\/li>\n<li>Mbuloni trupin tuaj me nj\u00eb sasi t\u00eb mjaftueshme t\u00eb scrub-it.<\/li>\n<li>Masazhojeni sapunin n\u00eb l\u00ebkur\u00ebn tuaj duke p\u00ebrdorur l\u00ebvizje rrethore.<\/li>\n<li>Shp\u00eblarjeni trupin t\u00ebr\u00ebsisht me uj\u00eb.<\/li>\n<\/ol>\n","protected":false},"excerpt":{"rendered":"<p>Me p\u00ebrb\u00ebrje t\u00eb kafes\u00eb dhe gjalp\u00eb kakao, skrabi yn\u00eb p\u00ebr trup \u00ebsht\u00eb nj\u00eb klasik n\u00eb mesin e gam\u00ebs son\u00eb t\u00eb gjer\u00eb t\u00eb sapun\u00ebve. Ideale p\u00ebr t\u00eb gjitha tipet e l\u00ebkur\u00ebs.<\/p>\n","protected":false},"featured_media":5311,"comment_status":"open","ping_status":"closed","template":"","meta":[],"product_cat":[171,168],"product_tag":[237,172,203,227],"class_list":{"0":"post-5624","1":"product","2":"type-product","3":"status-publish","4":"has-post-thumbnail","6":"product_cat-kujdesi-per-trupin","7":"product_cat-sapun","8":"product_tag-body-scrub-sq","9":"product_tag-cocoa-butter-sq","10":"product_tag-coffee-sq","11":"product_tag-unscented-sq","13":"first","14":"outofstock","15":"shipping-taxable","16":"purchasable","17":"product-type-simple"},"aioseo_notices":[],"_links":{"self":[{"href":"https:\/\/huumenatural.com\/sq\/wp-json\/wp\/v2\/product\/5624","targetHints":{"allow":["GET"]}}],"collection":[{"href":"https:\/\/huumenatural.com\/sq\/wp-json\/wp\/v2\/product"}],"about":[{"href":"https:\/\/huumenatural.com\/sq\/wp-json\/wp\/v2\/types\/product"}],"replies":[{"embeddable":true,"href":"https:\/\/huumenatural.com\/sq\/wp-json\/wp\/v2\/comments?post=5624"}],"version-history":[{"count":3,"href":"https:\/\/huumenatural.com\/sq\/wp-json\/wp\/v2\/product\/5624\/revisions"}],"predecessor-version":[{"id":6092,"href":"https:\/\/huumenatural.com\/sq\/wp-json\/wp\/v2\/product\/5624\/revisions\/6092"}],"wp:featuredmedia":[{"embeddable":true,"href":"https:\/\/huumenatural.com\/sq\/wp-json\/wp\/v2\/media\/5311"}],"wp:attachment":[{"href":"https:\/\/huumenatural.com\/sq\/wp-json\/wp\/v2\/media?parent=5624"}],"wp:term":[{"taxonomy":"product_cat","embeddable":true,"href":"https:\/\/huumenatural.com\/sq\/wp-json\/wp\/v2\/product_cat?post=5624"},{"taxonomy":"product_tag","embeddable":true,"href":"https:\/\/huumenatural.com\/sq\/wp-json\/wp\/v2\/product_tag?post=5624"}],"curies":[{"name":"wp","href":"https:\/\/api.w.org\/{rel}","templated":true}]}}