{"id":5629,"date":"2022-02-05T11:59:28","date_gmt":"2022-02-05T11:59:28","guid":{"rendered":"https:\/\/huume-staging.albaconnect.com\/product\/lip-balm-mint\/"},"modified":"2022-03-17T21:20:14","modified_gmt":"2022-03-17T21:20:14","slug":"balsam-per-buze-mente","status":"publish","type":"product","link":"https:\/\/huumenatural.com\/sq\/product\/balsam-per-buze-mente\/","title":{"rendered":"Balsam p\u00ebr buz\u00eb \u2013 Ment\u00eb"},"content":{"rendered":"<p>Balsam natyral i buz\u00ebve me nj\u00eb arom\u00eb t\u00eb fresk\u00ebt menteje p\u00ebr t\u00eb ushqyer, mbrojtur dhe sh\u00ebruar buz\u00ebt tuaja.<\/p>\n<p><strong>P\u00ebrb\u00ebr\u00ebsit:<\/strong><\/p>\n<ul>\n<li>Gjalp\u00eb kakao<\/li>\n<li>Vaj kokosi<\/li>\n<li>Dyll blete<\/li>\n<li>Vaj jojoba<\/li>\n<li>Vaj eterik mente<\/li>\n<\/ul>\n<p><strong>Si ta p\u00ebrdorni:<\/strong><\/p>\n<ol>\n<li>Aplikoni balsamin but\u00ebsisht n\u00eb buz\u00ebn tuaj t\u00eb poshtme, duke filluar nga qendra dhe duke l\u00ebvizur drejt qosheve.<\/li>\n<li>Mbyllni buz\u00ebt p\u00ebr t\u00eb p\u00ebrhapur balsamin n\u00eb m\u00ebnyr\u00eb t\u00eb barabart\u00eb n\u00eb t\u00eb dyja an\u00ebt.<\/li>\n<li>Shtoni m\u00eb shum\u00eb balsam sipas nevoj\u00ebs, p\u00ebr t\u00eb shijuar buz\u00ebt e hidratuara dhe nj\u00eb arom\u00eb t\u00eb mrekullueshme.<\/li>\n<\/ol>\n","protected":false},"excerpt":{"rendered":"<p>Balsam natyral i buz\u00ebve me nj\u00eb arom\u00eb t\u00eb fresk\u00ebt menteje p\u00ebr t\u00eb ushqyer, mbrojtur dhe sh\u00ebruar buz\u00ebt tuaja.<\/p>\n","protected":false},"featured_media":5255,"comment_status":"open","ping_status":"closed","template":"","meta":[],"product_cat":[167],"product_tag":[238,191],"class_list":{"0":"post-5629","1":"product","2":"type-product","3":"status-publish","4":"has-post-thumbnail","6":"product_cat-balsam-per-buze","7":"product_tag-lip-balm-sq","8":"product_tag-mint-sq","10":"first","11":"outofstock","12":"shipping-taxable","13":"purchasable","14":"product-type-simple"},"aioseo_notices":[],"_links":{"self":[{"href":"https:\/\/huumenatural.com\/sq\/wp-json\/wp\/v2\/product\/5629","targetHints":{"allow":["GET"]}}],"collection":[{"href":"https:\/\/huumenatural.com\/sq\/wp-json\/wp\/v2\/product"}],"about":[{"href":"https:\/\/huumenatural.com\/sq\/wp-json\/wp\/v2\/types\/product"}],"replies":[{"embeddable":true,"href":"https:\/\/huumenatural.com\/sq\/wp-json\/wp\/v2\/comments?post=5629"}],"version-history":[{"count":2,"href":"https:\/\/huumenatural.com\/sq\/wp-json\/wp\/v2\/product\/5629\/revisions"}],"predecessor-version":[{"id":5631,"href":"https:\/\/huumenatural.com\/sq\/wp-json\/wp\/v2\/product\/5629\/revisions\/5631"}],"wp:featuredmedia":[{"embeddable":true,"href":"https:\/\/huumenatural.com\/sq\/wp-json\/wp\/v2\/media\/5255"}],"wp:attachment":[{"href":"https:\/\/huumenatural.com\/sq\/wp-json\/wp\/v2\/media?parent=5629"}],"wp:term":[{"taxonomy":"product_cat","embeddable":true,"href":"https:\/\/huumenatural.com\/sq\/wp-json\/wp\/v2\/product_cat?post=5629"},{"taxonomy":"product_tag","embeddable":true,"href":"https:\/\/huumenatural.com\/sq\/wp-json\/wp\/v2\/product_tag?post=5629"}],"curies":[{"name":"wp","href":"https:\/\/api.w.org\/{rel}","templated":true}]}}