{"id":6066,"date":"2022-05-29T12:38:31","date_gmt":"2022-05-29T12:38:31","guid":{"rendered":"https:\/\/huumenatural.com\/product\/castor-oil-100ml\/"},"modified":"2025-07-02T15:15:03","modified_gmt":"2025-07-02T15:15:03","slug":"vaj-ricini-100ml","status":"publish","type":"product","link":"https:\/\/huumenatural.com\/sq\/product\/vaj-ricini-100ml\/","title":{"rendered":"Vaj Ricini (100ml)"},"content":{"rendered":"<p>Vaj ricini (kastori), ideal p\u00ebr p\u00ebrdorim n\u00eb l\u00ebkur\u00eb dhe flok\u00eb.<\/p>\n<p><strong>P\u00ebrb\u00ebr\u00ebsit:<\/strong><\/p>\n<ul>\n<li>Vaj ricini (kastori)<\/li>\n<\/ul>\n<p><strong>P\u00ebrifimet:<\/strong><\/p>\n<ul>\n<li>Hidraton skalpin e that\u00eb<\/li>\n<li>Ndihmon n\u00eb parandalimin e r\u00ebnies s\u00eb flok\u00ebve<\/li>\n<li>Flok\u00eb voluminoz dhe t\u00eb fort\u00eb<\/li>\n<li>Vetulla m\u00eb t\u00eb trasha<\/li>\n<li>Qerpik\u00eb t\u00eb trash\u00eb dhe t\u00eb gjat\u00eb<\/li>\n<\/ul>\n","protected":false},"excerpt":{"rendered":"<p>Vaj ricini (kastori) organik, ideal p\u00ebr p\u00ebrdorim n\u00eb l\u00ebkur\u00eb dhe flok\u00eb.<\/p>\n","protected":false},"featured_media":6117,"comment_status":"open","ping_status":"closed","template":"","meta":[],"product_cat":[162,171,258,250,258],"product_tag":[],"class_list":{"0":"post-6066","1":"product","2":"type-product","3":"status-publish","4":"has-post-thumbnail","6":"product_cat-vajra","7":"product_cat-kujdesi-per-trupin","8":"product_cat-kujdesi-per-fytyre","9":"product_cat-hair-sq","12":"first","13":"instock","14":"shipping-taxable","15":"purchasable","16":"product-type-simple"},"aioseo_notices":[],"_links":{"self":[{"href":"https:\/\/huumenatural.com\/sq\/wp-json\/wp\/v2\/product\/6066","targetHints":{"allow":["GET"]}}],"collection":[{"href":"https:\/\/huumenatural.com\/sq\/wp-json\/wp\/v2\/product"}],"about":[{"href":"https:\/\/huumenatural.com\/sq\/wp-json\/wp\/v2\/types\/product"}],"replies":[{"embeddable":true,"href":"https:\/\/huumenatural.com\/sq\/wp-json\/wp\/v2\/comments?post=6066"}],"version-history":[{"count":2,"href":"https:\/\/huumenatural.com\/sq\/wp-json\/wp\/v2\/product\/6066\/revisions"}],"predecessor-version":[{"id":6088,"href":"https:\/\/huumenatural.com\/sq\/wp-json\/wp\/v2\/product\/6066\/revisions\/6088"}],"wp:featuredmedia":[{"embeddable":true,"href":"https:\/\/huumenatural.com\/sq\/wp-json\/wp\/v2\/media\/6117"}],"wp:attachment":[{"href":"https:\/\/huumenatural.com\/sq\/wp-json\/wp\/v2\/media?parent=6066"}],"wp:term":[{"taxonomy":"product_cat","embeddable":true,"href":"https:\/\/huumenatural.com\/sq\/wp-json\/wp\/v2\/product_cat?post=6066"},{"taxonomy":"product_tag","embeddable":true,"href":"https:\/\/huumenatural.com\/sq\/wp-json\/wp\/v2\/product_tag?post=6066"}],"curies":[{"name":"wp","href":"https:\/\/api.w.org\/{rel}","templated":true}]}}