{"id":6076,"date":"2022-05-29T13:03:44","date_gmt":"2022-05-29T13:03:44","guid":{"rendered":"https:\/\/huumenatural.com\/product\/body-scrub-coffee-vanilla\/"},"modified":"2023-04-14T23:16:19","modified_gmt":"2023-04-14T23:16:19","slug":"skrub-per-trup-kafe-dhe-vanille","status":"publish","type":"product","link":"https:\/\/huumenatural.com\/sq\/product\/skrub-per-trup-kafe-dhe-vanille\/","title":{"rendered":"Skrub p\u00ebr trup &#8211; Kafe &#038; Vanill\u00eb"},"content":{"rendered":"<p>Nj\u00eb skrub trupi i mbushur me p\u00ebrb\u00ebr\u00ebs t\u00eb pasur q\u00eb ndihmon n\u00eb riparimin, rigjenerimin dhe freskimin e l\u00ebkur\u00ebs tuaj.<\/p>\n<p><strong>P\u00ebrb\u00ebr\u00ebsit:<\/strong><\/p>\n<ul>\n<li>Krip\u00eb deti<\/li>\n<li>Kafe<\/li>\n<li>Vaj kokosi<\/li>\n<li>Vaj i bademit t\u00eb \u00ebmb\u00ebl<\/li>\n<li>Vaj i far\u00ebs s\u00eb lulediellit<\/li>\n<li>Acid stearik<\/li>\n<li>Dyll blete<\/li>\n<li>Emulsifikues<\/li>\n<li>Fenoksietanol<\/li>\n<li>Glicerin\u00eb*<\/li>\n<li>Vaj vanille<\/li>\n<\/ul>\n<p><strong>P\u00ebrfitimet:<\/strong><\/p>\n<ul>\n<li>Kripa e detit ndihmon n\u00eb pastrimin e poreve, balancon yndyr\u00ebn dhe ruan lag\u00ebshtin\u00eb n\u00eb l\u00ebkur\u00ebn tuaj.<\/li>\n<li>Largon qelizat e vdekura<\/li>\n<li>Shk\u00eblqim<\/li>\n<li>Hidratim<\/li>\n<li>Redukton celulitin<\/li>\n<li>Ndihmon n\u00eb qarkullimin e gjakut<\/li>\n<\/ul>\n","protected":false},"excerpt":{"rendered":"<p>Nj\u00eb skrub trupi i mbushur me p\u00ebrb\u00ebr\u00ebs t\u00eb pasur q\u00eb ndihmon n\u00eb riparimin, rigjenerimin dhe freskimin e l\u00ebkur\u00ebs tuaj.<\/p>\n","protected":false},"featured_media":6239,"comment_status":"open","ping_status":"closed","template":"","meta":[],"product_cat":[171],"product_tag":[237,203,193],"class_list":{"0":"post-6076","1":"product","2":"type-product","3":"status-publish","4":"has-post-thumbnail","6":"product_cat-kujdesi-per-trupin","7":"product_tag-body-scrub-sq","8":"product_tag-coffee-sq","9":"product_tag-vanilla-sq","11":"first","12":"outofstock","13":"shipping-taxable","14":"purchasable","15":"product-type-simple"},"aioseo_notices":[],"_links":{"self":[{"href":"https:\/\/huumenatural.com\/sq\/wp-json\/wp\/v2\/product\/6076","targetHints":{"allow":["GET"]}}],"collection":[{"href":"https:\/\/huumenatural.com\/sq\/wp-json\/wp\/v2\/product"}],"about":[{"href":"https:\/\/huumenatural.com\/sq\/wp-json\/wp\/v2\/types\/product"}],"replies":[{"embeddable":true,"href":"https:\/\/huumenatural.com\/sq\/wp-json\/wp\/v2\/comments?post=6076"}],"version-history":[{"count":3,"href":"https:\/\/huumenatural.com\/sq\/wp-json\/wp\/v2\/product\/6076\/revisions"}],"predecessor-version":[{"id":6103,"href":"https:\/\/huumenatural.com\/sq\/wp-json\/wp\/v2\/product\/6076\/revisions\/6103"}],"wp:featuredmedia":[{"embeddable":true,"href":"https:\/\/huumenatural.com\/sq\/wp-json\/wp\/v2\/media\/6239"}],"wp:attachment":[{"href":"https:\/\/huumenatural.com\/sq\/wp-json\/wp\/v2\/media?parent=6076"}],"wp:term":[{"taxonomy":"product_cat","embeddable":true,"href":"https:\/\/huumenatural.com\/sq\/wp-json\/wp\/v2\/product_cat?post=6076"},{"taxonomy":"product_tag","embeddable":true,"href":"https:\/\/huumenatural.com\/sq\/wp-json\/wp\/v2\/product_tag?post=6076"}],"curies":[{"name":"wp","href":"https:\/\/api.w.org\/{rel}","templated":true}]}}