{"id":6119,"date":"2022-05-30T21:25:40","date_gmt":"2022-05-30T21:25:40","guid":{"rendered":"https:\/\/huumenatural.com\/product\/family-soap-yogurt-calendula\/"},"modified":"2022-07-10T10:52:35","modified_gmt":"2022-07-10T10:52:35","slug":"sapun-familjar-jogurt-dhe-kalendule","status":"publish","type":"product","link":"https:\/\/huumenatural.com\/sq\/product\/sapun-familjar-jogurt-dhe-kalendule\/","title":{"rendered":"Sapun familjar &#8211; Jogurt &#038; kalendul\u00eb"},"content":{"rendered":"<p>Nj\u00eb sapun natyral dhe i punuar me dor\u00eb, p\u00ebr fytyr\u00eb, trup dhe duar.\u00a0<strong>Ideale p\u00ebr l\u00ebkur\u00eb normale dhe t\u00eb ndjeshme.<\/strong><\/p>\n<p><strong>P\u00ebrfitimet:<\/strong><\/p>\n<ul>\n<li>Hidraton dhe sh\u00ebron l\u00ebkur\u00ebn e that\u00eb. Jogurti \u00ebsht\u00eb nj\u00eb burim i pasur i vitaminave B, p\u00ebrkat\u00ebsisht B2, B5 dhe B12, t\u00eb cilat hidratojn\u00eb dhe sh\u00ebrojn\u00eb l\u00ebkur\u00ebn e that\u00eb.<\/li>\n<li>Ndihmon n\u00eb parandalimin e shenjave t\u00eb hershme t\u00eb plakjes.<\/li>\n<li>Bllokon d\u00ebmtimet e l\u00ebkur\u00ebs nga rrezet e diellit<\/li>\n<li>Trajton aknet dhe pu\u00e7rrat<\/li>\n<li>Balancon tonin e l\u00ebkur\u00ebs<\/li>\n<li>Zvog\u00eblon rrath\u00ebt e err\u00ebt.<\/li>\n<\/ul>\n<p><strong>P\u00ebrb\u00ebr\u00ebsit<em>:<\/em><\/strong><em>\u00a0<\/em><\/p>\n<ul>\n<li>Vaj ulliri<\/li>\n<li>Vaj kokosi<\/li>\n<li>Uj\u00eb i destiluar<\/li>\n<li>Hidroksid natriumi<\/li>\n<li>Jogurt<\/li>\n<li>Vaj luledielli<\/li>\n<li>Vaj ricini<\/li>\n<li>Kalendul\u00eb<\/li>\n<\/ul>\n","protected":false},"excerpt":{"rendered":"<p>Nj\u00eb sapun natyral dhe i punuar me dor\u00eb, p\u00ebr fytyr\u00eb, trup dhe duar.\u00a0<strong>Ideale p\u00ebr l\u00ebkur\u00eb normale dhe t\u00eb ndjeshme.<\/strong><\/p>\n","protected":false},"featured_media":6112,"comment_status":"open","ping_status":"closed","template":"","meta":[],"product_cat":[171,258,168],"product_tag":[184,256,257],"class_list":{"0":"post-6119","1":"product","2":"type-product","3":"status-publish","4":"has-post-thumbnail","6":"product_cat-kujdesi-per-trupin","7":"product_cat-kujdesi-per-fytyre","8":"product_cat-sapun","9":"product_tag-calendula-sq","10":"product_tag-family-soap-sq","11":"product_tag-yogurt-sq","13":"first","14":"outofstock","15":"shipping-taxable","16":"purchasable","17":"product-type-simple"},"aioseo_notices":[],"_links":{"self":[{"href":"https:\/\/huumenatural.com\/sq\/wp-json\/wp\/v2\/product\/6119","targetHints":{"allow":["GET"]}}],"collection":[{"href":"https:\/\/huumenatural.com\/sq\/wp-json\/wp\/v2\/product"}],"about":[{"href":"https:\/\/huumenatural.com\/sq\/wp-json\/wp\/v2\/types\/product"}],"replies":[{"embeddable":true,"href":"https:\/\/huumenatural.com\/sq\/wp-json\/wp\/v2\/comments?post=6119"}],"version-history":[{"count":3,"href":"https:\/\/huumenatural.com\/sq\/wp-json\/wp\/v2\/product\/6119\/revisions"}],"predecessor-version":[{"id":6122,"href":"https:\/\/huumenatural.com\/sq\/wp-json\/wp\/v2\/product\/6119\/revisions\/6122"}],"wp:featuredmedia":[{"embeddable":true,"href":"https:\/\/huumenatural.com\/sq\/wp-json\/wp\/v2\/media\/6112"}],"wp:attachment":[{"href":"https:\/\/huumenatural.com\/sq\/wp-json\/wp\/v2\/media?parent=6119"}],"wp:term":[{"taxonomy":"product_cat","embeddable":true,"href":"https:\/\/huumenatural.com\/sq\/wp-json\/wp\/v2\/product_cat?post=6119"},{"taxonomy":"product_tag","embeddable":true,"href":"https:\/\/huumenatural.com\/sq\/wp-json\/wp\/v2\/product_tag?post=6119"}],"curies":[{"name":"wp","href":"https:\/\/api.w.org\/{rel}","templated":true}]}}