{"id":6138,"date":"2022-06-04T08:33:28","date_gmt":"2022-06-04T08:33:28","guid":{"rendered":"https:\/\/huumenatural.com\/product\/cleansing-face-wash-powder-oat-rice-grapeseed\/"},"modified":"2022-07-10T10:54:23","modified_gmt":"2022-07-10T10:54:23","slug":"pastrues-fytyre-tershere-oriz-fara-rrushi","status":"publish","type":"product","link":"https:\/\/huumenatural.com\/sq\/product\/pastrues-fytyre-tershere-oriz-fara-rrushi\/","title":{"rendered":"Pastrues Fytyre (n\u00eb form\u00eb pluhuri) &#8211; T\u00ebrsh\u00ebr\u00eb, oriz dhe fara rrushi"},"content":{"rendered":"<p>Pastrues fytyre n\u00eb form\u00eb pluhuri \u00ebsht\u00eb nj\u00eb formul\u00eb 100% natyrale dhe pa p\u00ebrmbajtje t\u00eb ujit, e cila p\u00ebrmban p\u00ebrb\u00ebr\u00ebs hidratues dhe qet\u00ebsues si t\u00ebrsh\u00ebra, orizi dhe vaji i farave t\u00eb rrushit. Produkti \u00ebsht\u00eb formuluar q\u00eb t\u00eb jet\u00eb miq\u00ebsor edhe p\u00ebr udh\u00ebtimet p\u00ebr shkak t\u00eb formatit t\u00eb tij pluhur. Gjithashtu, produkti ushqen l\u00ebkur\u00ebn, largon grimin e leht\u00eb dhe papast\u00ebrtit\u00eb dhe zbut l\u00ebkur\u00ebn.<\/p>\n<p><strong>P\u00ebrfitimet:<\/strong><\/p>\n<ul>\n<li>E pasur me vitamina: A, B, E, magnez, hekur dhe zink<\/li>\n<li>Tonifikon l\u00ebkur\u00ebn<\/li>\n<li>Redukton poret e hapura<\/li>\n<li>E b\u00ebn l\u00ebkur\u00ebn m\u00eb t\u00eb shndritshme dhe m\u00eb t\u00eb but\u00eb<\/li>\n<li>Ndihmon n\u00eb reduktimin e pigmentimit dhe i jep l\u00ebkur\u00ebs shk\u00eblqim natyral<\/li>\n<li>Pa arom\u00eb dhe ngjyr\u00eb sintetike<\/li>\n<li>I p\u00ebrshtatsh\u00ebm p\u00ebr t\u00eb gjitha llojet e l\u00ebkur\u00ebs<\/li>\n<li>P\u00ebr Femra dhe Meshkuj<\/li>\n<li>Me paketim miq\u00ebsor ndaj mjedisit<\/li>\n<\/ul>\n<p><strong>P\u00ebrb\u00ebr\u00ebsit:<\/strong> Argjil\u00eb e bardh\u00eb, kokoil isetionati i natriumit (CSI), nisheste, t\u00ebrsh\u00ebsh\u00ebr\u00eb pluhur, qiqrra pluhur, oriz pluhur, vaj i farave t\u00eb rrushit, Vitamin E.<\/p>\n<p><strong>Argjila e bardh\u00eb:<\/strong> Qet\u00ebson l\u00ebkur\u00ebn, lufton aknet, tonifikon l\u00ebkur\u00ebn<br \/>\n<strong>CSI:<\/strong> E njohur zakonisht si shkuma e bebeve p\u00ebr shkak t\u00eb but\u00ebsis\u00eb s\u00eb saj t\u00eb jasht\u00ebzakonshme, kokoil isetionati i natriumit i cili \u00ebsht\u00eb surfaktant dhe p\u00ebrfitohet nga vaji i kokosit.<br \/>\n<strong>Nisheste:<\/strong> E pasur me vitamin A, hidraton, zbardh l\u00ebkur\u00ebn, kund\u00ebr rrudhave, \u00a0p\u00ebrthith vajin e tep\u00ebrt n\u00eb l\u00ebkur\u00eb..<br \/>\n<strong>T\u00ebrsh\u00ebra<\/strong>: Hidraton, \u00a0zbut kruarjen dhe inflamacionin n\u00eb l\u00ebkur\u00eb.<br \/>\n<strong>Qiqrra:<\/strong> E pasur me vitamin B, magnez, zink, hekur dhe baker. Redukton rrudhat.<br \/>\n<strong>Oriz<\/strong>: Anti inflamator dhe antioksidant. Ndihmon n\u00eb zbardhjen e l\u00ebkur\u00ebs.<br \/>\n<strong>Vaji i farave t\u00eb rrushit<\/strong>: Antimikrobik, ndihmon n\u00eb zbutjen e shenjave t\u00eb akneve, mbron nga radikalet e lira, hidraton l\u00ebkur\u00ebn, p\u00ebrthithet leht\u00eb, minimizon linjat e holla dhe rrudhat<br \/>\n<strong>Vitamin E:<\/strong> Antioksidant, hidratues, qet\u00ebn irritimin, kunder rrudhave.<\/p>\n<p><strong>SI T\u00cb P\u00cbRDORET:<\/strong> Hidheni produktin n\u00eb duar t\u00eb lagura, shtoni disa pika uj\u00eb dhe f\u00ebrkoni p\u00ebll\u00ebmb\u00ebt e duarve derisa pluhuri t\u00eb aktivizohet plot\u00ebsisht n\u00eb nj\u00eb shkum\u00eb kremoze. Masazhojeni but\u00ebsisht n\u00eb l\u00ebkur\u00eb duke shmangur zon\u00ebn e syve, m\u00eb pas shp\u00ebrlani me uj\u00eb t\u00eb ngroht\u00eb.<\/p>\n<p><strong>V\u00cbREJTJE: <\/strong>Vet\u00ebm p\u00ebr p\u00ebrdorim t\u00eb jasht\u00ebm. Shmangni kontaktin me syt\u00eb. Mos e aplikoni n\u00eb l\u00ebkur\u00eb t\u00eb \u00e7ar\u00eb apo t\u00eb irrituar. N\u00ebse shfaqet ndjeshm\u00ebri, nd\u00ebrpriteni p\u00ebrdorimin. Shmangni k\u00ebt\u00eb produkt n\u00ebse jeni alergjik ose i ndjesh\u00ebm ndaj ndonj\u00eb prej p\u00ebrb\u00ebr\u00ebsve. Mbajeni larg f\u00ebmij\u00ebve. Ruani n\u00eb nj\u00eb vend t\u00eb that\u00eb t\u00eb fresk\u00ebt.<\/p>\n","protected":false},"excerpt":{"rendered":"<p>Pastrues fytyre n\u00eb form\u00eb pluhuri \u00ebsht\u00eb nj\u00eb formul\u00eb 100% natyrale dhe pa p\u00ebrmbajtje t\u00eb ujit, e cila p\u00ebrmban p\u00ebrb\u00ebr\u00ebs hidratues dhe qet\u00ebsues si t\u00ebrsh\u00ebra, orizi dhe vaji i farave t\u00eb rrushit. Produkti \u00ebsht\u00eb formuluar q\u00eb t\u00eb jet\u00eb miq\u00ebsor edhe p\u00ebr udh\u00ebtimet p\u00ebr shkak t\u00eb formatit t\u00eb tij pluhur. Gjithashtu, produkti ushqen l\u00ebkur\u00ebn, largon grimin e leht\u00eb dhe papast\u00ebrtit\u00eb dhe zbut l\u00ebkur\u00ebn.<\/p>\n","protected":false},"featured_media":6514,"comment_status":"open","ping_status":"closed","template":"","meta":[],"product_cat":[258],"product_tag":[264,265,176,266,267,268],"class_list":{"0":"post-6138","1":"product","2":"type-product","3":"status-publish","4":"has-post-thumbnail","6":"product_cat-kujdesi-per-fytyre","7":"product_tag-cleansing-sq","8":"product_tag-face-wash-sq","9":"product_tag-grapeseed-sq","10":"product_tag-oat-sq","11":"product_tag-powder-sq","12":"product_tag-rice-sq","14":"first","15":"outofstock","16":"shipping-taxable","17":"purchasable","18":"product-type-simple"},"aioseo_notices":[],"_links":{"self":[{"href":"https:\/\/huumenatural.com\/sq\/wp-json\/wp\/v2\/product\/6138","targetHints":{"allow":["GET"]}}],"collection":[{"href":"https:\/\/huumenatural.com\/sq\/wp-json\/wp\/v2\/product"}],"about":[{"href":"https:\/\/huumenatural.com\/sq\/wp-json\/wp\/v2\/types\/product"}],"replies":[{"embeddable":true,"href":"https:\/\/huumenatural.com\/sq\/wp-json\/wp\/v2\/comments?post=6138"}],"version-history":[{"count":2,"href":"https:\/\/huumenatural.com\/sq\/wp-json\/wp\/v2\/product\/6138\/revisions"}],"predecessor-version":[{"id":6140,"href":"https:\/\/huumenatural.com\/sq\/wp-json\/wp\/v2\/product\/6138\/revisions\/6140"}],"wp:featuredmedia":[{"embeddable":true,"href":"https:\/\/huumenatural.com\/sq\/wp-json\/wp\/v2\/media\/6514"}],"wp:attachment":[{"href":"https:\/\/huumenatural.com\/sq\/wp-json\/wp\/v2\/media?parent=6138"}],"wp:term":[{"taxonomy":"product_cat","embeddable":true,"href":"https:\/\/huumenatural.com\/sq\/wp-json\/wp\/v2\/product_cat?post=6138"},{"taxonomy":"product_tag","embeddable":true,"href":"https:\/\/huumenatural.com\/sq\/wp-json\/wp\/v2\/product_tag?post=6138"}],"curies":[{"name":"wp","href":"https:\/\/api.w.org\/{rel}","templated":true}]}}