{"id":6149,"date":"2022-06-04T08:47:43","date_gmt":"2022-06-04T08:47:43","guid":{"rendered":"https:\/\/huumenatural.com\/product\/micrograin-facial-scrub-adzuki-bean\/"},"modified":"2022-06-19T10:58:21","modified_gmt":"2022-06-19T10:58:21","slug":"skrub-per-fytyre-kokrra-azuki","status":"publish","type":"product","link":"https:\/\/huumenatural.com\/sq\/product\/skrub-per-fytyre-kokrra-azuki\/","title":{"rendered":"Skrub p\u00ebr fytyr\u00eb &#8211; Kokrra Azuki (Pluhur)"},"content":{"rendered":"<p><strong>\u00cbsht\u00eb organik, miq\u00ebsor ndaj mjedisit dhe i but\u00eb p\u00ebr l\u00ebkur\u00ebn.<\/strong><\/p>\n<ul>\n<li>Gjallon l\u00ebkur\u00ebn e pajet\u00eb<\/li>\n<li>Pastrohet n\u00eb thell\u00ebsi pa tharje<\/li>\n<li>E l\u00eb fytyr\u00ebn t\u00eb but\u00eb, t\u00eb l\u00ebmuar dhe me shk\u00eblqim.<\/li>\n<\/ul>\n<p>Kokrra azuki pluhur jan\u00eb p\u00ebrdorur n\u00eb Japoni p\u00ebr shekuj me radh\u00eb p\u00ebr t\u00eb eksfoluar but\u00ebsisht l\u00ebkur\u00ebn, duke i dh\u00ebn\u00eb asaj nj\u00eb shk\u00eblqim natyral. Kokrrat azuki p\u00ebrmbajn\u00eb n\u00eb m\u00ebnyr\u00eb natyrale saponin\u00eb, nj\u00eb agjent shkumues i cili pastron poret duke hequr qelizat e vdekura t\u00eb l\u00ebkur\u00ebs dhe duke nxjerr\u00eb jasht\u00eb yndyr\u00ebn dhe papast\u00ebrtit\u00eb e tep\u00ebrta. Gjithashtu zbut but\u00ebsisht l\u00ebkur\u00ebn dhe nxit qarkullimin e gjakut.<\/p>\n<p><strong>P\u00ebrfitimet:<\/strong><\/p>\n<ul>\n<li>Eksfoliron but\u00ebsisht pa e d\u00ebmtuar l\u00ebkur\u00ebn<\/li>\n<li>Zhbllokon poret<\/li>\n<li>Largon qelizat e vdekura t\u00eb l\u00ebkur\u00ebs<\/li>\n<li>Nxit qarkullimin dhe ofron shk\u00eblqim natyral<\/li>\n<li>I sigurt p\u00ebr t\u00eb gjitha llojet e l\u00ebkur\u00ebs p\u00ebrfshir\u00eb edhe ato me akne<\/li>\n<\/ul>\n<p><strong>P\u00ebrb\u00ebr\u00ebsit:<\/strong> Kokrra organike azuki pluhur<\/p>\n<p><strong>Pesha:<\/strong> 70 gr<\/p>\n<p><b>Si t\u00eb p\u00ebrdoret:<\/b> Hidheni produktin n\u00eb duar t\u00eb lagura, shtoni disa pika uj\u00eb. Masazhojeni but\u00ebsisht n\u00eb l\u00ebkur\u00eb duke shmangur zon\u00ebn e syve, m\u00eb pas shp\u00eblajeni me uj\u00eb t\u00eb ngroht\u00eb dhe thajeni<\/p>\n<p><b>V\u00ebrejtje:<\/b>\u00a0Jo p\u00ebr p\u00ebrdorim t\u00eb brendsh\u00ebm. Shmangni kontaktin me syt\u00eb. Mos e aplikoni n\u00eb l\u00ebkur\u00eb t\u00eb \u00e7ar\u00eb apo t\u00eb irrituar. N\u00ebse shfaqet ndjeshm\u00ebri, nd\u00ebrpriteni p\u00ebrdorimin. Shmangni k\u00ebt\u00eb produkt n\u00ebse jeni alergjik ose i ndjesh\u00ebm ndaj ndonj\u00eb prej p\u00ebrb\u00ebr\u00ebsve. Mbajeni larg f\u00ebmij\u00ebve. Ruani n\u00eb nj\u00eb vend t\u00eb that\u00eb t\u00eb fresk\u00ebt.<\/p>\n","protected":false},"excerpt":{"rendered":"<p>Kokrra azuki pluhur jan\u00eb p\u00ebrdorur n\u00eb Japoni p\u00ebr shekuj me radh\u00eb p\u00ebr t\u00eb eksfoluar but\u00ebsisht l\u00ebkur\u00ebn, duke i dh\u00ebn\u00eb asaj nj\u00eb shk\u00eblqim natyral. Kokrrat azuki p\u00ebrmbajn\u00eb n\u00eb m\u00ebnyr\u00eb natyrale saponin\u00eb, nj\u00eb agjent shkumues i cili pastron poret duke hequr qelizat e vdekura t\u00eb l\u00ebkur\u00ebs dhe duke nxjerr\u00eb jasht\u00eb yndyr\u00ebn dhe papast\u00ebrtit\u00eb e tep\u00ebrta. Gjithashtu zbut but\u00ebsisht l\u00ebkur\u00ebn dhe nxit qarkullimin e gjakut.<\/p>\n","protected":false},"featured_media":6147,"comment_status":"open","ping_status":"closed","template":"","meta":[],"product_cat":[258],"product_tag":[272,273,274],"class_list":{"0":"post-6149","1":"product","2":"type-product","3":"status-publish","4":"has-post-thumbnail","6":"product_cat-kujdesi-per-fytyre","7":"product_tag-adzuki-bean-sq","8":"product_tag-facial-scrub-sq","9":"product_tag-micrograin-sq","11":"first","12":"outofstock","13":"shipping-taxable","14":"purchasable","15":"product-type-simple"},"aioseo_notices":[],"_links":{"self":[{"href":"https:\/\/huumenatural.com\/sq\/wp-json\/wp\/v2\/product\/6149","targetHints":{"allow":["GET"]}}],"collection":[{"href":"https:\/\/huumenatural.com\/sq\/wp-json\/wp\/v2\/product"}],"about":[{"href":"https:\/\/huumenatural.com\/sq\/wp-json\/wp\/v2\/types\/product"}],"replies":[{"embeddable":true,"href":"https:\/\/huumenatural.com\/sq\/wp-json\/wp\/v2\/comments?post=6149"}],"version-history":[{"count":2,"href":"https:\/\/huumenatural.com\/sq\/wp-json\/wp\/v2\/product\/6149\/revisions"}],"predecessor-version":[{"id":6151,"href":"https:\/\/huumenatural.com\/sq\/wp-json\/wp\/v2\/product\/6149\/revisions\/6151"}],"wp:featuredmedia":[{"embeddable":true,"href":"https:\/\/huumenatural.com\/sq\/wp-json\/wp\/v2\/media\/6147"}],"wp:attachment":[{"href":"https:\/\/huumenatural.com\/sq\/wp-json\/wp\/v2\/media?parent=6149"}],"wp:term":[{"taxonomy":"product_cat","embeddable":true,"href":"https:\/\/huumenatural.com\/sq\/wp-json\/wp\/v2\/product_cat?post=6149"},{"taxonomy":"product_tag","embeddable":true,"href":"https:\/\/huumenatural.com\/sq\/wp-json\/wp\/v2\/product_tag?post=6149"}],"curies":[{"name":"wp","href":"https:\/\/api.w.org\/{rel}","templated":true}]}}