{"id":6209,"date":"2022-06-18T12:26:09","date_gmt":"2022-06-18T12:26:09","guid":{"rendered":"https:\/\/huumenatural.com\/product\/face-mask-rose-clay\/"},"modified":"2022-07-10T10:53:41","modified_gmt":"2022-07-10T10:53:41","slug":"maske-per-fytyre-me-argjile-roze","status":"publish","type":"product","link":"https:\/\/huumenatural.com\/sq\/product\/maske-per-fytyre-me-argjile-roze\/","title":{"rendered":"Mask\u00eb p\u00ebr fytyr\u00eb &#8211; Argjil\u00eb roz\u00eb (e gatshme p\u00ebr aplikim)"},"content":{"rendered":"<p>Kjo formul\u00eb ndihmon n\u00eb rinovimin e qelizave, p\u00ebrtritjen dhe p\u00ebrmir\u00ebsimin e elasticitetit t\u00eb l\u00ebkur\u00ebs.\u00a0 E but\u00eb dhe thell\u00ebsisht hidratuese, kjo mask\u00eb preferohet <strong>p\u00ebr l\u00ebkur\u00eb normale dhe t\u00eb that\u00eb.<\/strong><\/p>\n<p><strong>P\u00ebrfitimet:<\/strong><\/p>\n<ul>\n<li>Argjila roz\u00eb \u00ebsht\u00eb ideale p\u00ebr rigjenerimin e qelizave, p\u00ebrtritjen dhe p\u00ebrmir\u00ebsimin e elasticitetit e l\u00ebkur\u00ebs. Pastron dhe zbut irritimet e l\u00ebkur\u00ebs.<\/li>\n<li>Argjila e bardh\u00eb detoksifikon dhe pastron poret.<\/li>\n<li>Vaji farave t\u00eb rrushit \u00ebsht\u00eb i pasur me acid linoleic dhe me omega-6 q\u00eb mund t\u00eb ndihmon n\u00eb luftimin kund\u00ebr akneve si dhe hap poret e mbyllura. Ndihmon n\u00eb zbutjen e rrudhave.<\/li>\n<li>Vitamina E ndihmon n\u00eb mbrojtjen e qelizave si dhe zbut l\u00ebkur\u00ebn.<\/li>\n<\/ul>\n","protected":false},"excerpt":{"rendered":"<p>Kjo formul\u00eb ndihmon n\u00eb rinovimin e qelizave, p\u00ebrtritjen dhe p\u00ebrmir\u00ebsimin e elasticitetit t\u00eb l\u00ebkur\u00ebs.\u00a0 E but\u00eb dhe thell\u00ebsisht hidratuese, kjo mask\u00eb preferohet <strong>p\u00ebr l\u00ebkur\u00eb normale dhe t\u00eb that\u00eb.<\/strong><\/p>\n","protected":false},"featured_media":6184,"comment_status":"open","ping_status":"closed","template":"","meta":[],"product_cat":[258,169],"product_tag":[282,204],"class_list":{"0":"post-6209","1":"product","2":"type-product","3":"status-publish","4":"has-post-thumbnail","6":"product_cat-kujdesi-per-fytyre","7":"product_cat-maske-per-fytyre","8":"product_tag-face-mask-sq","9":"product_tag-rose-clay-sq","11":"first","12":"outofstock","13":"shipping-taxable","14":"purchasable","15":"product-type-simple"},"aioseo_notices":[],"_links":{"self":[{"href":"https:\/\/huumenatural.com\/sq\/wp-json\/wp\/v2\/product\/6209","targetHints":{"allow":["GET"]}}],"collection":[{"href":"https:\/\/huumenatural.com\/sq\/wp-json\/wp\/v2\/product"}],"about":[{"href":"https:\/\/huumenatural.com\/sq\/wp-json\/wp\/v2\/types\/product"}],"replies":[{"embeddable":true,"href":"https:\/\/huumenatural.com\/sq\/wp-json\/wp\/v2\/comments?post=6209"}],"version-history":[{"count":2,"href":"https:\/\/huumenatural.com\/sq\/wp-json\/wp\/v2\/product\/6209\/revisions"}],"predecessor-version":[{"id":6211,"href":"https:\/\/huumenatural.com\/sq\/wp-json\/wp\/v2\/product\/6209\/revisions\/6211"}],"wp:featuredmedia":[{"embeddable":true,"href":"https:\/\/huumenatural.com\/sq\/wp-json\/wp\/v2\/media\/6184"}],"wp:attachment":[{"href":"https:\/\/huumenatural.com\/sq\/wp-json\/wp\/v2\/media?parent=6209"}],"wp:term":[{"taxonomy":"product_cat","embeddable":true,"href":"https:\/\/huumenatural.com\/sq\/wp-json\/wp\/v2\/product_cat?post=6209"},{"taxonomy":"product_tag","embeddable":true,"href":"https:\/\/huumenatural.com\/sq\/wp-json\/wp\/v2\/product_tag?post=6209"}],"curies":[{"name":"wp","href":"https:\/\/api.w.org\/{rel}","templated":true}]}}