{"id":6212,"date":"2022-06-18T11:09:38","date_gmt":"2022-06-18T11:09:38","guid":{"rendered":"https:\/\/huumenatural.com\/product\/body-oil-black-tea-hazelnut-lavender\/"},"modified":"2022-07-10T10:53:51","modified_gmt":"2022-07-10T10:53:51","slug":"vaj-per-trup-caj-te-zi-lajthi-dhe-livande","status":"publish","type":"product","link":"https:\/\/huumenatural.com\/sq\/product\/vaj-per-trup-caj-te-zi-lajthi-dhe-livande\/","title":{"rendered":"Vaj p\u00ebr trup &#8211; \u00c7aj t\u00eb zi, lajthi &#038; livand\u00eb"},"content":{"rendered":"<p>E formuluar me 14 p\u00ebrb\u00ebr\u00ebs, ky vaj ndihmon n\u00eb hidratimin dhe tonifikimin e l\u00ebkur\u00ebs. Poashtu preferohet t\u00eb p\u00ebrdoret edhe pas rrezitjes, p\u00ebr nj\u00eb shk\u00eblqim rrezatues t\u00eb l\u00ebkur\u00ebs tuaj.<\/p>\n<p><strong>P\u00ebrmban:<\/strong><\/p>\n<ul>\n<li>9 p\u00ebrb\u00ebr\u00ebs me veti Anti-oksidante<\/li>\n<li>8 p\u00ebrb\u00ebr\u00ebs t\u00eb pasur me Vitamin E<\/li>\n<li>6 p\u00ebrb\u00ebr\u00ebs me veti Anti-bakteriale<\/li>\n<li>5 p\u00ebrb\u00ebr\u00ebs me veti kund\u00ebr rrudhave<\/li>\n<li>3 p\u00ebrb\u00ebr\u00ebs t\u00eb pasur me Vitamin C<\/li>\n<li>3 p\u00ebrb\u00ebr\u00ebs Vitamin D<\/li>\n<li>3 p\u00ebrb\u00ebr\u00ebs Vitamin A<\/li>\n<li>2 p\u00ebrb\u00ebr\u00ebs me p\u00ebrmbajtje t\u00eb mbrojtjes kund\u00ebr rrezeve UV<\/li>\n<\/ul>\n","protected":false},"excerpt":{"rendered":"<p>E formuluar me 14 p\u00ebrb\u00ebr\u00ebs, ky vaj ndihmon n\u00eb hidratimin dhe tonifikimin e l\u00ebkur\u00ebs. Poashtu preferohet t\u00eb p\u00ebrdoret edhe pas rrezitjes, p\u00ebr nj\u00eb shk\u00eblqim rrezatues t\u00eb l\u00ebkur\u00ebs tuaj.<\/p>\n","protected":false},"featured_media":6167,"comment_status":"open","ping_status":"closed","template":"","meta":[],"product_cat":[171,162],"product_tag":[278,279,280,192],"class_list":{"0":"post-6212","1":"product","2":"type-product","3":"status-publish","4":"has-post-thumbnail","6":"product_cat-kujdesi-per-trupin","7":"product_cat-vajra","8":"product_tag-black-tea-sq","9":"product_tag-body-oil-sq","10":"product_tag-hazelnut-sq","11":"product_tag-lavender-sq","13":"first","14":"outofstock","15":"shipping-taxable","16":"purchasable","17":"product-type-simple"},"aioseo_notices":[],"_links":{"self":[{"href":"https:\/\/huumenatural.com\/sq\/wp-json\/wp\/v2\/product\/6212","targetHints":{"allow":["GET"]}}],"collection":[{"href":"https:\/\/huumenatural.com\/sq\/wp-json\/wp\/v2\/product"}],"about":[{"href":"https:\/\/huumenatural.com\/sq\/wp-json\/wp\/v2\/types\/product"}],"replies":[{"embeddable":true,"href":"https:\/\/huumenatural.com\/sq\/wp-json\/wp\/v2\/comments?post=6212"}],"version-history":[{"count":5,"href":"https:\/\/huumenatural.com\/sq\/wp-json\/wp\/v2\/product\/6212\/revisions"}],"predecessor-version":[{"id":6225,"href":"https:\/\/huumenatural.com\/sq\/wp-json\/wp\/v2\/product\/6212\/revisions\/6225"}],"wp:featuredmedia":[{"embeddable":true,"href":"https:\/\/huumenatural.com\/sq\/wp-json\/wp\/v2\/media\/6167"}],"wp:attachment":[{"href":"https:\/\/huumenatural.com\/sq\/wp-json\/wp\/v2\/media?parent=6212"}],"wp:term":[{"taxonomy":"product_cat","embeddable":true,"href":"https:\/\/huumenatural.com\/sq\/wp-json\/wp\/v2\/product_cat?post=6212"},{"taxonomy":"product_tag","embeddable":true,"href":"https:\/\/huumenatural.com\/sq\/wp-json\/wp\/v2\/product_tag?post=6212"}],"curies":[{"name":"wp","href":"https:\/\/api.w.org\/{rel}","templated":true}]}}