{"id":6276,"date":"2022-10-25T19:31:36","date_gmt":"2022-10-25T19:31:36","guid":{"rendered":"https:\/\/huumenatural.com\/product\/klaras-baby-balm-shea-butter-calendula\/"},"modified":"2022-11-01T20:28:08","modified_gmt":"2022-11-01T20:28:08","slug":"kreme-per-me-te-vegjlit","status":"publish","type":"product","link":"https:\/\/huumenatural.com\/sq\/product\/kreme-per-me-te-vegjlit\/","title":{"rendered":"Krem\u00eb p\u00ebr m\u00eb t\u00eb vegj\u00eblit &#8211; Gjalp\u00eb Shea &#038; Kalendul\u00eb"},"content":{"rendered":"<p>&#8211; Formul\u00eb p\u00ebr l\u00ebkur\u00eb delikate t\u00eb foshnj\u00ebs me p\u00ebrb\u00ebr\u00ebs organik si gjalp\u00eb shea, gjalp\u00eb kakao, vaj luledielli, kalendul\u00eb, vaj i art\u00eb jojobe si dhe vitamin E;<br \/>\n&#8211; Ndihmon n\u00eb zbujten e ekzem\u00ebs, skuqjes apo l\u00ebkur\u00ebs s\u00eb that\u00eb;<br \/>\n&#8211; Hidraton thell\u00ebsisht, qet\u00ebson l\u00ebkur\u00ebn dhe ofron leht\u00ebsim t\u00eb shpejt\u00eb t\u00eb kruajes nga l\u00ebkura e that\u00eb;<br \/>\n&#8211; Nuk p\u00ebrmban arom\u00eb, p\u00ebrveq arom\u00ebs natyrale t\u00eb p\u00ebrb\u00ebrsve, nuk p\u00ebrmban toksine, alkool, vaj mineral\u00eb apo paraben.<br \/>\n&#8211; Shum\u00eb e pasur me vitamin A, C, D dhe E.<br \/>\n<strong>&#8211; NUK PERMBAN<\/strong>: Paraben, petroleum, vaj mineral, ngjyr\u00eb apo arom\u00eb sintetike!<\/p>\n","protected":false},"excerpt":{"rendered":"<p>&#8211; Formul\u00eb p\u00ebr l\u00ebkur\u00eb delikate t\u00eb foshnj\u00ebs me p\u00ebrb\u00ebr\u00ebs organik si gjalp\u00eb shea, gjalp\u00eb kakao, vaj luledielli, kalendul\u00eb, vaj i art\u00eb jojobe si dhe vitamin E; &#8211; Ndihmon n\u00eb zbujten e ekzem\u00ebs, skuqjes apo l\u00ebkur\u00ebs s\u00eb that\u00eb; &#8211; Hidraton thell\u00ebsisht, qet\u00ebson l\u00ebkur\u00ebn dhe ofron leht\u00ebsim t\u00eb shpejt\u00eb t\u00eb kruajes nga l\u00ebkura e that\u00eb; &#8211; Nuk p\u00ebrmban arom\u00eb, p\u00ebrveq arom\u00ebs natyrale\u2026<\/p>\n","protected":false},"featured_media":6272,"comment_status":"open","ping_status":"closed","template":"","meta":[],"product_cat":[171,258],"product_tag":[288,289,184,290],"class_list":{"0":"post-6276","1":"product","2":"type-product","3":"status-publish","4":"has-post-thumbnail","6":"product_cat-kujdesi-per-trupin","7":"product_cat-kujdesi-per-fytyre","8":"product_tag-baby-sq","9":"product_tag-balm-sq","10":"product_tag-calendula-sq","11":"product_tag-shea-butter-sq","13":"first","14":"outofstock","15":"shipping-taxable","16":"purchasable","17":"product-type-simple"},"aioseo_notices":[],"_links":{"self":[{"href":"https:\/\/huumenatural.com\/sq\/wp-json\/wp\/v2\/product\/6276","targetHints":{"allow":["GET"]}}],"collection":[{"href":"https:\/\/huumenatural.com\/sq\/wp-json\/wp\/v2\/product"}],"about":[{"href":"https:\/\/huumenatural.com\/sq\/wp-json\/wp\/v2\/types\/product"}],"replies":[{"embeddable":true,"href":"https:\/\/huumenatural.com\/sq\/wp-json\/wp\/v2\/comments?post=6276"}],"version-history":[{"count":2,"href":"https:\/\/huumenatural.com\/sq\/wp-json\/wp\/v2\/product\/6276\/revisions"}],"predecessor-version":[{"id":6278,"href":"https:\/\/huumenatural.com\/sq\/wp-json\/wp\/v2\/product\/6276\/revisions\/6278"}],"wp:featuredmedia":[{"embeddable":true,"href":"https:\/\/huumenatural.com\/sq\/wp-json\/wp\/v2\/media\/6272"}],"wp:attachment":[{"href":"https:\/\/huumenatural.com\/sq\/wp-json\/wp\/v2\/media?parent=6276"}],"wp:term":[{"taxonomy":"product_cat","embeddable":true,"href":"https:\/\/huumenatural.com\/sq\/wp-json\/wp\/v2\/product_cat?post=6276"},{"taxonomy":"product_tag","embeddable":true,"href":"https:\/\/huumenatural.com\/sq\/wp-json\/wp\/v2\/product_tag?post=6276"}],"curies":[{"name":"wp","href":"https:\/\/api.w.org\/{rel}","templated":true}]}}