{"id":6288,"date":"2022-10-25T19:46:50","date_gmt":"2022-10-25T19:46:50","guid":{"rendered":"https:\/\/huumenatural.com\/product\/lip-oil-pomengranate\/"},"modified":"2022-11-01T20:27:48","modified_gmt":"2022-11-01T20:27:48","slug":"vaj-per-buze-me-vaj-shege","status":"publish","type":"product","link":"https:\/\/huumenatural.com\/sq\/product\/vaj-per-buze-me-vaj-shege\/","title":{"rendered":"Vaj p\u00ebr buz\u00eb me vaj shege"},"content":{"rendered":"<p>Vaji p\u00ebr buz\u00eb \u00ebsht\u00eb nj\u00eb formul\u00eb q\u00eb hidraton thell\u00ebsisht buz\u00ebt duke i l\u00ebn\u00eb ato t\u00eb l\u00ebmuara dhe t\u00eb mbushura n\u00eb m\u00ebnyr\u00eb natyrale, e poashtu duke i shtuar nj\u00eb shtres\u00eb mbrojt\u00ebse kund\u00ebr faktor\u00ebve t\u00eb jasht\u00ebm e t\u00eb d\u00ebmsh\u00ebm.<\/p>\n<p>P\u00ebrdoret p\u00ebr shk\u00eblqim natyral t\u00eb buz\u00ebve e poashtu, mund t\u00eb p\u00ebrdoret edhe nj\u00eb shtres\u00eb p\u00ebrmbi buz\u00ebkuq, p\u00ebr shk\u00eblqim shtes\u00eb t\u00eb buz\u00ebve.<\/p>\n<ul>\n<li>Vaji i sheg\u00ebs hidraton thell\u00ebsisht buz\u00ebt;<\/li>\n<li>Vaji i ricinit ka veti hidratuese si dhe t\u00ebrheq lag\u00ebshti;<\/li>\n<li>Vaji jojoba u ofron buz\u00ebve veti rigjeneruese si dhe kund\u00ebr plakjes<\/li>\n<li>Dylli i blet\u00ebs \u00ebsht\u00eb nj\u00eb hidratues natyral q\u00eb t\u00ebrheq lag\u00ebshtin\u00eb n\u00eb l\u00ebkur\u00eb dhe ndihmon n\u00eb zbutjen e buz\u00ebve.<\/li>\n<li>E pasur me vitamin: A, C, D dhe E.<\/li>\n<li><strong>NUK PERMBAN:<\/strong> Paraben, petroleum, vaj mineral, ngjyr\u00eb apo arom\u00eb sintetike.<\/li>\n<\/ul>\n","protected":false},"excerpt":{"rendered":"<p>Vaji p\u00ebr buz\u00eb \u00ebsht\u00eb nj\u00eb formul\u00eb q\u00eb hidraton thell\u00ebsisht buz\u00ebt duke i l\u00ebn\u00eb ato t\u00eb l\u00ebmuara dhe t\u00eb mbushura n\u00eb m\u00ebnyr\u00eb natyrale, e poashtu duke i shtuar nj\u00eb shtres\u00eb mbrojt\u00ebse kund\u00ebr faktor\u00ebve t\u00eb jasht\u00ebm e t\u00eb d\u00ebmsh\u00ebm. P\u00ebrdoret p\u00ebr shk\u00eblqim natyral t\u00eb buz\u00ebve e poashtu, mund t\u00eb p\u00ebrdoret edhe nj\u00eb shtres\u00eb p\u00ebrmbi buz\u00ebkuq, p\u00ebr shk\u00eblqim shtes\u00eb t\u00eb buz\u00ebve. Vaji i\u2026<\/p>\n","protected":false},"featured_media":6284,"comment_status":"open","ping_status":"closed","template":"","meta":[],"product_cat":[167,162],"product_tag":[293,251,294],"class_list":{"0":"post-6288","1":"product","2":"type-product","3":"status-publish","4":"has-post-thumbnail","6":"product_cat-balsam-per-buze","7":"product_cat-vajra","8":"product_tag-lip-sq","9":"product_tag-oil-sq","10":"product_tag-pomengranate-sq","12":"first","13":"outofstock","14":"shipping-taxable","15":"purchasable","16":"product-type-simple"},"aioseo_notices":[],"_links":{"self":[{"href":"https:\/\/huumenatural.com\/sq\/wp-json\/wp\/v2\/product\/6288","targetHints":{"allow":["GET"]}}],"collection":[{"href":"https:\/\/huumenatural.com\/sq\/wp-json\/wp\/v2\/product"}],"about":[{"href":"https:\/\/huumenatural.com\/sq\/wp-json\/wp\/v2\/types\/product"}],"replies":[{"embeddable":true,"href":"https:\/\/huumenatural.com\/sq\/wp-json\/wp\/v2\/comments?post=6288"}],"version-history":[{"count":4,"href":"https:\/\/huumenatural.com\/sq\/wp-json\/wp\/v2\/product\/6288\/revisions"}],"predecessor-version":[{"id":6293,"href":"https:\/\/huumenatural.com\/sq\/wp-json\/wp\/v2\/product\/6288\/revisions\/6293"}],"wp:featuredmedia":[{"embeddable":true,"href":"https:\/\/huumenatural.com\/sq\/wp-json\/wp\/v2\/media\/6284"}],"wp:attachment":[{"href":"https:\/\/huumenatural.com\/sq\/wp-json\/wp\/v2\/media?parent=6288"}],"wp:term":[{"taxonomy":"product_cat","embeddable":true,"href":"https:\/\/huumenatural.com\/sq\/wp-json\/wp\/v2\/product_cat?post=6288"},{"taxonomy":"product_tag","embeddable":true,"href":"https:\/\/huumenatural.com\/sq\/wp-json\/wp\/v2\/product_tag?post=6288"}],"curies":[{"name":"wp","href":"https:\/\/api.w.org\/{rel}","templated":true}]}}