{"id":6297,"date":"2022-10-25T19:59:50","date_gmt":"2022-10-25T19:59:50","guid":{"rendered":"https:\/\/huumenatural.com\/product\/intensive-moisturizing-face-balm-avocado-marula-oil\/"},"modified":"2022-11-01T20:27:39","modified_gmt":"2022-11-01T20:27:39","slug":"kreme-hidratuese-per-fytyre-avokado-vaj-marule","status":"publish","type":"product","link":"https:\/\/huumenatural.com\/sq\/product\/kreme-hidratuese-per-fytyre-avokado-vaj-marule\/","title":{"rendered":"Krem\u00eb hidratuese p\u00ebr fytyr\u00eb me avokado &#038; vaj marule"},"content":{"rendered":"<p>Trajtoni l\u00ebkur\u00ebn tuaj me nj\u00eb p\u00ebrzierje t\u00eb koncentruar t\u00eb bim\u00ebve t\u00eb \u00e7muara, t\u00eb Avokados dhe t\u00eb Marul\u00ebs. E mbushur me vitamin C dhe E, vajrat e k\u00ebtyre bim\u00ebve ushqejn\u00eb, sh\u00ebrojn\u00eb dhe mbrojn\u00eb l\u00ebkur\u00ebn. Kombinimi i k\u00ebtyre p\u00ebrb\u00ebr\u00ebsve do t\u00eb ndihmoj\u00eb n\u00eb ribalancimin e l\u00ebkur\u00ebs s\u00eb dehidruar dhe rikthen shk\u00eblqimin n\u00eb l\u00ebkur\u00eb si dhe ndihmon n\u00eb rind\u00ebrtimin e kolagjenit.<\/p>\n<ul>\n<li>Ideale p\u00ebr stin\u00eb t\u00eb ftoht\u00eb;<\/li>\n<li>Vaji i avokados qetq\u00ebson l\u00ebkur\u00ebn e irrituar, hidraton dhe mbron l\u00ebkur\u00ebn nga rrezet ultraviolete. Gjithashtu \u00ebsht\u00eb i pasur me antioksidant\u00eb te cilat ndihmojn\u00eb kund\u00ebr rrudhave;<\/li>\n<li>Vaji i marul\u00ebs \u00ebsht\u00eb i pasur me vitamin C dhe E. Gjithashtu, \u00ebsht\u00eb i leht\u00eb dhe p\u00ebrthithet leht\u00ebsisht n\u00eb l\u00ebkur\u00eb;<\/li>\n<li>Vaji i farave t\u00eb rrushit ndihmon n\u00eb zvog\u00eblimin e poreve;<\/li>\n<li>Gjalpi i kakaos ndihmon n\u00eb p\u00ebrmir\u00ebsimin e elasticitetit t\u00eb l\u00ebkur\u00ebs si dhe ka efekt kund\u00ebr rrudhave;<\/li>\n<\/ul>\n","protected":false},"excerpt":{"rendered":"<p>Trajtoni l\u00ebkur\u00ebn tuaj me nj\u00eb p\u00ebrzierje t\u00eb koncentruar t\u00eb bim\u00ebve t\u00eb \u00e7muara, t\u00eb Avokados dhe t\u00eb Marul\u00ebs. E mbushur me vitamin C dhe E, vajrat e k\u00ebtyre bim\u00ebve ushqejn\u00eb, sh\u00ebrojn\u00eb dhe mbrojn\u00eb l\u00ebkur\u00ebn. Kombinimi i k\u00ebtyre p\u00ebrb\u00ebr\u00ebsve do t\u00eb ndihmoj\u00eb n\u00eb ribalancimin e l\u00ebkur\u00ebs s\u00eb dehidruar dhe rikthen shk\u00eblqimin n\u00eb l\u00ebkur\u00eb si dhe ndihmon n\u00eb rind\u00ebrtimin e kolagjenit. Ideale p\u00ebr\u2026<\/p>\n","protected":false},"featured_media":6510,"comment_status":"open","ping_status":"closed","template":"","meta":[],"product_cat":[258],"product_tag":[183,298,299,300,189,251],"class_list":{"0":"post-6297","1":"product","2":"type-product","3":"status-publish","4":"has-post-thumbnail","6":"product_cat-kujdesi-per-fytyre","7":"product_tag-avocado-sq","8":"product_tag-face-balm-sq","9":"product_tag-intensive-sq","10":"product_tag-marula-sq","11":"product_tag-moisturizing-sq","12":"product_tag-oil-sq","14":"first","15":"outofstock","16":"sale","17":"shipping-taxable","18":"purchasable","19":"product-type-simple"},"aioseo_notices":[],"_links":{"self":[{"href":"https:\/\/huumenatural.com\/sq\/wp-json\/wp\/v2\/product\/6297","targetHints":{"allow":["GET"]}}],"collection":[{"href":"https:\/\/huumenatural.com\/sq\/wp-json\/wp\/v2\/product"}],"about":[{"href":"https:\/\/huumenatural.com\/sq\/wp-json\/wp\/v2\/types\/product"}],"replies":[{"embeddable":true,"href":"https:\/\/huumenatural.com\/sq\/wp-json\/wp\/v2\/comments?post=6297"}],"version-history":[{"count":3,"href":"https:\/\/huumenatural.com\/sq\/wp-json\/wp\/v2\/product\/6297\/revisions"}],"predecessor-version":[{"id":6300,"href":"https:\/\/huumenatural.com\/sq\/wp-json\/wp\/v2\/product\/6297\/revisions\/6300"}],"wp:featuredmedia":[{"embeddable":true,"href":"https:\/\/huumenatural.com\/sq\/wp-json\/wp\/v2\/media\/6510"}],"wp:attachment":[{"href":"https:\/\/huumenatural.com\/sq\/wp-json\/wp\/v2\/media?parent=6297"}],"wp:term":[{"taxonomy":"product_cat","embeddable":true,"href":"https:\/\/huumenatural.com\/sq\/wp-json\/wp\/v2\/product_cat?post=6297"},{"taxonomy":"product_tag","embeddable":true,"href":"https:\/\/huumenatural.com\/sq\/wp-json\/wp\/v2\/product_tag?post=6297"}],"curies":[{"name":"wp","href":"https:\/\/api.w.org\/{rel}","templated":true}]}}