{"id":6307,"date":"2022-10-25T20:08:16","date_gmt":"2022-10-25T20:08:16","guid":{"rendered":"https:\/\/huumenatural.com\/product\/ultra-rich-moisturising-body-balm-shea-butter-st-johns-wort\/"},"modified":"2023-01-15T21:13:41","modified_gmt":"2023-01-15T21:13:41","slug":"balsam-per-trup-gjalpe-shea-vaj-kantarioni","status":"publish","type":"product","link":"https:\/\/huumenatural.com\/sq\/product\/balsam-per-trup-gjalpe-shea-vaj-kantarioni\/","title":{"rendered":"Balsam hidratues p\u00ebr trup me gjalp\u00eb shea dhe vaj kantarioni"},"content":{"rendered":"<ul>\n<li>Gjalp\u00eb shea\u00a0rigjeneron dhe zbut l\u00ebkur\u00ebn. E pasur me antioksidante si dhe vitaminat A, E dhe F;<\/li>\n<li>I njohur p\u00ebr vetit\u00eb qet\u00ebsusese, vaji i kantarionit \u00ebsht\u00eb i p\u00ebrshtatsh\u00ebm p\u00ebr t\u00eb yshqyer l\u00ebkur\u00ebn e that\u00eb dhe t\u00eb ndjeshme dhe, ndihmon n\u00eb regjenerimin e saj. Poashtu, mund t\u00eb leht\u00ebsoj\u00eb simptomat e plag\u00ebve t\u00eb vogla apo acarimit t\u00eb l\u00ebkur\u00ebs;<\/li>\n<li>Vaji i kokosit hidraton, mbron dhe zbut l\u00ebkur\u00ebn;<\/li>\n<li>Vaji esencial i rozmarin\u00ebs i pasur me antioksidant, ndihmon n\u00eb qet\u00ebsimin e l\u00ebkur\u00ebs s\u00eb irrituar;<\/li>\n<li>Vaji esencial i livandos ndihmon n\u00eb zbutjen e ekzem\u00ebs dhe l\u00ebkur\u00ebs s\u00eb that\u00eb.<\/li>\n<\/ul>\n","protected":false},"excerpt":{"rendered":"<p>Gjalp\u00eb shea\u00a0rigjeneron dhe zbut l\u00ebkur\u00ebn. E pasur me antioksidante si dhe vitaminat A, E dhe F; I njohur p\u00ebr vetit\u00eb qet\u00ebsusese, vaji i kantarionit \u00ebsht\u00eb i p\u00ebrshtatsh\u00ebm p\u00ebr t\u00eb yshqyer l\u00ebkur\u00ebn e that\u00eb dhe t\u00eb ndjeshme dhe, ndihmon n\u00eb regjenerimin e saj. Poashtu, mund t\u00eb leht\u00ebsoj\u00eb simptomat e plag\u00ebve t\u00eb vogla apo acarimit t\u00eb l\u00ebkur\u00ebs; Vaji i kokosit hidraton, mbron\u2026<\/p>\n","protected":false},"featured_media":6303,"comment_status":"open","ping_status":"closed","template":"","meta":[],"product_cat":[171],"product_tag":[304,305,290,306],"class_list":{"0":"post-6307","1":"product","2":"type-product","3":"status-publish","4":"has-post-thumbnail","6":"product_cat-kujdesi-per-trupin","7":"product_tag-body-balm-sq","8":"product_tag-moisturising-sq","9":"product_tag-shea-butter-sq","10":"product_tag-st-johns-wort-sq","12":"first","13":"outofstock","14":"featured","15":"shipping-taxable","16":"purchasable","17":"product-type-simple"},"aioseo_notices":[],"_links":{"self":[{"href":"https:\/\/huumenatural.com\/sq\/wp-json\/wp\/v2\/product\/6307","targetHints":{"allow":["GET"]}}],"collection":[{"href":"https:\/\/huumenatural.com\/sq\/wp-json\/wp\/v2\/product"}],"about":[{"href":"https:\/\/huumenatural.com\/sq\/wp-json\/wp\/v2\/types\/product"}],"replies":[{"embeddable":true,"href":"https:\/\/huumenatural.com\/sq\/wp-json\/wp\/v2\/comments?post=6307"}],"version-history":[{"count":3,"href":"https:\/\/huumenatural.com\/sq\/wp-json\/wp\/v2\/product\/6307\/revisions"}],"predecessor-version":[{"id":6310,"href":"https:\/\/huumenatural.com\/sq\/wp-json\/wp\/v2\/product\/6307\/revisions\/6310"}],"wp:featuredmedia":[{"embeddable":true,"href":"https:\/\/huumenatural.com\/sq\/wp-json\/wp\/v2\/media\/6303"}],"wp:attachment":[{"href":"https:\/\/huumenatural.com\/sq\/wp-json\/wp\/v2\/media?parent=6307"}],"wp:term":[{"taxonomy":"product_cat","embeddable":true,"href":"https:\/\/huumenatural.com\/sq\/wp-json\/wp\/v2\/product_cat?post=6307"},{"taxonomy":"product_tag","embeddable":true,"href":"https:\/\/huumenatural.com\/sq\/wp-json\/wp\/v2\/product_tag?post=6307"}],"curies":[{"name":"wp","href":"https:\/\/api.w.org\/{rel}","templated":true}]}}