{"id":6317,"date":"2022-10-27T17:12:19","date_gmt":"2022-10-27T17:12:19","guid":{"rendered":"https:\/\/huumenatural.com\/product\/cleansing-face-balm-jojoba-oil-vitamin-e\/"},"modified":"2022-11-01T20:27:10","modified_gmt":"2022-11-01T20:27:10","slug":"balsam-per-fytyre-me-vaj-jojobe-dhe-vitamin-e","status":"publish","type":"product","link":"https:\/\/huumenatural.com\/sq\/product\/balsam-per-fytyre-me-vaj-jojobe-dhe-vitamin-e\/","title":{"rendered":"Balsam p\u00ebr pastrimin e fytyr\u00ebs me vaj jojobe dhe vitamin E"},"content":{"rendered":"<p>Nj\u00eb balsam pastrimi i p\u00ebrditsh\u00ebm p\u00ebr ta larguar but\u00ebsisht grimin dhe papast\u00ebrtit\u00eb nga fytyra, ku me aplikimin e saj, l\u00ebkura pastrohet thell\u00ebsisht, qet\u00ebsohet dhe hidratohet. Ky balsam nuk bllokon\u00a0 poret, i formuluar pa irritues ose alergjen\u00eb. Gjithashtu, ndihmon n\u00eb parandalimin dhe zbutjen e rrudhave.<strong> E p\u00ebrshtatshme p\u00ebr t\u00eb gjitha tipet e l\u00ebkur\u00ebs.<\/strong><\/p>\n<p><strong>\u00a0<\/strong>P\u00ebrfitimet e p\u00ebrdorimit:<\/p>\n<ul>\n<li>Pastron, detoksifikon dhe jep shk\u00eblqim natyral;<\/li>\n<li>Balancon sebumin dhe kontrollon yndyr\u00ebn;<\/li>\n<li>Gjalp\u00eb shea, rigjeneron dhe zbut l\u00ebkur\u00ebn. E pasur me antioksidant\u00eb si dhe vitaminat A, E dhe F;<\/li>\n<li>Vaji jojoba pastron but\u00ebsisht l\u00ebkur\u00ebn n\u00eb m\u00ebnyr\u00eb t\u00eb shk\u00eblqyeshme. Esht\u00eb pastruesi m\u00eb i mir\u00eb i l\u00ebkur\u00ebs dhe largon grimin dhe papast\u00ebrtit\u00eb e tjera nga l\u00ebkura;<\/li>\n<li>Vaji organik i lulediellit \u00ebsht\u00eb nj\u00eb zbut\u00ebs i shk\u00eblqyesh\u00ebm q\u00eb e b\u00ebn l\u00ebkur\u00ebn t\u00eb l\u00ebmuar dhe ndihmon at\u00eb ta mbaj\u00eb t\u00eb hidratuar.<\/li>\n<li>Vitamina E: Nj\u00eb antioksidant i fuqish\u00ebm q\u00eb parandalon plakjen<\/li>\n<\/ul>\n","protected":false},"excerpt":{"rendered":"<p>Nj\u00eb balsam pastrimi i p\u00ebrditsh\u00ebm p\u00ebr ta larguar but\u00ebsisht grimin dhe papast\u00ebrtit\u00eb nga fytyra, ku me aplikimin e saj, l\u00ebkura pastrohet thell\u00ebsisht, qet\u00ebsohet dhe hidratohet. Ky balsam nuk bllokon\u00a0 poret, i formuluar pa irritues ose alergjen\u00eb. Gjithashtu, ndihmon n\u00eb parandalimin dhe zbutjen e rrudhave. E p\u00ebrshtatshme p\u00ebr t\u00eb gjitha tipet e l\u00ebkur\u00ebs. \u00a0P\u00ebrfitimet e p\u00ebrdorimit: Pastron, detoksifikon dhe jep shk\u00eblqim\u2026<\/p>\n","protected":false},"featured_media":6506,"comment_status":"open","ping_status":"closed","template":"","meta":[],"product_cat":[258],"product_tag":[264,298,232,179],"class_list":{"0":"post-6317","1":"product","2":"type-product","3":"status-publish","4":"has-post-thumbnail","6":"product_cat-kujdesi-per-fytyre","7":"product_tag-cleansing-sq","8":"product_tag-face-balm-sq","9":"product_tag-jojoba-oil-sq","10":"product_tag-vitamin-e-sq","12":"first","13":"outofstock","14":"shipping-taxable","15":"purchasable","16":"product-type-simple"},"aioseo_notices":[],"_links":{"self":[{"href":"https:\/\/huumenatural.com\/sq\/wp-json\/wp\/v2\/product\/6317","targetHints":{"allow":["GET"]}}],"collection":[{"href":"https:\/\/huumenatural.com\/sq\/wp-json\/wp\/v2\/product"}],"about":[{"href":"https:\/\/huumenatural.com\/sq\/wp-json\/wp\/v2\/types\/product"}],"replies":[{"embeddable":true,"href":"https:\/\/huumenatural.com\/sq\/wp-json\/wp\/v2\/comments?post=6317"}],"version-history":[{"count":3,"href":"https:\/\/huumenatural.com\/sq\/wp-json\/wp\/v2\/product\/6317\/revisions"}],"predecessor-version":[{"id":6320,"href":"https:\/\/huumenatural.com\/sq\/wp-json\/wp\/v2\/product\/6317\/revisions\/6320"}],"wp:featuredmedia":[{"embeddable":true,"href":"https:\/\/huumenatural.com\/sq\/wp-json\/wp\/v2\/media\/6506"}],"wp:attachment":[{"href":"https:\/\/huumenatural.com\/sq\/wp-json\/wp\/v2\/media?parent=6317"}],"wp:term":[{"taxonomy":"product_cat","embeddable":true,"href":"https:\/\/huumenatural.com\/sq\/wp-json\/wp\/v2\/product_cat?post=6317"},{"taxonomy":"product_tag","embeddable":true,"href":"https:\/\/huumenatural.com\/sq\/wp-json\/wp\/v2\/product_tag?post=6317"}],"curies":[{"name":"wp","href":"https:\/\/api.w.org\/{rel}","templated":true}]}}