{"id":6332,"date":"2022-11-01T18:03:57","date_gmt":"2022-11-01T18:03:57","guid":{"rendered":"https:\/\/huumenatural.com\/product\/hand-balm-sweet-almond-oil-glycerin\/"},"modified":"2022-11-01T20:49:52","modified_gmt":"2022-11-01T20:49:52","slug":"balsam-duar-vaj-bademi-glicerine","status":"publish","type":"product","link":"https:\/\/huumenatural.com\/sq\/product\/balsam-duar-vaj-bademi-glicerine\/","title":{"rendered":"Balsam p\u00ebr duar me vaj bademi t\u00eb \u00ebmb\u00ebl dhe glicerin\u00eb"},"content":{"rendered":"<p>Ky formulim ultra i pasur i kremit t\u00eb duarve \u00ebsht\u00eb i pasur me vaj kokosi, glicerin\u00eb, vaj bajamesh t\u00eb \u00ebmb\u00ebl, vaj luledielli, vaj kastori dhe vitamin E. \u00cbsht\u00eb mjaft e but\u00eb dhe e p\u00ebrshtatshme edhe p\u00ebr l\u00ebkur\u00eb m\u00eb t\u00eb ndjeshme.<\/p>\n<p><strong>P\u00ebrb\u00ebr\u00ebsit:<\/strong> vaj Cocos nucifera (kokosi), vaj helianthus annuus (luledielli), dylli copernicia cerifera (carnauba), vaj prunus amygdalus dulcis (badem i \u00ebmb\u00ebl), glicerin\u00eb, vaj i far\u00ebs ricinus communis (ricini) (vitamin).<\/p>\n<p><strong>Udh\u00ebzime:<\/strong> P\u00ebr rezultate m\u00eb t\u00eb mira, aplikojeni pas larjes s\u00eb duarve, nd\u00ebrsa duart jan\u00eb ende t\u00eb ngrohta.<\/p>\n<p>Shum\u00eb i koncentruar k\u00ebshtu q\u00eb pak shkon shum\u00eb. Brenda pak minutash ajo shkrihet n\u00eb l\u00ebkur\u00ebn tuaj duke e l\u00ebn\u00eb l\u00ebkur\u00ebn t\u00eb ndjehet e but\u00eb dhe elastike.<\/p>\n<p><strong>P\u00ebrfitimet:<\/strong><\/p>\n<ul>\n<li>Ndihmon n\u00eb leht\u00ebsimin e kruajtjes nga l\u00ebkura e that\u00eb<\/li>\n<li>Hidraton me vajra natyral\u00eb dhe dyll carnauba<\/li>\n<li>Gjithashtu i shk\u00eblqyesh\u00ebm p\u00ebr b\u00ebrryla, gjunj\u00eb dhe kudo tjet\u00ebr q\u00eb ka nevoj\u00eb p\u00ebr dashuri dhe lag\u00ebshti shtes\u00eb<\/li>\n<\/ul>\n<p><strong>Sh\u00ebnim shtes\u00eb: <\/strong>Vjen n\u00eb nj\u00eb got\u00eb cil\u00ebsore t\u00eb ruajtjes, e shk\u00eblqyeshme p\u00ebr ta mbajtur n\u00eb \u00e7ant\u00ebn tuaj!<\/p>\n","protected":false},"excerpt":{"rendered":"<p>Ky formulim ultra i pasur i kremit t\u00eb duarve \u00ebsht\u00eb i pasur me vaj kokosi, glicerin\u00eb, vaj bajamesh t\u00eb \u00ebmb\u00ebl, vaj luledielli, vaj kastori dhe vitamin E. \u00cbsht\u00eb mjaft e but\u00eb dhe e p\u00ebrshtatshme edhe p\u00ebr l\u00ebkur\u00eb m\u00eb t\u00eb ndjeshme. P\u00ebrb\u00ebr\u00ebsit: vaj Cocos nucifera (kokosi), vaj helianthus annuus (luledielli), dylli copernicia cerifera (carnauba), vaj prunus amygdalus dulcis (badem i \u00ebmb\u00ebl),\u2026<\/p>\n","protected":false},"featured_media":6325,"comment_status":"open","ping_status":"closed","template":"","meta":[],"product_cat":[171],"product_tag":[310,311,312],"class_list":{"0":"post-6332","1":"product","2":"type-product","3":"status-publish","4":"has-post-thumbnail","6":"product_cat-kujdesi-per-trupin","7":"product_tag-glycerin-sq","8":"product_tag-hand-balm-sq","9":"product_tag-sweet-almond-oil-sq","11":"first","12":"outofstock","13":"shipping-taxable","14":"purchasable","15":"product-type-simple"},"aioseo_notices":[],"_links":{"self":[{"href":"https:\/\/huumenatural.com\/sq\/wp-json\/wp\/v2\/product\/6332","targetHints":{"allow":["GET"]}}],"collection":[{"href":"https:\/\/huumenatural.com\/sq\/wp-json\/wp\/v2\/product"}],"about":[{"href":"https:\/\/huumenatural.com\/sq\/wp-json\/wp\/v2\/types\/product"}],"replies":[{"embeddable":true,"href":"https:\/\/huumenatural.com\/sq\/wp-json\/wp\/v2\/comments?post=6332"}],"version-history":[{"count":3,"href":"https:\/\/huumenatural.com\/sq\/wp-json\/wp\/v2\/product\/6332\/revisions"}],"predecessor-version":[{"id":6335,"href":"https:\/\/huumenatural.com\/sq\/wp-json\/wp\/v2\/product\/6332\/revisions\/6335"}],"wp:featuredmedia":[{"embeddable":true,"href":"https:\/\/huumenatural.com\/sq\/wp-json\/wp\/v2\/media\/6325"}],"wp:attachment":[{"href":"https:\/\/huumenatural.com\/sq\/wp-json\/wp\/v2\/media?parent=6332"}],"wp:term":[{"taxonomy":"product_cat","embeddable":true,"href":"https:\/\/huumenatural.com\/sq\/wp-json\/wp\/v2\/product_cat?post=6332"},{"taxonomy":"product_tag","embeddable":true,"href":"https:\/\/huumenatural.com\/sq\/wp-json\/wp\/v2\/product_tag?post=6332"}],"curies":[{"name":"wp","href":"https:\/\/api.w.org\/{rel}","templated":true}]}}