{"id":6383,"date":"2023-01-27T16:26:07","date_gmt":"2023-01-27T16:26:07","guid":{"rendered":"https:\/\/huumenatural.com\/product\/spa-soap-himalayan-pink-salt-sea-salt\/"},"modified":"2023-01-28T13:56:48","modified_gmt":"2023-01-28T13:56:48","slug":"sapun-me-kripe-deti-dhe-kripe-himalaje","status":"publish","type":"product","link":"https:\/\/huumenatural.com\/sq\/product\/sapun-me-kripe-deti-dhe-kripe-himalaje\/","title":{"rendered":"Sapun p\u00ebr fytyr\u00eb, trup dhe duar &#8211; me Krip\u00eb Deti dhe Krip\u00eb Himalaje"},"content":{"rendered":"<div class=\"x11i5rnm xat24cr x1mh8g0r x1vvkbs xtlvy1s x126k92a\">\n<div dir=\"auto\">\n<p>Sa e mrekullueshme ndjehet l\u00ebkura e juaj pas zhytjes n\u00eb ujin e detit! Ky sapun ju kthen ndjesin\u00eb e njejt\u00eb sikurse n\u00eb zhytje n\u00eb ujin e detit. Pas dushit, l\u00ebkura e juaj do t\u00eb ndjehet e l\u00ebmuar dhe e but\u00eb dhe, do t\u00eb ket\u00eb shk\u00eblqim natyral.<\/p>\n<\/div>\n<\/div>\n<div class=\"x11i5rnm xat24cr x1mh8g0r x1vvkbs xtlvy1s x126k92a\">\n<div dir=\"auto\">\n<p><strong>Disa nga p\u00ebrfitimet e p\u00ebrdorimit:<\/strong><\/p>\n<\/div>\n<\/div>\n<div class=\"x11i5rnm xat24cr x1mh8g0r x1vvkbs xtlvy1s x126k92a\">\n<div dir=\"auto\">&#8211; Ndihmon ta balancoj\u00eb yndyr\u00ebn n\u00eb l\u00ebkur\u00eb duke larguar papastertit\u00eb, ndersa uji i ngroht\u00eb hap poret tuaja p\u00ebr t\u00eb p\u00ebrthithur p\u00ebrfitimet nga ky sapun.<\/div>\n<div dir=\"auto\">&#8211; Stimulon qarkullimin e gjakut, detoksifikon dhe balancon pH-n\u00eb e l\u00ebkur\u00ebs.<\/div>\n<div dir=\"auto\">&#8211; P\u00ebrmir\u00ebson lag\u00ebshtin\u00eb, elasticitetin dhe but\u00ebsin\u00eb e l\u00ebkur\u00ebs;<\/div>\n<div dir=\"auto\">&#8211; Ndihmon mjaft n\u00eb parandalimin dhe zbutjen e rrudhave dhe t\u00eb celulitit.<\/div>\n<div dir=\"auto\">&#8211; Kripa e Himalajeve \u00ebsht\u00eb kripa m\u00eb e past\u00ebr n\u00eb planet dhe njhet si \u201cari i bardh\u00eb\u201d i Himalajeve.<\/div>\n<div dir=\"auto\">&#8211; Kripa e im\u00ebt e detit vepron si eksfoliues p\u00ebr largimin e papast\u00ebrtive si dhe qelizave t\u00eb vdekura. Gjithashtu, \u00ebsht\u00eb e pasur me minerale si magnezi, potasiumi, bakri dhe hekuri, mund t\u00eb ndihmoj\u00eb t\u00eb zvog\u00ebloj\u00eb inflamacionet.<\/div>\n<\/div>\n","protected":false},"excerpt":{"rendered":"<p>Sa e mrekullueshme ndjehet l\u00ebkura e juaj pas zhytjes n\u00eb ujin e detit! Ky sapun ju kthen ndjesin\u00eb e njejt\u00eb sikurse n\u00eb zhytje n\u00eb ujin e detit. Pas dushit, l\u00ebkura e juaj do t\u00eb ndjehet e l\u00ebmuar dhe e but\u00eb dhe, do t\u00eb ket\u00eb shk\u00eblqim natyral.<\/p>\n","protected":false},"featured_media":6512,"comment_status":"open","ping_status":"closed","template":"","meta":[],"product_cat":[171,258,258,168],"product_tag":[318,322,321,241,319,320,320],"class_list":{"0":"post-6383","1":"product","2":"type-product","3":"status-publish","4":"has-post-thumbnail","6":"product_cat-kujdesi-per-trupin","7":"product_cat-kujdesi-per-fytyre","9":"product_cat-sapun","10":"product_tag-himalayan-pink-salt-sq","11":"product_tag-kripe-deti","12":"product_tag-kripe-himalaje","13":"product_tag-sapun","14":"product_tag-sea-salt-sq","15":"product_tag-spa-soap-sq","18":"first","19":"outofstock","20":"shipping-taxable","21":"purchasable","22":"product-type-simple"},"aioseo_notices":[],"_links":{"self":[{"href":"https:\/\/huumenatural.com\/sq\/wp-json\/wp\/v2\/product\/6383","targetHints":{"allow":["GET"]}}],"collection":[{"href":"https:\/\/huumenatural.com\/sq\/wp-json\/wp\/v2\/product"}],"about":[{"href":"https:\/\/huumenatural.com\/sq\/wp-json\/wp\/v2\/types\/product"}],"replies":[{"embeddable":true,"href":"https:\/\/huumenatural.com\/sq\/wp-json\/wp\/v2\/comments?post=6383"}],"version-history":[{"count":3,"href":"https:\/\/huumenatural.com\/sq\/wp-json\/wp\/v2\/product\/6383\/revisions"}],"predecessor-version":[{"id":6386,"href":"https:\/\/huumenatural.com\/sq\/wp-json\/wp\/v2\/product\/6383\/revisions\/6386"}],"wp:featuredmedia":[{"embeddable":true,"href":"https:\/\/huumenatural.com\/sq\/wp-json\/wp\/v2\/media\/6512"}],"wp:attachment":[{"href":"https:\/\/huumenatural.com\/sq\/wp-json\/wp\/v2\/media?parent=6383"}],"wp:term":[{"taxonomy":"product_cat","embeddable":true,"href":"https:\/\/huumenatural.com\/sq\/wp-json\/wp\/v2\/product_cat?post=6383"},{"taxonomy":"product_tag","embeddable":true,"href":"https:\/\/huumenatural.com\/sq\/wp-json\/wp\/v2\/product_tag?post=6383"}],"curies":[{"name":"wp","href":"https:\/\/api.w.org\/{rel}","templated":true}]}}