{"id":6446,"date":"2023-05-28T11:26:53","date_gmt":"2023-05-28T11:26:53","guid":{"rendered":"https:\/\/huumenatural.com\/product\/facial-soap-cucumber-aloe-vera\/"},"modified":"2023-05-28T11:38:12","modified_gmt":"2023-05-28T11:38:12","slug":"sapun-tranguj-aloevera","status":"publish","type":"product","link":"https:\/\/huumenatural.com\/sq\/product\/sapun-tranguj-aloevera\/","title":{"rendered":"Sapun p\u00ebr fytyr\u00eb &#8211; Tranguj dhe Aloe Vera"},"content":{"rendered":"<p><strong>P\u00cbRFITIMET:<\/strong><\/p>\n<p>&#8211; Hidraton thell\u00ebsisht l\u00ebkur\u00ebn<br \/>\n&#8211; Rinon l\u00ebkur\u00ebn<br \/>\n&#8211; Aloe vera hidraton, zbut skuqjen e l\u00ebkur\u00ebs s\u00eb irrituar, largon aknet dhe rrudhat, parandalon formimin e pikave t\u00eb zeza<br \/>\n&#8211; Trangulli \u00ebsht\u00eb i pasur me vitaminat A, B, C dhe K, \u00ebsht\u00eb ultra hidratues p\u00ebr shkak t\u00eb p\u00ebrmbajtjes s\u00eb\u00a0ujit, gjithsej\u00a096%<br \/>\n&#8211; Gjithashtu ndihmon\u00a0sh\u00ebrimin\u00a0s\u00eb l\u00ebkur\u00ebs prej djegies nga rrezet e\u00a0diellit<\/p>\n<p><strong>P\u00cbRB\u00cbR\u00cbSIT:<\/strong><\/p>\n<p>&#8211; Tranguj, aloe vera, vaj kokosi, vaj ulliri, vaj ricini, uj\u00eb, hidroksid natriumi, vaj eterik jasemini, argjil\u00eb e bardh\u00eb.<\/p>\n","protected":false},"excerpt":{"rendered":"<p><strong>P\u00cbRFITIMET:<\/strong><\/p>\n<p>&#8211; Hidraton thell\u00ebsisht l\u00ebkur\u00ebn<br \/>\n&#8211; Rinon l\u00ebkur\u00ebn<br \/>\n&#8211; Aloe vera hidraton, zbut skuqjen e l\u00ebkur\u00ebs s\u00eb irrituar, largon aknet dhe rrudhat, parandalon formimin e pikave t\u00eb zeza<br \/>\n&#8211; Trangulli \u00ebsht\u00eb i pasur me vitaminat A, B, C dhe K, \u00ebsht\u00eb ultra hidratues p\u00ebr shkak t\u00eb p\u00ebrmbajtjes s\u00eb\u00a0ujit, gjithsej\u00a096%<br \/>\n&#8211; Gjithashtu ndihmon\u00a0sh\u00ebrimin\u00a0s\u00eb l\u00ebkur\u00ebs prej djegies nga rrezet e\u00a0diellit<\/p>\n<p><strong>P\u00cbRB\u00cbR\u00cbSIT:<\/strong><\/p>\n<p>&#8211; Tranguj, aloe vera, vaj kokosi, vaj ulliri, vaj ricini, uj\u00eb, hidroksid natriumi, vaj eterik jasemini, argjil\u00eb e bardh\u00eb.<\/p>\n","protected":false},"featured_media":6443,"comment_status":"open","ping_status":"closed","template":"","meta":[],"product_cat":[258,171,168],"product_tag":[222,220,214],"class_list":{"0":"post-6446","1":"product","2":"type-product","3":"status-publish","4":"has-post-thumbnail","6":"product_cat-kujdesi-per-fytyre","7":"product_cat-kujdesi-per-trupin","8":"product_cat-sapun","9":"product_tag-aloe-vera-sq","10":"product_tag-cucumber-sq","11":"product_tag-facial-soap-sq","13":"first","14":"outofstock","15":"shipping-taxable","16":"purchasable","17":"product-type-simple"},"aioseo_notices":[],"_links":{"self":[{"href":"https:\/\/huumenatural.com\/sq\/wp-json\/wp\/v2\/product\/6446","targetHints":{"allow":["GET"]}}],"collection":[{"href":"https:\/\/huumenatural.com\/sq\/wp-json\/wp\/v2\/product"}],"about":[{"href":"https:\/\/huumenatural.com\/sq\/wp-json\/wp\/v2\/types\/product"}],"replies":[{"embeddable":true,"href":"https:\/\/huumenatural.com\/sq\/wp-json\/wp\/v2\/comments?post=6446"}],"version-history":[{"count":2,"href":"https:\/\/huumenatural.com\/sq\/wp-json\/wp\/v2\/product\/6446\/revisions"}],"predecessor-version":[{"id":6448,"href":"https:\/\/huumenatural.com\/sq\/wp-json\/wp\/v2\/product\/6446\/revisions\/6448"}],"wp:featuredmedia":[{"embeddable":true,"href":"https:\/\/huumenatural.com\/sq\/wp-json\/wp\/v2\/media\/6443"}],"wp:attachment":[{"href":"https:\/\/huumenatural.com\/sq\/wp-json\/wp\/v2\/media?parent=6446"}],"wp:term":[{"taxonomy":"product_cat","embeddable":true,"href":"https:\/\/huumenatural.com\/sq\/wp-json\/wp\/v2\/product_cat?post=6446"},{"taxonomy":"product_tag","embeddable":true,"href":"https:\/\/huumenatural.com\/sq\/wp-json\/wp\/v2\/product_tag?post=6446"}],"curies":[{"name":"wp","href":"https:\/\/api.w.org\/{rel}","templated":true}]}}