{"id":6449,"date":"2023-03-28T14:51:51","date_gmt":"2023-03-28T14:51:51","guid":{"rendered":"https:\/\/huumenatural.com\/product\/age-well-facial-soap\/"},"modified":"2023-05-28T11:36:51","modified_gmt":"2023-05-28T11:36:51","slug":"sapun-kunder-rrudhave","status":"publish","type":"product","link":"https:\/\/huumenatural.com\/sq\/product\/sapun-kunder-rrudhave\/","title":{"rendered":"Sapun p\u00ebr fytyr\u00eb HUUM\u00eb (Anti-Rrudh\u00eb), me ka\u00e7\u00eb, lule aguli\u00e7e, vaj i far\u00ebs s\u00eb rrushit"},"content":{"rendered":"<p>Sapuni p\u00ebr fytyr\u00eb kund\u00ebr plakjes (anti-ageing) HUUM\u00eb, i formuluar me 12 p\u00ebrb\u00ebr\u00ebs natyral si ka\u00e7a, lule aguli\u00e7e, vaj i far\u00ebs s\u00eb rrushit dhe vaj bademi, parandalon dhe zbut rrudhat, trajton shenjat dhe l\u00ebkur\u00ebn e varur. Formula e saj speciale ndihmon n\u00eb shtr\u00ebngimin dhe rigjenerimin e l\u00ebkur\u00ebs duke i dh\u00ebn\u00eb pamje rinore.<\/p>\n<p><strong>P\u00ebrb\u00ebr\u00ebsit:<\/strong> vaj ulliri, vaj kokosi, gjalp\u00eb shea, vaj luledielli, vaj ricini, vaj i farave t\u00eb rrushit, vaj jojobe, vaj rozmarine, fara susami, lule aguli\u00e7e, ka\u00e7a, argjil\u00eb e kuqe.<\/p>\n","protected":false},"excerpt":{"rendered":"<p>Sapuni p\u00ebr fytyr\u00eb kund\u00ebr plakjes (anti-ageing) HUUM\u00eb, i formuluar me 12 p\u00ebrb\u00ebr\u00ebs natyral si ka\u00e7a, lule aguli\u00e7e, vaj i far\u00ebs s\u00eb rrushit dhe vaj bademi, parandalon dhe zbut rrudhat, trajton shenjat dhe l\u00ebkur\u00ebn e varur. Formula e saj speciale ndihmon n\u00eb shtr\u00ebngimin dhe rigjenerimin e l\u00ebkur\u00ebs duke i dh\u00ebn\u00eb pamje rinore.<\/p>\n<p><strong>P\u00ebrb\u00ebr\u00ebsit:<\/strong> vaj ulliri, vaj kokosi, gjalp\u00eb shea, vaj luledielli, vaj ricini, vaj i farave t\u00eb rrushit, vaj jojobe, vaj rozmarine, fara susami, lule aguli\u00e7e, ka\u00e7a, argjil\u00eb e kuqe.<\/p>\n","protected":false},"featured_media":6419,"comment_status":"open","ping_status":"closed","template":"","meta":[],"product_cat":[258,171,168],"product_tag":[215,325,176,163,326],"class_list":{"0":"post-6449","1":"product","2":"type-product","3":"status-publish","4":"has-post-thumbnail","6":"product_cat-kujdesi-per-fytyre","7":"product_cat-kujdesi-per-trupin","8":"product_cat-sapun","9":"product_tag-evening-primrose-sq","10":"product_tag-facial-sq","11":"product_tag-grapeseed-sq","12":"product_tag-rosehip-sq","13":"product_tag-soap-sq","15":"first","16":"outofstock","17":"shipping-taxable","18":"purchasable","19":"product-type-simple"},"aioseo_notices":[],"_links":{"self":[{"href":"https:\/\/huumenatural.com\/sq\/wp-json\/wp\/v2\/product\/6449","targetHints":{"allow":["GET"]}}],"collection":[{"href":"https:\/\/huumenatural.com\/sq\/wp-json\/wp\/v2\/product"}],"about":[{"href":"https:\/\/huumenatural.com\/sq\/wp-json\/wp\/v2\/types\/product"}],"replies":[{"embeddable":true,"href":"https:\/\/huumenatural.com\/sq\/wp-json\/wp\/v2\/comments?post=6449"}],"version-history":[{"count":2,"href":"https:\/\/huumenatural.com\/sq\/wp-json\/wp\/v2\/product\/6449\/revisions"}],"predecessor-version":[{"id":6452,"href":"https:\/\/huumenatural.com\/sq\/wp-json\/wp\/v2\/product\/6449\/revisions\/6452"}],"wp:featuredmedia":[{"embeddable":true,"href":"https:\/\/huumenatural.com\/sq\/wp-json\/wp\/v2\/media\/6419"}],"wp:attachment":[{"href":"https:\/\/huumenatural.com\/sq\/wp-json\/wp\/v2\/media?parent=6449"}],"wp:term":[{"taxonomy":"product_cat","embeddable":true,"href":"https:\/\/huumenatural.com\/sq\/wp-json\/wp\/v2\/product_cat?post=6449"},{"taxonomy":"product_tag","embeddable":true,"href":"https:\/\/huumenatural.com\/sq\/wp-json\/wp\/v2\/product_tag?post=6449"}],"curies":[{"name":"wp","href":"https:\/\/api.w.org\/{rel}","templated":true}]}}