{"id":6454,"date":"2023-05-18T18:08:58","date_gmt":"2023-05-18T18:08:58","guid":{"rendered":"https:\/\/huumenatural.com\/product\/vitamin-c-oil-serum\/"},"modified":"2023-05-28T11:43:58","modified_gmt":"2023-05-28T11:43:58","slug":"vaj-serumi-vitamin-c","status":"publish","type":"product","link":"https:\/\/huumenatural.com\/sq\/product\/vaj-serumi-vitamin-c\/","title":{"rendered":"Vaj serumi me Vitamin C (30ml)"},"content":{"rendered":"<p><strong>Serumi vajor i formulauar me Vitamin C -Askorbyl Tetraisopalmitate<\/strong>, nj\u00eb form\u00eb shum\u00eb e q\u00ebndrueshme e vitamin\u00ebs C q\u00eb ndihmon n\u00eb zbardhjen dhe nj\u00ebtrajtshm\u00ebrin\u00eb e struktures s\u00eb l\u00ebkur\u00ebs, dhe qe p\u00ebrthithet leht\u00ebsisht n\u00eb l\u00ebkur\u00eb.<\/p>\n<p>Studimet klinike kan\u00eb treguar se Vitamina C &#8211; Askorbyl Tetraisopalmitate ka veti t\u00eb forta antioksidante dhe anti-inflamatore. Poashtu, studimet kan\u00eb treguar se format e tretshme n\u00eb vaj t\u00eb vitamin\u00ebs C dep\u00ebrtojn\u00eb p\u00ebrmes epiderm\u00ebs dhe derm\u00ebs m\u00eb mir\u00eb se acidi L-askorbik i tretsh\u00ebm n\u00eb uj\u00eb, e cila \u00ebsht\u00eb forma m\u00eb e p\u00ebrdorur e vitamin\u00ebs C n\u00eb kujdesin e l\u00ebkur\u00ebs (dhe gjithashtu m\u00eb e lira).<\/p>\n<p>P\u00ebrve\u00e7 k\u00ebsaj, duke ofruar p\u00ebrfitime shum\u00ebfunksionale t\u00eb l\u00ebkur\u00ebs, vaji i kumbull\u00ebs kakadu, skualan dhe vaji i far\u00ebs se ribizes ndihmojne n\u00eb luftimin e mplakjes, t\u00eb radikal\u00ebve t\u00eb lira dhe ndotjes dhe gjithashtu ndihmon n\u00eb reduktimin e duksh\u00ebm t\u00eb rrudhave t\u00eb imta, hidraton, qet\u00ebson dhe zbut lekuren.<\/p>\n<p>Eshte i pershtatshem per cdo tip lekure dhe perdoret ne mengjes.<\/p>\n<p>Produkt cilesor per lekure te shendetshme dhe rrezatuese!<\/p>\n","protected":false},"excerpt":{"rendered":"<p><strong>Serumi vajor i formulauar me Vitamin C -Askorbyl Tetraisopalmitate<\/strong>, nj\u00eb form\u00eb shum\u00eb e q\u00ebndrueshme e vitamin\u00ebs C q\u00eb ndihmon n\u00eb zbardhjen dhe nj\u00ebtrajtshm\u00ebrin\u00eb e struktures s\u00eb l\u00ebkur\u00ebs, dhe qe p\u00ebrthithet leht\u00ebsisht n\u00eb l\u00ebkur\u00eb.<\/p>\n","protected":false},"featured_media":6502,"comment_status":"open","ping_status":"closed","template":"","meta":[],"product_cat":[258,162],"product_tag":[329,331,330],"class_list":{"0":"post-6454","1":"product","2":"type-product","3":"status-publish","4":"has-post-thumbnail","6":"product_cat-kujdesi-per-fytyre","7":"product_cat-vajra","8":"product_tag-oil-serum-sq","9":"product_tag-vaj-serumi","10":"product_tag-vitamin-c-sq","12":"first","13":"instock","14":"shipping-taxable","15":"purchasable","16":"product-type-simple"},"aioseo_notices":[],"_links":{"self":[{"href":"https:\/\/huumenatural.com\/sq\/wp-json\/wp\/v2\/product\/6454","targetHints":{"allow":["GET"]}}],"collection":[{"href":"https:\/\/huumenatural.com\/sq\/wp-json\/wp\/v2\/product"}],"about":[{"href":"https:\/\/huumenatural.com\/sq\/wp-json\/wp\/v2\/types\/product"}],"replies":[{"embeddable":true,"href":"https:\/\/huumenatural.com\/sq\/wp-json\/wp\/v2\/comments?post=6454"}],"version-history":[{"count":2,"href":"https:\/\/huumenatural.com\/sq\/wp-json\/wp\/v2\/product\/6454\/revisions"}],"predecessor-version":[{"id":6456,"href":"https:\/\/huumenatural.com\/sq\/wp-json\/wp\/v2\/product\/6454\/revisions\/6456"}],"wp:featuredmedia":[{"embeddable":true,"href":"https:\/\/huumenatural.com\/sq\/wp-json\/wp\/v2\/media\/6502"}],"wp:attachment":[{"href":"https:\/\/huumenatural.com\/sq\/wp-json\/wp\/v2\/media?parent=6454"}],"wp:term":[{"taxonomy":"product_cat","embeddable":true,"href":"https:\/\/huumenatural.com\/sq\/wp-json\/wp\/v2\/product_cat?post=6454"},{"taxonomy":"product_tag","embeddable":true,"href":"https:\/\/huumenatural.com\/sq\/wp-json\/wp\/v2\/product_tag?post=6454"}],"curies":[{"name":"wp","href":"https:\/\/api.w.org\/{rel}","templated":true}]}}